{"id":37184,"date":"2021-09-28T10:00:30","date_gmt":"2021-09-28T10:00:30","guid":{"rendered":"https:\/\/www.headshop.nl\/?post_type=product&#038;p=37184"},"modified":"2022-06-27T08:06:36","modified_gmt":"2022-06-27T08:06:36","slug":"venicon-for-women","status":"publish","type":"product","link":"https:\/\/www.headshop.nl\/pl\/venicon-for-women\/","title":{"rendered":"Venicon dla kobiet"},"content":{"rendered":"<h2 class=\"product_title entry-title\">Venicon Tabletki na seks dla kobiet<\/h2>\n<p>Przez dziesi\u0119ciolecia kobieca przyjemno\u015b\u0107 seksualna by\u0142a przez wi\u0119kszo\u015b\u0107 zaniedbywana. Dlaczego? Wydaje si\u0119, \u017ce nikt tak naprawd\u0119 nie wie! Dzi\u0119ki zabawkom erotycznym dla par przejmuj\u0105cym sypialni\u0119 i nowemu pokoleniu skupionemu na odkrywaniu swojej seksualno\u015bci bez wstydu, nie jest to ju\u017c problemem. W rzeczywisto\u015bci nadszed\u0142 czas, aby kobiety wzi\u0119\u0142y sprawy w swoje r\u0119ce dzi\u0119ki Venicon for Women. Ta pot\u0119\u017cna pigu\u0142ka doda ci pewno\u015bci siebie w swoim ciele i \u017cyciu seksualnym - nie wspominaj\u0105c o zwi\u0119kszonym przep\u0142ywie krwi, satysfakcji i przyjemno\u015bci z ka\u017cdego do\u015bwiadczenia!<\/p>\n<p>Jest to niesamowity produkt, kt\u00f3ry mo\u017ce s\u0142u\u017cy\u0107 jako kolejny wielki dreszczyk emocji. Wystarczy wiedzie\u0107, \u017ce wszystkie te sk\u0142adniki zosta\u0142y zaprojektowane tak, aby stymulowa\u0107 przyjemno\u015b\u0107 seksualn\u0105 w ka\u017cdym mo\u017cliwym punkcie. Pikantny i s\u0142odki z du\u017c\u0105 ilo\u015bci\u0105 alkoholu - ten magiczny eliksir mo\u017ce pom\u00f3c uwolni\u0107 wi\u0119cej ni\u017c tylko twoj\u0105 dzik\u0105 stron\u0119!<\/p>","protected":false},"excerpt":{"rendered":"<p>Zdrowie i zadowolenie z \u017cycia seksualnego jest wa\u017cne, dlatego oferujemy nowy produkt na rynku. Venicon dla kobiet wykorzystuje w pe\u0142ni naturalne sk\u0142adniki z ca\u0142ego \u015bwiata, aby poprawi\u0107 nastr\u00f3j, zapewniaj\u0105c jednocze\u015bnie komfort fizyczny. Ciesz si\u0119 przyp\u0142ywem po\u017c\u0105dania, jakim jest Venicon!<\/p>","protected":false},"featured_media":37153,"template":"","meta":[],"product_brand":[],"product_cat":[395,297,705,384],"product_tag":[],"class_list":{"0":"post-37184","1":"product","2":"type-product","3":"status-publish","4":"has-post-thumbnail","6":"product_cat-aphrodisiacs","7":"product_cat-all-products","8":"product_cat-sex-shop","9":"product_cat-smartshop","11":"first","12":"instock","13":"taxable","14":"shipping-taxable","15":"purchasable","16":"product-type-simple"},"_links":{"self":[{"href":"https:\/\/www.headshop.nl\/pl\/wp-json\/wp\/v2\/product\/37184","targetHints":{"allow":["GET"]}}],"collection":[{"href":"https:\/\/www.headshop.nl\/pl\/wp-json\/wp\/v2\/product"}],"about":[{"href":"https:\/\/www.headshop.nl\/pl\/wp-json\/wp\/v2\/types\/product"}],"wp:featuredmedia":[{"embeddable":true,"href":"https:\/\/www.headshop.nl\/pl\/wp-json\/wp\/v2\/media\/37153"}],"wp:attachment":[{"href":"https:\/\/www.headshop.nl\/pl\/wp-json\/wp\/v2\/media?parent=37184"}],"wp:term":[{"taxonomy":"product_brand","embeddable":true,"href":"https:\/\/www.headshop.nl\/pl\/wp-json\/wp\/v2\/product_brand?post=37184"},{"taxonomy":"product_cat","embeddable":true,"href":"https:\/\/www.headshop.nl\/pl\/wp-json\/wp\/v2\/product_cat?post=37184"},{"taxonomy":"product_tag","embeddable":true,"href":"https:\/\/www.headshop.nl\/pl\/wp-json\/wp\/v2\/product_tag?post=37184"}],"curies":[{"name":"wp","href":"https:\/\/api.w.org\/{rel}","templated":true}]}}