{"id":37182,"date":"2021-09-28T09:55:38","date_gmt":"2021-09-28T09:55:38","guid":{"rendered":"https:\/\/www.headshop.nl\/?post_type=product&#038;p=37182"},"modified":"2023-12-04T07:26:30","modified_gmt":"2023-12-04T07:26:30","slug":"camagra-for-women","status":"publish","type":"product","link":"https:\/\/www.headshop.nl\/pl\/camagra-for-women\/","title":{"rendered":"Camagra dla kobiet"},"content":{"rendered":"<h2 class=\"product_title entry-title\">Camagra Tabletki na seks dla kobiet<\/h2>\n<p>Teraz to Ty jeste\u015b gwiazd\u0105 z Camagra dla kobiet! Przygotuj si\u0119 na wykrzykiwanie jego imienia, poniewa\u017c teraz Twoje cia\u0142o jest gotowe na ka\u017cdy centymetr! Z ka\u017cdym dotykiem Twoja przyjemno\u015b\u0107 jest wzmacniana i intensyfikowana. Czy\u017c nie tego w\u0142a\u015bnie chcesz?<\/p>\n<p>Camagra for Women to super skuteczny zio\u0142owy stymulant seksualny, kt\u00f3ry pomaga zwi\u0119kszy\u0107 prawdopodobie\u0144stwo intensywnego orgazmu podczas seksu! Organiczna formu\u0142a naturalnie stymuluje erogenny przep\u0142yw krwi, czyni\u0105c ci\u0119 wra\u017cliw\u0105 i podekscytowan\u0105. Delikatnie, ale bardzo g\u0142\u0119boko, b\u0119dziesz j\u0119cze\u0107 z przyjemno\u015bci, gdy twoje podniecenie b\u0119dzie narasta\u0107 w tobie.<\/p>","protected":false},"excerpt":{"rendered":"<p>Od momentu powstania Camagra for Women jest to jeden z najpopularniejszych naturalnych stymulant\u00f3w seksualnych dla kobiet. Zio\u0142owa formu\u0142a jest tak inteligentnym i innowacyjnym sposobem na czerpanie wi\u0119kszej przyjemno\u015bci z seksu z partnerem lub po prostu na w\u0142asn\u0105 r\u0119k\u0119 ni\u017c kiedykolwiek wcze\u015bniej!<\/p>","protected":false},"featured_media":37149,"template":"","meta":[],"product_brand":[],"product_cat":[395,297,705,384],"product_tag":[],"class_list":{"0":"post-37182","1":"product","2":"type-product","3":"status-publish","4":"has-post-thumbnail","6":"product_cat-aphrodisiacs","7":"product_cat-all-products","8":"product_cat-sex-shop","9":"product_cat-smartshop","11":"first","12":"instock","13":"taxable","14":"shipping-taxable","15":"purchasable","16":"product-type-simple"},"_links":{"self":[{"href":"https:\/\/www.headshop.nl\/pl\/wp-json\/wp\/v2\/product\/37182","targetHints":{"allow":["GET"]}}],"collection":[{"href":"https:\/\/www.headshop.nl\/pl\/wp-json\/wp\/v2\/product"}],"about":[{"href":"https:\/\/www.headshop.nl\/pl\/wp-json\/wp\/v2\/types\/product"}],"wp:featuredmedia":[{"embeddable":true,"href":"https:\/\/www.headshop.nl\/pl\/wp-json\/wp\/v2\/media\/37149"}],"wp:attachment":[{"href":"https:\/\/www.headshop.nl\/pl\/wp-json\/wp\/v2\/media?parent=37182"}],"wp:term":[{"taxonomy":"product_brand","embeddable":true,"href":"https:\/\/www.headshop.nl\/pl\/wp-json\/wp\/v2\/product_brand?post=37182"},{"taxonomy":"product_cat","embeddable":true,"href":"https:\/\/www.headshop.nl\/pl\/wp-json\/wp\/v2\/product_cat?post=37182"},{"taxonomy":"product_tag","embeddable":true,"href":"https:\/\/www.headshop.nl\/pl\/wp-json\/wp\/v2\/product_tag?post=37182"}],"curies":[{"name":"wp","href":"https:\/\/api.w.org\/{rel}","templated":true}]}}