{"id":37180,"date":"2021-09-28T09:52:14","date_gmt":"2021-09-28T09:52:14","guid":{"rendered":"https:\/\/www.headshop.nl\/?post_type=product&#038;p=37180"},"modified":"2023-12-04T07:26:41","modified_gmt":"2023-12-04T07:26:41","slug":"camagra-for-men","status":"publish","type":"product","link":"https:\/\/www.headshop.nl\/pl\/camagra-for-men\/","title":{"rendered":"Camagra dla Men"},"content":{"rendered":"<h2 class=\"product_title entry-title\">Camagra Sex Pills dla Men<\/h2>\n<p>Chcesz przenie\u015b\u0107 swoje \u017cycie mi\u0142osne na wy\u017cszy poziom? By\u0107 mo\u017ce czujesz, \u017ce co\u015b jest nie tak, ale wymyka Ci si\u0119 to z r\u0105k. Czego mo\u017ce brakowa\u0107? C\u00f3\u017c, badania pokazuj\u0105, \u017ce zdrowy pop\u0119d seksualny jest niezb\u0119dny zar\u00f3wno dla m\u0119\u017cczyzn, jak i kobiet - kto chce niespe\u0142nionej sesji w sypialni? Nasza osobista rekomendacja: Camagra za Men!<\/p>\n<p>Mo\u017ce pom\u00f3c w unikni\u0119ciu zaburze\u0144 erekcji i zwi\u0119kszy libido, dzi\u0119ki czemu b\u0119dziesz cieszy\u0107 si\u0119 doznaniami bardziej ni\u017c kiedykolwiek wcze\u015bniej. Dzi\u0119ki ostro\u017cnemu przyjmowaniu tych prostych sk\u0142adnik\u00f3w zwi\u0119kszy si\u0119 przep\u0142yw krwi w ca\u0142ym ciele, a tak\u017ce odpr\u0119\u017cenie psychiczne. Rezultat: lepsza sprawno\u015b\u0107 seksualna i satysfakcja!<\/p>\n<p>Je\u015bli szukasz wi\u0119kszej intymno\u015bci, zr\u00f3b sobie przys\u0142ug\u0119 i zacznij u\u017cywa\u0107 Camagra.<\/p>","protected":false},"excerpt":{"rendered":"<p>Czas wzi\u0105\u0107 sprawy w swoje r\u0119ce. Wiedza o tym, co zrobi\u0107, aby osi\u0105gn\u0105\u0107 najlepsze rezultaty nigdy nie by\u0142a \u0142atwiejsza! Ten produkt pomo\u017ce Twojemu cia\u0142u, umys\u0142owi i libido wsp\u00f3\u0142pracowa\u0107 bardziej efektywnie, aby\u015b m\u00f3g\u0142 cieszy\u0107 si\u0119 niesamowitymi doznaniami bez \u017cadnej czkawki!<\/p>","protected":false},"featured_media":37155,"template":"","meta":[],"product_brand":[],"product_cat":[395,297,705,384],"product_tag":[],"class_list":{"0":"post-37180","1":"product","2":"type-product","3":"status-publish","4":"has-post-thumbnail","6":"product_cat-aphrodisiacs","7":"product_cat-all-products","8":"product_cat-sex-shop","9":"product_cat-smartshop","11":"first","12":"instock","13":"taxable","14":"shipping-taxable","15":"purchasable","16":"product-type-simple"},"_links":{"self":[{"href":"https:\/\/www.headshop.nl\/pl\/wp-json\/wp\/v2\/product\/37180","targetHints":{"allow":["GET"]}}],"collection":[{"href":"https:\/\/www.headshop.nl\/pl\/wp-json\/wp\/v2\/product"}],"about":[{"href":"https:\/\/www.headshop.nl\/pl\/wp-json\/wp\/v2\/types\/product"}],"wp:featuredmedia":[{"embeddable":true,"href":"https:\/\/www.headshop.nl\/pl\/wp-json\/wp\/v2\/media\/37155"}],"wp:attachment":[{"href":"https:\/\/www.headshop.nl\/pl\/wp-json\/wp\/v2\/media?parent=37180"}],"wp:term":[{"taxonomy":"product_brand","embeddable":true,"href":"https:\/\/www.headshop.nl\/pl\/wp-json\/wp\/v2\/product_brand?post=37180"},{"taxonomy":"product_cat","embeddable":true,"href":"https:\/\/www.headshop.nl\/pl\/wp-json\/wp\/v2\/product_cat?post=37180"},{"taxonomy":"product_tag","embeddable":true,"href":"https:\/\/www.headshop.nl\/pl\/wp-json\/wp\/v2\/product_tag?post=37180"}],"curies":[{"name":"wp","href":"https:\/\/api.w.org\/{rel}","templated":true}]}}