{"id":37178,"date":"2021-09-28T09:23:59","date_gmt":"2021-09-28T09:23:59","guid":{"rendered":"https:\/\/www.headshop.nl\/?post_type=product&#038;p=37178"},"modified":"2022-06-27T08:07:38","modified_gmt":"2022-06-27T08:07:38","slug":"black-stone-spray","status":"publish","type":"product","link":"https:\/\/www.headshop.nl\/pl\/black-stone-spray\/","title":{"rendered":"Black Stone Spray"},"content":{"rendered":"<h2 class=\"product_title entry-title\">Black Stone Spray<\/h2>\n<p>Niezale\u017cnie od tego, czy jeste\u015b m\u0142odym m\u0119\u017cczyzn\u0105, kt\u00f3ry chce upewni\u0107 si\u0119, \u017ce mo\u017ce trwa\u0107 d\u0142u\u017cej, starszym d\u017centelmenem, kt\u00f3ry chce odzyska\u0107 m\u0142odo\u015b\u0107 swojej sprawno\u015bci seksualnej, czy nawet kim\u015b z zaburzeniami erekcji - ten spray mo\u017ce by\u0107 dok\u0142adnie tym, czego szuka\u0142e\u015b. Black Stone Spray jest idealny dla m\u0119\u017cczyzn, kt\u00f3rzy chc\u0105 go u\u017cywa\u0107 tylko wtedy, gdy tego potrzebuj\u0105 i zmaksymalizowa\u0107 ka\u017cd\u0105 minut\u0119, jednocze\u015bnie zwi\u0119kszaj\u0105c poziom wra\u017cliwo\u015bci podczas tych minut.<\/p>\n<p>Tw\u00f3rcy Black Stone Spray zadbali o to, by\u015b m\u00f3g\u0142 cieszy\u0107 si\u0119 seksem bez wzgl\u0119du na to, ile czasu chcesz na to po\u015bwi\u0119ci\u0107. Ludzie uwielbiaj\u0105 d\u0142ugotrwa\u0142y seks, a ten spray im to umo\u017cliwia, poniewa\u017c pomaga im op\u00f3\u017ani\u0107 orgazm. Spray jest 100% naturalny i bezpieczny do stosowania w miejscach intymnych, wi\u0119c na co czekasz? Wypr\u00f3buj ten produkt ju\u017c dzi\u015b!<\/p>","protected":false},"excerpt":{"rendered":"<p>To jak posiadanie zapasowego klucza na tak d\u0142ugo, jak chcesz. Dzi\u0119ki temu wysoce skutecznemu i ca\u0142kowicie naturalnemu rozwi\u0105zaniu mo\u017cesz spowolni\u0107 wszystko bez wzgl\u0119du na sytuacj\u0119! Po prostu na\u0142\u00f3\u017c go na trzon lub kopiec, zanim wszystko si\u0119 rozgrzeje, aby\u015b mia\u0142 jeszcze silniejszy punkt kulminacyjny, gdy nadejdzie w\u0142a\u015bciwy czas!<\/p>","protected":false},"featured_media":37159,"template":"","meta":[],"product_brand":[],"product_cat":[395,297,705,384],"product_tag":[],"class_list":{"0":"post-37178","1":"product","2":"type-product","3":"status-publish","4":"has-post-thumbnail","6":"product_cat-aphrodisiacs","7":"product_cat-all-products","8":"product_cat-sex-shop","9":"product_cat-smartshop","11":"first","12":"instock","13":"taxable","14":"shipping-taxable","15":"purchasable","16":"product-type-simple"},"_links":{"self":[{"href":"https:\/\/www.headshop.nl\/pl\/wp-json\/wp\/v2\/product\/37178","targetHints":{"allow":["GET"]}}],"collection":[{"href":"https:\/\/www.headshop.nl\/pl\/wp-json\/wp\/v2\/product"}],"about":[{"href":"https:\/\/www.headshop.nl\/pl\/wp-json\/wp\/v2\/types\/product"}],"wp:featuredmedia":[{"embeddable":true,"href":"https:\/\/www.headshop.nl\/pl\/wp-json\/wp\/v2\/media\/37159"}],"wp:attachment":[{"href":"https:\/\/www.headshop.nl\/pl\/wp-json\/wp\/v2\/media?parent=37178"}],"wp:term":[{"taxonomy":"product_brand","embeddable":true,"href":"https:\/\/www.headshop.nl\/pl\/wp-json\/wp\/v2\/product_brand?post=37178"},{"taxonomy":"product_cat","embeddable":true,"href":"https:\/\/www.headshop.nl\/pl\/wp-json\/wp\/v2\/product_cat?post=37178"},{"taxonomy":"product_tag","embeddable":true,"href":"https:\/\/www.headshop.nl\/pl\/wp-json\/wp\/v2\/product_tag?post=37178"}],"curies":[{"name":"wp","href":"https:\/\/api.w.org\/{rel}","templated":true}]}}