{"id":37046,"date":"2021-09-28T08:00:35","date_gmt":"2021-09-28T08:00:35","guid":{"rendered":"https:\/\/www.headshop.nl\/?post_type=product&#038;p=37046"},"modified":"2023-09-07T09:52:24","modified_gmt":"2023-09-07T09:52:24","slug":"raspberry-spanish-fly","status":"publish","type":"product","link":"https:\/\/www.headshop.nl\/pl\/raspberry-spanish-fly\/","title":{"rendered":"Raspberry Spanish Fly"},"content":{"rendered":"<h2><span data-sheets-value=\"{&quot;1&quot;:2,&quot;2&quot;:&quot;Raspberry&quot;}\" data-sheets-userformat=\"{&quot;2&quot;:6723,&quot;3&quot;:{&quot;1&quot;:0},&quot;4&quot;:{&quot;1&quot;:2,&quot;2&quot;:16777215},&quot;9&quot;:0,&quot;12&quot;:0,&quot;14&quot;:{&quot;1&quot;:2,&quot;2&quot;:0},&quot;15&quot;:&quot;Arial&quot;}\">Malina <\/span>Flavour Spanish Fly<\/h2>\n<p>Spanish Fly to najpopularniejszy dost\u0119pny obecnie eliksir mi\u0142osny, kt\u00f3ry zajmuje szczeg\u00f3lne miejsce w historii jako jeden z najstarszych zarejestrowanych afrodyzjak\u00f3w. Z Spanish Fly u boku poczujesz si\u0119 podekscytowany, pewny siebie i gotowy na wszystko pod s\u0142o\u0144cem.<\/p>\n<p>Nadszed\u0142 czas, aby zmieni\u0107 sw\u00f3j seksualny status quo i zacz\u0105\u0107 uprawia\u0107 lepszy seks, ni\u017c kiedykolwiek mog\u0142e\u015b sobie wymarzy\u0107. Spanish Fly <span data-sheets-value=\"{&quot;1&quot;:2,&quot;2&quot;:&quot;Raspberry&quot;}\" data-sheets-userformat=\"{&quot;2&quot;:6723,&quot;3&quot;:{&quot;1&quot;:0},&quot;4&quot;:{&quot;1&quot;:2,&quot;2&quot;:16777215},&quot;9&quot;:0,&quot;12&quot;:0,&quot;14&quot;:{&quot;1&quot;:2,&quot;2&quot;:0},&quot;15&quot;:&quot;Arial&quot;}\">Malina <\/span>to idealna alternatywa dla naturalnego afrodyzjaku - zmieni Tw\u00f3j spos\u00f3b postrzegania spraw w sypialni i uchroni Tw\u00f3j zwi\u0105zek przed rozpadem, zanim jeszcze b\u0119dzie mia\u0142 szans\u0119 si\u0119 rozpocz\u0105\u0107.<\/p>","protected":false},"excerpt":{"rendered":"<p>Teraz dost\u0119pny w r<span data-sheets-value=\"{&quot;1&quot;:2,&quot;2&quot;:&quot;Raspberry&quot;}\" data-sheets-userformat=\"{&quot;2&quot;:6723,&quot;3&quot;:{&quot;1&quot;:0},&quot;4&quot;:{&quot;1&quot;:2,&quot;2&quot;:16777215},&quot;9&quot;:0,&quot;12&quot;:0,&quot;14&quot;:{&quot;1&quot;:2,&quot;2&quot;:0},&quot;15&quot;:&quot;Arial&quot;}\">aspberry <\/span>Formu\u0142a Spanish Fly jest prosta, ale bardzo skuteczna. Dodaj niewielk\u0105 kropl\u0119 tego wzmacniacza libido do napoju swojego i partnera i obserwuj, jak ich reakcje zmieniaj\u0105 si\u0119 na lepsze! Dodaj sk\u00f3rk\u0119 do swojego ulubionego napoju, aby urozmaici\u0107 noc!<\/p>","protected":false},"featured_media":37056,"template":"","meta":[],"product_brand":[],"product_cat":[395,297,705,384,718],"product_tag":[],"class_list":{"0":"post-37046","1":"product","2":"type-product","3":"status-publish","4":"has-post-thumbnail","6":"product_cat-aphrodisiacs","7":"product_cat-all-products","8":"product_cat-sex-shop","9":"product_cat-smartshop","10":"product_cat-spanish-fly","12":"first","13":"instock","14":"taxable","15":"shipping-taxable","16":"purchasable","17":"product-type-simple"},"_links":{"self":[{"href":"https:\/\/www.headshop.nl\/pl\/wp-json\/wp\/v2\/product\/37046","targetHints":{"allow":["GET"]}}],"collection":[{"href":"https:\/\/www.headshop.nl\/pl\/wp-json\/wp\/v2\/product"}],"about":[{"href":"https:\/\/www.headshop.nl\/pl\/wp-json\/wp\/v2\/types\/product"}],"wp:featuredmedia":[{"embeddable":true,"href":"https:\/\/www.headshop.nl\/pl\/wp-json\/wp\/v2\/media\/37056"}],"wp:attachment":[{"href":"https:\/\/www.headshop.nl\/pl\/wp-json\/wp\/v2\/media?parent=37046"}],"wp:term":[{"taxonomy":"product_brand","embeddable":true,"href":"https:\/\/www.headshop.nl\/pl\/wp-json\/wp\/v2\/product_brand?post=37046"},{"taxonomy":"product_cat","embeddable":true,"href":"https:\/\/www.headshop.nl\/pl\/wp-json\/wp\/v2\/product_cat?post=37046"},{"taxonomy":"product_tag","embeddable":true,"href":"https:\/\/www.headshop.nl\/pl\/wp-json\/wp\/v2\/product_tag?post=37046"}],"curies":[{"name":"wp","href":"https:\/\/api.w.org\/{rel}","templated":true}]}}