{"id":37038,"date":"2021-09-28T07:38:27","date_gmt":"2021-09-28T07:38:27","guid":{"rendered":"https:\/\/www.headshop.nl\/?post_type=product&#038;p=37038"},"modified":"2022-06-27T08:07:53","modified_gmt":"2022-06-27T08:07:53","slug":"rush-herbal-popper","status":"publish","type":"product","link":"https:\/\/www.headshop.nl\/pl\/rush-herbal-popper\/","title":{"rendered":"Rush Herbal Popper"},"content":{"rendered":"<h2 class=\"product_title entry-title\">Rush Herbal Popper<\/h2>\n<p>Istnieje wiele sposob\u00f3w korzystania z tego zio\u0142owego poppera. Je\u015bli dopiero odkrywasz \u015bwiat seksu analnego, rozlu\u017anij zwieracze z wyprzedzeniem, aby uzyska\u0107 bardziej komfortowe doznania z mniejszym napi\u0119ciem mi\u0119\u015bni. Ten produkt ci to u\u0142atwi!<\/p>\n<p>Jest r\u00f3wnie\u017c idealny, je\u015bli chcesz zachowa\u0107 twardo\u015b\u0107 podczas seksu - szybko rozlu\u017ania penisa i sprawia, \u017ce wszelkie problemy z erekcj\u0105 mo\u017cna natychmiast rozwi\u0105za\u0107 jednym szybkim wytryskiem! Dodatkowo, uczucie bzyczenia jest niesamowitym poprawiaczem nastroju, nawet je\u015bli sprawy w \u0142\u00f3\u017cku nie id\u0105 dobrze. A co najlepsze? Ten popper jest czysto zio\u0142owy, wi\u0119c nadal mo\u017cna go legalnie sprzedawa\u0107!<\/p>","protected":false},"excerpt":{"rendered":"<p>Mi\u0142o\u015b\u0107 jest wsz\u0119dzie, tylko czeka na otwarcie. Wi\u0119c nie wahaj si\u0119 d\u0142u\u017cej! P\u0119d\u017a po do\u015bwiadczenie, kt\u00f3re jest jednocze\u015bnie relaksuj\u0105ce i wybuchowe. Kup ten zio\u0142owy popper, aby wyd\u0142u\u017cy\u0107 czas trwania sesji mi\u0142osnej - upewniaj\u0105c si\u0119, \u017ce masz troch\u0119 wi\u0119cej czasu na odkrywanie siebie nawzajem, pr\u00f3bowanie nowych pozycji, testowanie zabawnych fantazji!<\/p>","protected":false},"featured_media":37129,"template":"","meta":[],"product_brand":[],"product_cat":[395,297,705,384],"product_tag":[],"class_list":{"0":"post-37038","1":"product","2":"type-product","3":"status-publish","4":"has-post-thumbnail","6":"product_cat-aphrodisiacs","7":"product_cat-all-products","8":"product_cat-sex-shop","9":"product_cat-smartshop","11":"first","12":"instock","13":"taxable","14":"shipping-taxable","15":"purchasable","16":"product-type-simple"},"_links":{"self":[{"href":"https:\/\/www.headshop.nl\/pl\/wp-json\/wp\/v2\/product\/37038","targetHints":{"allow":["GET"]}}],"collection":[{"href":"https:\/\/www.headshop.nl\/pl\/wp-json\/wp\/v2\/product"}],"about":[{"href":"https:\/\/www.headshop.nl\/pl\/wp-json\/wp\/v2\/types\/product"}],"wp:featuredmedia":[{"embeddable":true,"href":"https:\/\/www.headshop.nl\/pl\/wp-json\/wp\/v2\/media\/37129"}],"wp:attachment":[{"href":"https:\/\/www.headshop.nl\/pl\/wp-json\/wp\/v2\/media?parent=37038"}],"wp:term":[{"taxonomy":"product_brand","embeddable":true,"href":"https:\/\/www.headshop.nl\/pl\/wp-json\/wp\/v2\/product_brand?post=37038"},{"taxonomy":"product_cat","embeddable":true,"href":"https:\/\/www.headshop.nl\/pl\/wp-json\/wp\/v2\/product_cat?post=37038"},{"taxonomy":"product_tag","embeddable":true,"href":"https:\/\/www.headshop.nl\/pl\/wp-json\/wp\/v2\/product_tag?post=37038"}],"curies":[{"name":"wp","href":"https:\/\/api.w.org\/{rel}","templated":true}]}}