{"id":36852,"date":"2021-09-27T07:50:55","date_gmt":"2021-09-27T07:50:55","guid":{"rendered":"https:\/\/www.headshop.nl\/?post_type=product&#038;p=36852"},"modified":"2024-09-23T11:28:48","modified_gmt":"2024-09-23T11:28:48","slug":"mdma-purity-drug-test","status":"publish","type":"product","link":"https:\/\/www.headshop.nl\/pl\/mdma-purity-drug-test\/","title":{"rendered":"MDMA Purity Drug Test"},"content":{"rendered":"<h2><span data-sheets-value=\"{&quot;1&quot;:2,&quot;2&quot;:&quot;MDMA Purity Drug Test&quot;}\" data-sheets-userformat=\"{&quot;2&quot;:4739,&quot;3&quot;:{&quot;1&quot;:0},&quot;4&quot;:{&quot;1&quot;:2,&quot;2&quot;:15389148},&quot;10&quot;:2,&quot;12&quot;:0,&quot;15&quot;:&quot;Arial&quot;}\">MDMA Purity Drug Test<\/span> od EZ Test<\/h2>\n<p>Zawsze istnieje ciekawo\u015b\u0107 co do legalno\u015bci twoich narkotyk\u00f3w, ale nie powinno by\u0107 tak trudno stwierdzi\u0107, czy mo\u017cesz zaufa\u0107 temu, co bierzesz. Zw\u0142aszcza przy u\u017cyciu czego\u015b takiego jak test na czysto\u015b\u0107 MDMA od EZ Test. B\u0105d\u017a pewny i bezpieczny, nie \u017ca\u0142uj!<\/p>\n<p>EZ Test to dok\u0142adny, niezawodny zestaw do testowania narkotyk\u00f3w, kt\u00f3ry jest bezpieczny w u\u017cyciu. Po\u017cegnaj si\u0119 z niepewno\u015bci\u0105 i przywitaj si\u0119 z wszechwiedz\u0105! EZ Test powie Ci, czy pr\u00f3bka zawiera to, czego potrzebujesz. Nie musisz ju\u017c ufa\u0107 s\u0142owom, zamiast tego zaufaj chemii i faktom!<\/p>\n<p>&nbsp;<\/p>","protected":false},"excerpt":{"rendered":"<p>Czy kiedykolwiek by\u0142e\u015b w sytuacji, w kt\u00f3rej musia\u0142e\u015b znale\u017a\u0107 odpowied\u017a na pytanie: czy moja pr\u00f3bka MDMA zawiera to, czego pragn\u0119? C\u00f3\u017c, je\u015bli tak, ten test narkotykowy jest dla Ciebie! Prosty i dok\u0142adny, mo\u017ce pom\u00f3c zrelaksowa\u0107 si\u0119 bardziej, poniewa\u017c b\u0119dziesz mie\u0107 pewno\u015b\u0107 co do jako\u015bci narkotyk\u00f3w!<\/p>","protected":false},"featured_media":36960,"template":"","meta":[],"product_brand":[],"product_cat":[387,297,384],"product_tag":[],"class_list":{"0":"post-36852","1":"product","2":"type-product","3":"status-publish","4":"has-post-thumbnail","6":"product_cat-drugtests","7":"product_cat-all-products","8":"product_cat-smartshop","9":"product_shipping_class-creditcard-on","11":"first","12":"instock","13":"taxable","14":"shipping-taxable","15":"purchasable","16":"product-type-variable","17":"has-default-attributes"},"_links":{"self":[{"href":"https:\/\/www.headshop.nl\/pl\/wp-json\/wp\/v2\/product\/36852","targetHints":{"allow":["GET"]}}],"collection":[{"href":"https:\/\/www.headshop.nl\/pl\/wp-json\/wp\/v2\/product"}],"about":[{"href":"https:\/\/www.headshop.nl\/pl\/wp-json\/wp\/v2\/types\/product"}],"wp:featuredmedia":[{"embeddable":true,"href":"https:\/\/www.headshop.nl\/pl\/wp-json\/wp\/v2\/media\/36960"}],"wp:attachment":[{"href":"https:\/\/www.headshop.nl\/pl\/wp-json\/wp\/v2\/media?parent=36852"}],"wp:term":[{"taxonomy":"product_brand","embeddable":true,"href":"https:\/\/www.headshop.nl\/pl\/wp-json\/wp\/v2\/product_brand?post=36852"},{"taxonomy":"product_cat","embeddable":true,"href":"https:\/\/www.headshop.nl\/pl\/wp-json\/wp\/v2\/product_cat?post=36852"},{"taxonomy":"product_tag","embeddable":true,"href":"https:\/\/www.headshop.nl\/pl\/wp-json\/wp\/v2\/product_tag?post=36852"}],"curies":[{"name":"wp","href":"https:\/\/api.w.org\/{rel}","templated":true}]}}