{"id":36851,"date":"2021-09-27T07:50:55","date_gmt":"2021-09-27T07:50:55","guid":{"rendered":"https:\/\/www.headshop.nl\/?post_type=product&#038;p=36851"},"modified":"2024-09-23T11:28:47","modified_gmt":"2024-09-23T11:28:47","slug":"opiates-drug-test","status":"publish","type":"product","link":"https:\/\/www.headshop.nl\/pl\/opiates-drug-test\/","title":{"rendered":"Opiates Drug Test"},"content":{"rendered":"<h2><span data-sheets-value=\"{&quot;1&quot;:2,&quot;2&quot;:&quot;Opiates Drug Test&quot;}\" data-sheets-userformat=\"{&quot;2&quot;:4995,&quot;3&quot;:{&quot;1&quot;:0},&quot;4&quot;:{&quot;1&quot;:2,&quot;2&quot;:16043212},&quot;10&quot;:2,&quot;11&quot;:4,&quot;12&quot;:0,&quot;15&quot;:&quot;Arial&quot;}\">Opiates Drug Test<\/span> od EZ Test<\/h2>\n<p>Przygotuj si\u0119 na po\u017cegnanie z wszelk\u0105 niepewno\u015bci\u0105, je\u015bli chodzi o pr\u00f3bk\u0119. Dzi\u0119ki \u0142atwemu w u\u017cyciu i dok\u0142adnemu domowemu testowi narkotykowemu ju\u017c nigdy nie b\u0119dziesz potrzebowa\u0107 nikogo innego (ani niczego innego). Zaufaj sobie z tym innowacyjnym, dyskretnym i prostym zestawem testowym od EZ Test!<\/p>\n<p>&nbsp;<\/p>","protected":false},"excerpt":{"rendered":"<p>Nie wiesz, co za\u017cywasz? Nigdy wi\u0119cej w\u0105tpliwo\u015bci! Nowy zestaw do testowania narkotyk\u00f3w, zaprojektowany specjalnie z my\u015bl\u0105 o Twoich potrzebach. Jest to dok\u0142adny i prosty w u\u017cyciu domowy zestaw testowy, kt\u00f3ry mo\u017ce pom\u00f3c zapewni\u0107 jedn\u0105 rzecz: twoja pr\u00f3bka zawiera to, czego pragniesz. \u015amia\u0142o i poczuj si\u0119 znacznie bezpieczniej dzi\u0119ki naszym zestawom do testowania narkotyk\u00f3w od EZ Test!<\/p>","protected":false},"featured_media":36955,"template":"","meta":[],"product_brand":[],"product_cat":[387,297,384],"product_tag":[],"class_list":{"0":"post-36851","1":"product","2":"type-product","3":"status-publish","4":"has-post-thumbnail","6":"product_cat-drugtests","7":"product_cat-all-products","8":"product_cat-smartshop","9":"product_shipping_class-creditcard-on","11":"first","12":"instock","13":"taxable","14":"shipping-taxable","15":"purchasable","16":"product-type-variable","17":"has-default-attributes"},"_links":{"self":[{"href":"https:\/\/www.headshop.nl\/pl\/wp-json\/wp\/v2\/product\/36851","targetHints":{"allow":["GET"]}}],"collection":[{"href":"https:\/\/www.headshop.nl\/pl\/wp-json\/wp\/v2\/product"}],"about":[{"href":"https:\/\/www.headshop.nl\/pl\/wp-json\/wp\/v2\/types\/product"}],"wp:featuredmedia":[{"embeddable":true,"href":"https:\/\/www.headshop.nl\/pl\/wp-json\/wp\/v2\/media\/36955"}],"wp:attachment":[{"href":"https:\/\/www.headshop.nl\/pl\/wp-json\/wp\/v2\/media?parent=36851"}],"wp:term":[{"taxonomy":"product_brand","embeddable":true,"href":"https:\/\/www.headshop.nl\/pl\/wp-json\/wp\/v2\/product_brand?post=36851"},{"taxonomy":"product_cat","embeddable":true,"href":"https:\/\/www.headshop.nl\/pl\/wp-json\/wp\/v2\/product_cat?post=36851"},{"taxonomy":"product_tag","embeddable":true,"href":"https:\/\/www.headshop.nl\/pl\/wp-json\/wp\/v2\/product_tag?post=36851"}],"curies":[{"name":"wp","href":"https:\/\/api.w.org\/{rel}","templated":true}]}}