{"id":36844,"date":"2021-09-27T07:50:52","date_gmt":"2021-09-27T07:50:52","guid":{"rendered":"https:\/\/www.headshop.nl\/?post_type=product&#038;p=36844"},"modified":"2024-10-17T09:24:27","modified_gmt":"2024-10-17T09:24:27","slug":"ghb-drug-test","status":"publish","type":"product","link":"https:\/\/www.headshop.nl\/pl\/ghb-drug-test\/","title":{"rendered":"GHB Drug Test"},"content":{"rendered":"<h2>GHB Drug Test od EZ Test<\/h2>\n<p>Dzi\u0119ki temu zestawowi do testowania narkotyk\u00f3w mo\u017cesz mie\u0107 pewno\u015b\u0107, \u017ce pr\u00f3bka jest taka, jak chcesz. Jest bezpieczny, niezawodny i dok\u0142adny.<\/p>\n<p>Zawiera proste instrukcje dotycz\u0105ce korzystania z zestaw\u00f3w testowych, dzi\u0119ki czemu ka\u017cdy czuje si\u0119 komfortowo podczas ich u\u017cywania, co jest niezb\u0119dne, je\u015bli chcesz zaufa\u0107 swojej pr\u00f3bce!<\/p>\n<p>&nbsp;<\/p>","protected":false},"excerpt":{"rendered":"<p>Dla ka\u017cdego, kto chce sprawdzi\u0107, co za\u017cywa, dost\u0119pny jest dok\u0142adny domowy zestaw testowy. GHB Drug Test od EZ Test zapewnia spok\u00f3j ducha, dzi\u0119ki czemu wiesz, \u017ce Twoja pr\u00f3bka zawiera tylko po\u017c\u0105dany pierwiastek. Jest wystarczaj\u0105co prosty w u\u017cyciu i dok\u0142adny, nie ma nic lepszego ni\u017c czu\u0107 si\u0119 bezpieczniej, wiedz\u0105c dok\u0142adnie, co wk\u0142adasz do swojego cia\u0142a!<\/p>","protected":false},"featured_media":36962,"template":"","meta":[],"product_brand":[],"product_cat":[387,297,384],"product_tag":[],"class_list":{"0":"post-36844","1":"product","2":"type-product","3":"status-publish","4":"has-post-thumbnail","6":"product_cat-drugtests","7":"product_cat-all-products","8":"product_cat-smartshop","9":"product_shipping_class-creditcard-on","11":"first","12":"instock","13":"taxable","14":"shipping-taxable","15":"purchasable","16":"product-type-variable","17":"has-default-attributes"},"_links":{"self":[{"href":"https:\/\/www.headshop.nl\/pl\/wp-json\/wp\/v2\/product\/36844","targetHints":{"allow":["GET"]}}],"collection":[{"href":"https:\/\/www.headshop.nl\/pl\/wp-json\/wp\/v2\/product"}],"about":[{"href":"https:\/\/www.headshop.nl\/pl\/wp-json\/wp\/v2\/types\/product"}],"wp:featuredmedia":[{"embeddable":true,"href":"https:\/\/www.headshop.nl\/pl\/wp-json\/wp\/v2\/media\/36962"}],"wp:attachment":[{"href":"https:\/\/www.headshop.nl\/pl\/wp-json\/wp\/v2\/media?parent=36844"}],"wp:term":[{"taxonomy":"product_brand","embeddable":true,"href":"https:\/\/www.headshop.nl\/pl\/wp-json\/wp\/v2\/product_brand?post=36844"},{"taxonomy":"product_cat","embeddable":true,"href":"https:\/\/www.headshop.nl\/pl\/wp-json\/wp\/v2\/product_cat?post=36844"},{"taxonomy":"product_tag","embeddable":true,"href":"https:\/\/www.headshop.nl\/pl\/wp-json\/wp\/v2\/product_tag?post=36844"}],"curies":[{"name":"wp","href":"https:\/\/api.w.org\/{rel}","templated":true}]}}