{"id":36819,"date":"2021-09-27T07:50:39","date_gmt":"2021-09-27T07:50:39","guid":{"rendered":"https:\/\/www.headshop.nl\/?post_type=product&#038;p=36819"},"modified":"2024-09-23T11:28:52","modified_gmt":"2024-09-23T11:28:52","slug":"cocaine-purity-drug-test","status":"publish","type":"product","link":"https:\/\/www.headshop.nl\/pl\/cocaine-purity-drug-test\/","title":{"rendered":"Cocaine Purity Drug Test"},"content":{"rendered":"<h2><span data-sheets-value=\"{&quot;1&quot;:2,&quot;2&quot;:&quot;Cocaine Purity Drug Test&quot;}\" data-sheets-userformat=\"{&quot;2&quot;:4995,&quot;3&quot;:{&quot;1&quot;:0},&quot;4&quot;:{&quot;1&quot;:2,&quot;2&quot;:16043212},&quot;10&quot;:2,&quot;11&quot;:4,&quot;12&quot;:0,&quot;15&quot;:&quot;Arial&quot;}\">Cocaine Purity Drug Test <\/span>od EZ Test<\/h2>\n<p>Nie zawsze mo\u017cna ufa\u0107 ludziom, \u017ce s\u0105 dok\u0142adni, gdy m\u00f3wi\u0105 ci, co jest w ich narkotykach. Zw\u0142aszcza je\u015bli chodzi o czysto\u015b\u0107 ich narkotyk\u00f3w, prawda?<\/p>\n<p>Je\u015bli szukasz czego\u015b bardziej konkretnego, zalecamy zestaw EZ Test Cocaine Purity Drug Test, poniewa\u017c przynajmniej dzi\u0119ki temu testowi wiesz, \u017ce pr\u00f3bka zawiera to, co m\u00f3wi, a jednocze\u015bnie pozwala okre\u015bli\u0107, jak czysta jest pr\u00f3bka!<\/p>\n<p>&nbsp;<\/p>","protected":false},"excerpt":{"rendered":"<p>Wiedz, \u017ce otrzymujesz najczystszy towar z tym Cocaine Purity Drug Test od EZ Test. Dawno min\u0119\u0142y czasy, kiedy u\u017cytkownicy narkotyk\u00f3w musieli zgadywa\u0107, co jest w ich produkcie! Ten niesamowity produkt da ci pewno\u015b\u0107 za ka\u017cdym razem. Poka\u017c, czy \u015bnieg jest wysokiej czysto\u015bci dzi\u0119ki temu dok\u0142adnemu zestawowi do testowania narkotyk\u00f3w od EZ Test!<\/p>","protected":false},"featured_media":36921,"template":"","meta":[],"product_brand":[],"product_cat":[387,297,384],"product_tag":[],"class_list":{"0":"post-36819","1":"product","2":"type-product","3":"status-publish","4":"has-post-thumbnail","6":"product_cat-drugtests","7":"product_cat-all-products","8":"product_cat-smartshop","9":"product_shipping_class-creditcard-on","11":"first","12":"instock","13":"taxable","14":"shipping-taxable","15":"purchasable","16":"product-type-variable","17":"has-default-attributes"},"_links":{"self":[{"href":"https:\/\/www.headshop.nl\/pl\/wp-json\/wp\/v2\/product\/36819","targetHints":{"allow":["GET"]}}],"collection":[{"href":"https:\/\/www.headshop.nl\/pl\/wp-json\/wp\/v2\/product"}],"about":[{"href":"https:\/\/www.headshop.nl\/pl\/wp-json\/wp\/v2\/types\/product"}],"wp:featuredmedia":[{"embeddable":true,"href":"https:\/\/www.headshop.nl\/pl\/wp-json\/wp\/v2\/media\/36921"}],"wp:attachment":[{"href":"https:\/\/www.headshop.nl\/pl\/wp-json\/wp\/v2\/media?parent=36819"}],"wp:term":[{"taxonomy":"product_brand","embeddable":true,"href":"https:\/\/www.headshop.nl\/pl\/wp-json\/wp\/v2\/product_brand?post=36819"},{"taxonomy":"product_cat","embeddable":true,"href":"https:\/\/www.headshop.nl\/pl\/wp-json\/wp\/v2\/product_cat?post=36819"},{"taxonomy":"product_tag","embeddable":true,"href":"https:\/\/www.headshop.nl\/pl\/wp-json\/wp\/v2\/product_tag?post=36819"}],"curies":[{"name":"wp","href":"https:\/\/api.w.org\/{rel}","templated":true}]}}