{"id":36811,"date":"2021-09-27T07:50:36","date_gmt":"2021-09-27T07:50:36","guid":{"rendered":"https:\/\/www.headshop.nl\/?post_type=product&#038;p=36811"},"modified":"2024-11-21T09:09:16","modified_gmt":"2024-11-21T09:09:16","slug":"thc-drug-test","status":"publish","type":"product","link":"https:\/\/www.headshop.nl\/pl\/thc-drug-test\/","title":{"rendered":"THC Drug Test"},"content":{"rendered":"<h2>THC Drug Test od EZ Test<\/h2>\n<p>Je\u015bli chcesz wiedzie\u0107, czy pr\u00f3bka zawiera po\u017c\u0105dane sk\u0142adniki, ten test Ci to powie. Je\u015bli wszystko p\u00f3jdzie dobrze, mo\u017ce pom\u00f3c zapewni\u0107 jedn\u0105 rzecz: pr\u00f3bka zawiera to, czego oczekujesz (lub nie zawiera?!). Koniec ze zgadywaniem! Zapobiegaj wpadkom, wykonuj\u0105c prosty test narkotykowy z EZ Test, zanim b\u0119dzie za p\u00f3\u017ano, dzi\u0119ki dok\u0142adnym i bezpiecznym zestawom testowym!<\/p>\n<p>&nbsp;<\/p>","protected":false},"excerpt":{"rendered":"<p>Ostatni\u0105 rzecz\u0105, jakiej chcesz, jest palenie marihuany, kt\u00f3ra w rzeczywisto\u015bci nie zawiera THC, prawda? Test THC Drug Test od EZ Test to szybki i \u0142atwy spos\u00f3b na okre\u015blenie, czy pr\u00f3bka zawiera po\u017c\u0105dany sk\u0142adnik w dowolnym p\u0105ku lub innym produkcie z konopi indyjskich.<\/p>","protected":false},"featured_media":36913,"template":"","meta":[],"product_brand":[],"product_cat":[387,297,384],"product_tag":[],"class_list":{"0":"post-36811","1":"product","2":"type-product","3":"status-publish","4":"has-post-thumbnail","6":"product_cat-drugtests","7":"product_cat-all-products","8":"product_cat-smartshop","9":"product_shipping_class-creditcard-on","11":"first","12":"instock","13":"taxable","14":"shipping-taxable","15":"purchasable","16":"product-type-variable","17":"has-default-attributes"},"_links":{"self":[{"href":"https:\/\/www.headshop.nl\/pl\/wp-json\/wp\/v2\/product\/36811","targetHints":{"allow":["GET"]}}],"collection":[{"href":"https:\/\/www.headshop.nl\/pl\/wp-json\/wp\/v2\/product"}],"about":[{"href":"https:\/\/www.headshop.nl\/pl\/wp-json\/wp\/v2\/types\/product"}],"wp:featuredmedia":[{"embeddable":true,"href":"https:\/\/www.headshop.nl\/pl\/wp-json\/wp\/v2\/media\/36913"}],"wp:attachment":[{"href":"https:\/\/www.headshop.nl\/pl\/wp-json\/wp\/v2\/media?parent=36811"}],"wp:term":[{"taxonomy":"product_brand","embeddable":true,"href":"https:\/\/www.headshop.nl\/pl\/wp-json\/wp\/v2\/product_brand?post=36811"},{"taxonomy":"product_cat","embeddable":true,"href":"https:\/\/www.headshop.nl\/pl\/wp-json\/wp\/v2\/product_cat?post=36811"},{"taxonomy":"product_tag","embeddable":true,"href":"https:\/\/www.headshop.nl\/pl\/wp-json\/wp\/v2\/product_tag?post=36811"}],"curies":[{"name":"wp","href":"https:\/\/api.w.org\/{rel}","templated":true}]}}