{"id":36803,"date":"2021-09-27T07:50:31","date_gmt":"2021-09-27T07:50:31","guid":{"rendered":"https:\/\/www.headshop.nl\/?post_type=product&#038;p=36803"},"modified":"2024-09-23T11:28:54","modified_gmt":"2024-09-23T11:28:54","slug":"lsd-drug-test","status":"publish","type":"product","link":"https:\/\/www.headshop.nl\/pl\/lsd-drug-test\/","title":{"rendered":"LSD Drug Test"},"content":{"rendered":"<h2>LSD Drug Test od EZ Test<\/h2>\n<p>Niech Twoja weekendowa impreza b\u0119dzie tak niesamowita, jak to tylko mo\u017cliwe! U\u017cyj LSD Drug Test od EZ Test, aby upewni\u0107 si\u0119, \u017ce wiesz, w co si\u0119 pakujesz. Domowe zestawy do testowania narkotyk\u00f3w zapewniaj\u0105ce proste i szybkie wyniki, kt\u00f3re s\u0105 \u0142atwe i bezpieczne w u\u017cyciu, pozwol\u0105 Ci zachowa\u0107 spok\u00f3j i poczucie bezpiecze\u0144stwa.<\/p>\n<p>Idealna rzecz dla ka\u017cdego ciekawskiego imprezowego zwierzaka, ten test jest konieczno\u015bci\u0105 dla ka\u017cdego, kto chce si\u0119 dobrze bawi\u0107. Spok\u00f3j ducha nigdy nie by\u0142 tak przyjemny - zdob\u0105d\u017a go ju\u017c dzi\u015b!<\/p>\n<p>&nbsp;<\/p>","protected":false},"excerpt":{"rendered":"<p>Chcesz by\u0107 pewny tego, co bierzesz? Nie zgaduj, przetestuj! EZ Tests LSD Drug Test to dok\u0142adny i niedrogi zestaw do testowania narkotyk\u00f3w, kt\u00f3ry mo\u017ce dok\u0142adnie okre\u015bli\u0107, czy pr\u00f3bka zawiera to, czego pragniesz. Ciesz si\u0119 bezpiecze\u0144stwem wiedz\u0105c, co wprowadzasz do swojego organizmu dzi\u0119ki \u0142atwym w u\u017cyciu domowym zestawom testowym od EZ Test.<\/p>","protected":false},"featured_media":36908,"template":"","meta":[],"product_brand":[],"product_cat":[387,297,384],"product_tag":[],"class_list":{"0":"post-36803","1":"product","2":"type-product","3":"status-publish","4":"has-post-thumbnail","6":"product_cat-drugtests","7":"product_cat-all-products","8":"product_cat-smartshop","9":"product_shipping_class-creditcard-on","11":"first","12":"instock","13":"taxable","14":"shipping-taxable","15":"purchasable","16":"product-type-variable","17":"has-default-attributes"},"_links":{"self":[{"href":"https:\/\/www.headshop.nl\/pl\/wp-json\/wp\/v2\/product\/36803","targetHints":{"allow":["GET"]}}],"collection":[{"href":"https:\/\/www.headshop.nl\/pl\/wp-json\/wp\/v2\/product"}],"about":[{"href":"https:\/\/www.headshop.nl\/pl\/wp-json\/wp\/v2\/types\/product"}],"wp:featuredmedia":[{"embeddable":true,"href":"https:\/\/www.headshop.nl\/pl\/wp-json\/wp\/v2\/media\/36908"}],"wp:attachment":[{"href":"https:\/\/www.headshop.nl\/pl\/wp-json\/wp\/v2\/media?parent=36803"}],"wp:term":[{"taxonomy":"product_brand","embeddable":true,"href":"https:\/\/www.headshop.nl\/pl\/wp-json\/wp\/v2\/product_brand?post=36803"},{"taxonomy":"product_cat","embeddable":true,"href":"https:\/\/www.headshop.nl\/pl\/wp-json\/wp\/v2\/product_cat?post=36803"},{"taxonomy":"product_tag","embeddable":true,"href":"https:\/\/www.headshop.nl\/pl\/wp-json\/wp\/v2\/product_tag?post=36803"}],"curies":[{"name":"wp","href":"https:\/\/api.w.org\/{rel}","templated":true}]}}