{"id":36795,"date":"2021-09-27T07:50:28","date_gmt":"2021-09-27T07:50:28","guid":{"rendered":"https:\/\/www.headshop.nl\/?post_type=product&#038;p=36795"},"modified":"2024-09-23T11:28:54","modified_gmt":"2024-09-23T11:28:54","slug":"cocaine-drug-test","status":"publish","type":"product","link":"https:\/\/www.headshop.nl\/pl\/cocaine-drug-test\/","title":{"rendered":"Cocaine Drug Test"},"content":{"rendered":"<h2>Cocaine Drug Test od EZ Test<\/h2>\n<p>Dzi\u0119ki EZ Tests nie musisz ju\u017c kupowa\u0107 czego\u015b i ryzykowa\u0107 niepewno\u015bci; oferujemy bezpieczne i dok\u0142adne testy narkotykowe w przyst\u0119pnej cenie. Zachowaj ostro\u017cno\u015b\u0107 przy zakupie narkotyk\u00f3w bez zachowania \u015brodk\u00f3w ostro\u017cno\u015bci, poniewa\u017c kto wie, co mo\u017ce si\u0119 w nich znajdowa\u0107?<\/p>\n<p>Gwarantuje dok\u0142adne i precyzyjne testowanie przedmiot\u00f3w w laboratorium. Sprawd\u017a informacje o tym, co pr\u00f3bujesz na prostym blogu na stronie EZ Test, zanurz niewielk\u0105 ilo\u015b\u0107 swojej \"pr\u00f3bki\". Dowiesz si\u0119, czy to jest to, czego chcesz, czy nie, w ci\u0105gu zaledwie jednej minuty!<\/p>\n<p>&nbsp;<\/p>","protected":false},"excerpt":{"rendered":"<p>My\u015blisz, \u017ce sobie poradzisz, co? C\u00f3\u017c, teraz \u0142atwo si\u0119 o tym przekona\u0107 dzi\u0119ki Cocaine Drug Test od EZ Test! Poczuj si\u0119 pewnie wiedz\u0105c, co zawiera Tw\u00f3j proszek lub pigu\u0142ka dzi\u0119ki naszym dok\u0142adnym i prostym testom. B\u0105d\u017a pewien swojego produktu: zestawy do testowania narkotyk\u00f3w zapewniaj\u0105 bezpieczniejsze rozwi\u0105zanie ni\u017c niepewne zakupy.<\/p>","protected":false},"featured_media":36906,"template":"","meta":[],"product_brand":[],"product_cat":[387,297,384],"product_tag":[],"class_list":{"0":"post-36795","1":"product","2":"type-product","3":"status-publish","4":"has-post-thumbnail","6":"product_cat-drugtests","7":"product_cat-all-products","8":"product_cat-smartshop","9":"product_shipping_class-creditcard-on","11":"first","12":"instock","13":"taxable","14":"shipping-taxable","15":"purchasable","16":"product-type-variable","17":"has-default-attributes"},"_links":{"self":[{"href":"https:\/\/www.headshop.nl\/pl\/wp-json\/wp\/v2\/product\/36795","targetHints":{"allow":["GET"]}}],"collection":[{"href":"https:\/\/www.headshop.nl\/pl\/wp-json\/wp\/v2\/product"}],"about":[{"href":"https:\/\/www.headshop.nl\/pl\/wp-json\/wp\/v2\/types\/product"}],"wp:featuredmedia":[{"embeddable":true,"href":"https:\/\/www.headshop.nl\/pl\/wp-json\/wp\/v2\/media\/36906"}],"wp:attachment":[{"href":"https:\/\/www.headshop.nl\/pl\/wp-json\/wp\/v2\/media?parent=36795"}],"wp:term":[{"taxonomy":"product_brand","embeddable":true,"href":"https:\/\/www.headshop.nl\/pl\/wp-json\/wp\/v2\/product_brand?post=36795"},{"taxonomy":"product_cat","embeddable":true,"href":"https:\/\/www.headshop.nl\/pl\/wp-json\/wp\/v2\/product_cat?post=36795"},{"taxonomy":"product_tag","embeddable":true,"href":"https:\/\/www.headshop.nl\/pl\/wp-json\/wp\/v2\/product_tag?post=36795"}],"curies":[{"name":"wp","href":"https:\/\/api.w.org\/{rel}","templated":true}]}}