{"id":36787,"date":"2021-09-27T07:50:26","date_gmt":"2021-09-27T07:50:26","guid":{"rendered":"https:\/\/www.headshop.nl\/?post_type=product&#038;p=36787"},"modified":"2024-09-23T11:28:55","modified_gmt":"2024-09-23T11:28:55","slug":"cocaine-cuts-drug-test","status":"publish","type":"product","link":"https:\/\/www.headshop.nl\/pl\/cocaine-cuts-drug-test\/","title":{"rendered":"Cocaine Cuts Drug Test"},"content":{"rendered":"<h2>Cocaine Cuts Drug Test od EZ Test<\/h2>\n<p>Zestaw EZ Test Cocaine Cuts Drug Test to doskona\u0142e narz\u0119dzie, kt\u00f3re pomo\u017ce Ci ustrzec si\u0119 przed potencjalnymi zagro\u017ceniami, niezale\u017cnie od Twoich preferencji lub przekona\u0144. Na przyk\u0142ad, je\u015bli nie masz pewno\u015bci co do tego, jakie substancje znajduj\u0105 si\u0119 w narkotykach, kt\u00f3re zosta\u0142y poci\u0119te materia\u0142ami wype\u0142niaj\u0105cymi, ten test szybko wska\u017ce, czy nale\u017cy je uzna\u0107 za ryzykowne.<\/p>\n<p>Ten zestaw zawiera jeden zestaw do u\u017cytku indywidualnego - nigdy nie kupuj narkotyku bez uprzedniego przetestowania go! Do\u0142\u0105czamy wszystkie niezb\u0119dne narz\u0119dzia i wiele wi\u0119cej, dzi\u0119ki czemu zawsze mo\u017cesz by\u0107 pewien, co znajduje si\u0119 w ka\u017cdym produkcie przed jego u\u017cyciem! Testy s\u0105 r\u00f3wnie\u017c niezawodne i bezpieczne, wi\u0119c nic nie stoi na przeszkodzie, aby mie\u0107 pewno\u015b\u0107 co do wszystkich aspekt\u00f3w konsumpcji.<\/p>\n<p>&nbsp;<\/p>","protected":false},"excerpt":{"rendered":"<p>Cocaine Cuts Drug Test od EZ Test powie Ci, czy Twoja pr\u00f3bka zawiera to, czego pragniesz. Prosty w u\u017cyciu i niezawodny, ten test narkotykowy jest idealny dla spokoju ducha! Dok\u0142adny i szybki - to s\u0142owa, kt\u00f3re znacz\u0105 dla nas najwi\u0119cej, je\u015bli chodzi o testowanie w\u0142asnych pr\u00f3bek produkt\u00f3w. \u015amia\u0142o i poczuj si\u0119 znacznie bezpieczniej dzi\u0119ki dok\u0142adnym i prostym w u\u017cyciu zestawom do testowania narkotyk\u00f3w od EZ Test.<\/p>","protected":false},"featured_media":36897,"template":"","meta":[],"product_brand":[],"product_cat":[387,297,384],"product_tag":[],"class_list":{"0":"post-36787","1":"product","2":"type-product","3":"status-publish","4":"has-post-thumbnail","6":"product_cat-drugtests","7":"product_cat-all-products","8":"product_cat-smartshop","9":"product_shipping_class-creditcard-on","11":"first","12":"instock","13":"taxable","14":"shipping-taxable","15":"purchasable","16":"product-type-variable","17":"has-default-attributes"},"_links":{"self":[{"href":"https:\/\/www.headshop.nl\/pl\/wp-json\/wp\/v2\/product\/36787","targetHints":{"allow":["GET"]}}],"collection":[{"href":"https:\/\/www.headshop.nl\/pl\/wp-json\/wp\/v2\/product"}],"about":[{"href":"https:\/\/www.headshop.nl\/pl\/wp-json\/wp\/v2\/types\/product"}],"wp:featuredmedia":[{"embeddable":true,"href":"https:\/\/www.headshop.nl\/pl\/wp-json\/wp\/v2\/media\/36897"}],"wp:attachment":[{"href":"https:\/\/www.headshop.nl\/pl\/wp-json\/wp\/v2\/media?parent=36787"}],"wp:term":[{"taxonomy":"product_brand","embeddable":true,"href":"https:\/\/www.headshop.nl\/pl\/wp-json\/wp\/v2\/product_brand?post=36787"},{"taxonomy":"product_cat","embeddable":true,"href":"https:\/\/www.headshop.nl\/pl\/wp-json\/wp\/v2\/product_cat?post=36787"},{"taxonomy":"product_tag","embeddable":true,"href":"https:\/\/www.headshop.nl\/pl\/wp-json\/wp\/v2\/product_tag?post=36787"}],"curies":[{"name":"wp","href":"https:\/\/api.w.org\/{rel}","templated":true}]}}