{"id":36779,"date":"2021-09-27T07:33:20","date_gmt":"2021-09-27T07:33:20","guid":{"rendered":"https:\/\/www.headshop.nl\/?post_type=product&#038;p=36779"},"modified":"2024-09-23T11:28:56","modified_gmt":"2024-09-23T11:28:56","slug":"ecstasy-drug-test","status":"publish","type":"product","link":"https:\/\/www.headshop.nl\/pl\/ecstasy-drug-test\/","title":{"rendered":"Ecstasy Drug Test"},"content":{"rendered":"<h2>Ecstasy Drug Test od EZ Test<\/h2>\n<p>Je\u015bli chcesz mie\u0107 pewno\u015b\u0107, \u017ce to, co bierzesz, to ecstasy, to ten Ecstasy Drug Test jest dla Ciebie. Prosty w u\u017cyciu i dok\u0142adny, mo\u017ce pom\u00f3c zapewni\u0107 jedn\u0105 rzecz: twoja pigu\u0142ka zawiera to, czego pragniesz. Podbij \u015bwiat dzi\u0119ki dok\u0142adnym i prostym w u\u017cyciu zestawom do testowania narkotyk\u00f3w od EZ Test.<\/p>\n<p>&nbsp;<\/p>","protected":false},"excerpt":{"rendered":"<p>Zestaw do testowania narkotyk\u00f3w ecstasy jest dok\u0142adnym zestawem testowym do okre\u015blenia, czy pr\u00f3bka zawiera Ecstasy (MDMA) lub jeden z rozcie\u0144czalnik\u00f3w wymienionych powy\u017cej. Niezb\u0119dny, je\u015bli chcesz by\u0107 bezpieczny!<\/p>","protected":false},"featured_media":36895,"template":"","meta":[],"product_brand":[],"product_cat":[387,297,384],"product_tag":[],"class_list":{"0":"post-36779","1":"product","2":"type-product","3":"status-publish","4":"has-post-thumbnail","6":"product_cat-drugtests","7":"product_cat-all-products","8":"product_cat-smartshop","9":"product_shipping_class-creditcard-on","11":"first","12":"instock","13":"taxable","14":"shipping-taxable","15":"purchasable","16":"product-type-variable","17":"has-default-attributes"},"_links":{"self":[{"href":"https:\/\/www.headshop.nl\/pl\/wp-json\/wp\/v2\/product\/36779","targetHints":{"allow":["GET"]}}],"collection":[{"href":"https:\/\/www.headshop.nl\/pl\/wp-json\/wp\/v2\/product"}],"about":[{"href":"https:\/\/www.headshop.nl\/pl\/wp-json\/wp\/v2\/types\/product"}],"wp:featuredmedia":[{"embeddable":true,"href":"https:\/\/www.headshop.nl\/pl\/wp-json\/wp\/v2\/media\/36895"}],"wp:attachment":[{"href":"https:\/\/www.headshop.nl\/pl\/wp-json\/wp\/v2\/media?parent=36779"}],"wp:term":[{"taxonomy":"product_brand","embeddable":true,"href":"https:\/\/www.headshop.nl\/pl\/wp-json\/wp\/v2\/product_brand?post=36779"},{"taxonomy":"product_cat","embeddable":true,"href":"https:\/\/www.headshop.nl\/pl\/wp-json\/wp\/v2\/product_cat?post=36779"},{"taxonomy":"product_tag","embeddable":true,"href":"https:\/\/www.headshop.nl\/pl\/wp-json\/wp\/v2\/product_tag?post=36779"}],"curies":[{"name":"wp","href":"https:\/\/api.w.org\/{rel}","templated":true}]}}