{"id":36349,"date":"2020-08-25T08:07:50","date_gmt":"2020-08-25T08:07:50","guid":{"rendered":"https:\/\/www.headshop.nl\/?post_type=product&#038;p=36349"},"modified":"2026-04-17T13:26:15","modified_gmt":"2026-04-17T13:26:15","slug":"pure-cbd-crystals-99-hempcare","status":"publish","type":"product","link":"https:\/\/www.headshop.nl\/pl\/pure-cbd-crystals-99-hempcare\/","title":{"rendered":"Pure CBD Crystals 99% Hempcare"},"content":{"rendered":"<h2>Czyste krystaliczne CBD z Hempcare (500 mg)<\/h2>\n<p>Je\u015bli szukasz ca\u0142kowicie naturalnych kryszta\u0142\u00f3w CBD, to Hempcare - Pure CBD Crystals 99% jest idealnym wyborem. Nie musisz martwi\u0107 si\u0119 o spo\u017cycie niepo\u017c\u0105danych sk\u0142adnik\u00f3w, poniewa\u017c ten produkt nie zawiera niczego innego ni\u017c czyste kryszta\u0142y CBD wolne od THC!<\/p>\n<p>Hempcare Pure CBD Crystals 99% to nowa generacja coraz bardziej popularnej rutyny. Wystarczy wrzuci\u0107 troch\u0119 do jedzenia, soku lub smoothie. Dzi\u0119ki temu wszechstronnemu produktowi CBD mo\u017cesz przyjmowa\u0107 codzienn\u0105 dawk\u0119 na wiele sposob\u00f3w - i nadal czu\u0107 si\u0119 z tego powodu szcz\u0119\u015bliwym!<\/p>\n<p>Kryszta\u0142y Hempcare s\u0105 ekstrahowane przy u\u017cyciu zaawansowanego ekstraktu SuperCritical CO2 w celu zachowania maksymalnej czysto\u015bci (99%). Badacze holistyczni sugeruj\u0105, \u017ce konopie indyjskie, a dok\u0142adniej kannabinoidy, mog\u0105 by\u0107 korzystne w przypadku r\u00f3\u017cnych chor\u00f3b psychicznych, takich jak l\u0119k i PTSD, poniewa\u017c reguluj\u0105 poziom nastroju, co z kolei zmniejsza niepok\u00f3j.<\/p>","protected":false},"excerpt":{"rendered":"<p>Je\u015bli szukasz ca\u0142kowicie naturalnych kryszta\u0142\u00f3w CBD, to Hempcare - Pure CBD Crystals 99% jest idealnym wyborem. Hempcare wykorzystuje najczystszy proces ekstrakcji, dzi\u0119ki czemu u\u017cytkownicy mog\u0105 cieszy\u0107 si\u0119 korzy\u015bciami p\u0142yn\u0105cymi z konopi i kannabinoid\u00f3w bez \u017cadnych skutk\u00f3w ubocznych lub zanieczyszcze\u0144. Najczystsza dost\u0119pna forma CBD!<\/p>","protected":false},"featured_media":82325,"template":"","meta":[],"product_brand":[],"product_cat":[453,297,451,455,819],"product_tag":[],"class_list":{"0":"post-36349","1":"product","2":"type-product","3":"status-publish","4":"has-post-thumbnail","6":"product_cat-cbd-crystals","7":"product_cat-all-products","8":"product_cat-cbdshop","9":"product_cat-healthshop","10":"product_cat-hempcare","12":"first","13":"instock","14":"taxable","15":"shipping-taxable","16":"purchasable","17":"product-type-simple"},"_links":{"self":[{"href":"https:\/\/www.headshop.nl\/pl\/wp-json\/wp\/v2\/product\/36349","targetHints":{"allow":["GET"]}}],"collection":[{"href":"https:\/\/www.headshop.nl\/pl\/wp-json\/wp\/v2\/product"}],"about":[{"href":"https:\/\/www.headshop.nl\/pl\/wp-json\/wp\/v2\/types\/product"}],"wp:featuredmedia":[{"embeddable":true,"href":"https:\/\/www.headshop.nl\/pl\/wp-json\/wp\/v2\/media\/82325"}],"wp:attachment":[{"href":"https:\/\/www.headshop.nl\/pl\/wp-json\/wp\/v2\/media?parent=36349"}],"wp:term":[{"taxonomy":"product_brand","embeddable":true,"href":"https:\/\/www.headshop.nl\/pl\/wp-json\/wp\/v2\/product_brand?post=36349"},{"taxonomy":"product_cat","embeddable":true,"href":"https:\/\/www.headshop.nl\/pl\/wp-json\/wp\/v2\/product_cat?post=36349"},{"taxonomy":"product_tag","embeddable":true,"href":"https:\/\/www.headshop.nl\/pl\/wp-json\/wp\/v2\/product_tag?post=36349"}],"curies":[{"name":"wp","href":"https:\/\/api.w.org\/{rel}","templated":true}]}}