{"id":36346,"date":"2021-08-25T08:07:46","date_gmt":"2021-08-25T08:07:46","guid":{"rendered":"https:\/\/www.headshop.nl\/?post_type=product&#038;p=36346"},"modified":"2025-02-18T09:02:34","modified_gmt":"2025-02-18T09:02:34","slug":"ruby-cbd-oil-10-hempcare","status":"publish","type":"product","link":"https:\/\/www.headshop.nl\/pl\/ruby-cbd-oil-10-hempcare\/","title":{"rendered":"Ruby CBD Olej (10%) Hempcare"},"content":{"rendered":"<h2>Ruby CBD Oil by Hempcare<\/h2>\n<h2 data-start=\"338\" data-end=\"371\">Czym jest CBD HempCare RUBY 10%?<\/h2>\n<p data-start=\"373\" data-end=\"860\">HempCare RUBY 10% CBD to wysoce skoncentrowany, naturalny olej CBD 100% pochodz\u0105cy z rzadkiej ro\u015bliny konopi, kt\u00f3ra ro\u015bnie w bogatej w minera\u0142y, czerwonej gliniastej glebie w g\u00f3rach. To wyj\u0105tkowe \u015brodowisko przyczynia si\u0119 do rubinowo-czerwonego koloru oleju i jego silnych naturalnych w\u0142a\u015bciwo\u015bci. HempCare RUBY 10% CBD jest bogaty w korzystne kannabinoidy, w tym kannabidiol (CBD), kannabigerol (CBG) i kannabinol (CBN), a tak\u017ce terpeny, flawonoidy i fenole, kt\u00f3re wsp\u00f3\u0142pracuj\u0105 ze sob\u0105, aby naturalnie wspiera\u0107 organizm.<\/p>\n<p data-start=\"862\" data-end=\"1301\">W przeciwie\u0144stwie do innych olejk\u00f3w CBD, HempCare RUBY 10% CBD jest pozyskiwany ze specjalnej odmiany konopi znanej z wy\u017cszego st\u0119\u017cenia beta-kariofilenu, terpenu o silnych w\u0142a\u015bciwo\u015bciach przeciwzapalnych i przeciwb\u00f3lowych. To sprawia, \u017ce HempCare RUBY 10% CBD jest doskona\u0142ym wyborem dla tych, kt\u00f3rzy chc\u0105 z\u0142agodzi\u0107 dyskomfort lub zmniejszy\u0107 stres. Jego naturalny sk\u0142ad zapewnia, \u017ce jest wolny od substancji toksycznych, zapewniaj\u0105c czyste i organiczne doznania.<\/p>\n<h2 data-start=\"1303\" data-end=\"1338\">Historia HempCare RUBY 10% CBD<\/h2>\n<p data-start=\"1340\" data-end=\"1813\">Historia HempCare RUBY 10% CBD zaczyna si\u0119 od uprawy konopi w wyj\u0105tkowym, g\u00f3rzystym regionie, gdzie naturalna czerwona glinka gleby przyczynia si\u0119 do wyj\u0105tkowych w\u0142a\u015bciwo\u015bci ro\u015bliny. HempCare starannie wybiera najlepsze odmiany konopi i stosuje specjalny proces ekstrakcji, aby zachowa\u0107 pe\u0142ne spektrum kannabinoid\u00f3w, terpen\u00f3w i innych niezb\u0119dnych sk\u0142adnik\u00f3w od\u017cywczych. Ro\u015bliny konopi s\u0105 uprawiane bez u\u017cycia pestycyd\u00f3w, co zapewnia czysto\u015b\u0107 i wysok\u0105 jako\u015b\u0107 produktu.<\/p>\n<p data-start=\"1815\" data-end=\"2130\">Z biegiem czasu firma HempCare zyska\u0142a uznanie za produkcj\u0119 najwy\u017cszej jako\u015bci produkt\u00f3w CBD, a olej CBD RUBY 10% wyr\u00f3\u017cnia si\u0119 wysok\u0105 zawarto\u015bci\u0105 terpen\u00f3w i rzadkimi warunkami uprawy. Olej ten nie jest po prostu kolejnym produktem CBD, ale \u015bwiadectwem zaanga\u017cowania HempCare w dostarczanie naprawd\u0119 wyj\u0105tkowych i skutecznych do\u015bwiadcze\u0144 CBD.<\/p>\n<h2 data-start=\"2132\" data-end=\"2167\">Jak stosowa\u0107 HempCare RUBY 10% CBD<\/h2>\n<p data-start=\"2169\" data-end=\"2537\">Aby do\u015bwiadczy\u0107 pe\u0142nych korzy\u015bci p\u0142yn\u0105cych z HempCare RUBY 10% CBD, zaleca si\u0119 rozpocz\u0119cie od 5 kropli dwa razy dziennie pod j\u0119zyk. Olej nale\u017cy trzyma\u0107 pod j\u0119zykiem przez oko\u0142o 20 sekund przed po\u0142kni\u0119ciem, aby umo\u017cliwi\u0107 maksymalne wch\u0142anianie. Wielu u\u017cytkownik\u00f3w zg\u0142asza, \u017ce odczuwa efekty po kilku dniach konsekwentnego stosowania, ale optymalne wyniki mog\u0105 si\u0119 r\u00f3\u017cni\u0107 w zale\u017cno\u015bci od osoby.<\/p>\n<p data-start=\"2539\" data-end=\"2956\">Je\u015bli wyst\u0105pi\u0105 jakiekolwiek dzia\u0142ania niepo\u017c\u0105dane, zaleca si\u0119 zmniejszenie dawki. Jednak organizm wch\u0142onie tylko tyle, ile potrzebuje, a nadmiar zostanie naturalnie wydalony z moczem lub potem. Je\u015bli odczuwasz potrzeb\u0119 silniejszego efektu, mo\u017cesz stopniowo zwi\u0119ksza\u0107 dawk\u0119, aby dostosowa\u0107 j\u0105 do swoich potrzeb. HempCare RUBY 10% CBD oferuje elastyczne podej\u015bcie do stosowania CBD, umo\u017cliwiaj\u0105c dostosowanie w oparciu o osobiste do\u015bwiadczenia.<\/p>\n<h2 data-start=\"2958\" data-end=\"2997\">Sk\u0142adniki HempCare RUBY 10% CBD<\/h2>\n<p data-start=\"2999\" data-end=\"3380\">HempCare RUBY 10% CBD sk\u0142ada si\u0119 z dw\u00f3ch g\u0142\u00f3wnych sk\u0142adnik\u00f3w: oleju z nasion konopi i ekstraktu z konopi. Sk\u0142adniki te wsp\u00f3\u0142pracuj\u0105 ze sob\u0105, aby zapewni\u0107 siln\u0105 mieszank\u0119 kannabinoid\u00f3w, w tym CBD, CBG i CBN, a tak\u017ce r\u00f3\u017cnorodne terpeny, flawonoidy i inne korzystne zwi\u0105zki. W\u0142\u0105czenie oleju z nasion konopi gwarantuje, \u017ce produkt pozostaje organiczny i wolny od szkodliwych chemikali\u00f3w.<\/p>\n<p data-start=\"3382\" data-end=\"3759\">Terpeny zawarte w HempCare RUBY 10% CBD, takie jak bisabolol, s\u0105 znane ze swoich w\u0142a\u015bciwo\u015bci przeciwbakteryjnych i przeciwgrzybiczych, przyczyniaj\u0105c si\u0119 do korzy\u015bci terapeutycznych olejku. Ta kombinacja naturalnych sk\u0142adnik\u00f3w tworzy produkt, kt\u00f3ry jest zar\u00f3wno skuteczny, jak i bezpieczny do codziennego u\u017cytku. Bez toksycznych dodatk\u00f3w, HempCare RUBY 10% CBD zapewnia, \u017ce otrzymujesz tylko to, co najlepsze z natury.<\/p>\n<p data-start=\"3761\" data-end=\"3773\"><strong data-start=\"3761\" data-end=\"3773\">Ostrze\u017cenie:<\/strong><\/p>\n<p data-start=\"3775\" data-end=\"3926\">Przed u\u017cyciem nale\u017cy skonsultowa\u0107 si\u0119 z lekarzem, zw\u0142aszcza w przypadku ci\u0105\u017cy, karmienia piersi\u0105 lub przyjmowania lek\u00f3w. Nie nale\u017cy przekracza\u0107 zalecanej dawki.<\/p>\n<p data-start=\"3934\" data-end=\"4234\" data-is-last-node=\"\">HempCare RUBY 10% CBD to wyj\u0105tkowy i skuteczny produkt, kt\u00f3ry \u0142\u0105czy naturalne w\u0142a\u015bciwo\u015bci lecznicze konopi z nowoczesn\u0105 nauk\u0105. Niezale\u017cnie od tego, czy szukasz ulgi w b\u00f3lu, redukcji stresu, czy po prostu naturalnego wzmocnienia dobrego samopoczucia, HempCare RUBY 10% CBD zapewnia ca\u0142kowicie naturalne rozwi\u0105zanie dla Twojej codziennej rutyny.<\/p>","protected":false},"excerpt":{"rendered":"<p>HempCare RUBY 10% CBD to najwy\u017cszej jako\u015bci olej CBD wytwarzany z rzadkiej odmiany konopi uprawianych w g\u00f3rach, wzbogacony specjalnymi terpenami. Ten naturalny olej oferuje liczne potencjalne korzy\u015bci, w tym w\u0142a\u015bciwo\u015bci przeciwzapalne i redukuj\u0105ce stres, dzi\u0119ki unikalnej kompozycji kannabinoid\u00f3w i terpen\u00f3w.<\/p>","protected":false},"featured_media":82338,"template":"","meta":[],"product_brand":[],"product_cat":[454,297,451,628,461,455,630,819,460],"product_tag":[],"class_list":{"0":"post-36346","1":"product","2":"type-product","3":"status-publish","4":"has-post-thumbnail","6":"product_cat-cbd-oils","7":"product_cat-all-products","8":"product_cat-cbdshop","9":"product_cat-cbdshop-top-5","10":"product_cat-detox","11":"product_cat-healthshop","12":"product_cat-healthshop-top-10","13":"product_cat-hempcare","14":"product_cat-recovery","16":"first","17":"instock","18":"taxable","19":"shipping-taxable","20":"purchasable","21":"product-type-variable","22":"has-default-attributes"},"_links":{"self":[{"href":"https:\/\/www.headshop.nl\/pl\/wp-json\/wp\/v2\/product\/36346","targetHints":{"allow":["GET"]}}],"collection":[{"href":"https:\/\/www.headshop.nl\/pl\/wp-json\/wp\/v2\/product"}],"about":[{"href":"https:\/\/www.headshop.nl\/pl\/wp-json\/wp\/v2\/types\/product"}],"wp:featuredmedia":[{"embeddable":true,"href":"https:\/\/www.headshop.nl\/pl\/wp-json\/wp\/v2\/media\/82338"}],"wp:attachment":[{"href":"https:\/\/www.headshop.nl\/pl\/wp-json\/wp\/v2\/media?parent=36346"}],"wp:term":[{"taxonomy":"product_brand","embeddable":true,"href":"https:\/\/www.headshop.nl\/pl\/wp-json\/wp\/v2\/product_brand?post=36346"},{"taxonomy":"product_cat","embeddable":true,"href":"https:\/\/www.headshop.nl\/pl\/wp-json\/wp\/v2\/product_cat?post=36346"},{"taxonomy":"product_tag","embeddable":true,"href":"https:\/\/www.headshop.nl\/pl\/wp-json\/wp\/v2\/product_tag?post=36346"}],"curies":[{"name":"wp","href":"https:\/\/api.w.org\/{rel}","templated":true}]}}