{"id":36290,"date":"2021-08-25T07:38:24","date_gmt":"2021-08-25T07:38:24","guid":{"rendered":"https:\/\/www.headshop.nl\/?post_type=product&#038;p=36290"},"modified":"2025-02-18T08:55:30","modified_gmt":"2025-02-18T08:55:30","slug":"sport-cbd-oil-10-hempcare","status":"publish","type":"product","link":"https:\/\/www.headshop.nl\/pl\/sport-cbd-oil-10-hempcare\/","title":{"rendered":"Sport CBD Olej (10%) Hempcare"},"content":{"rendered":"<h2>Olej CBD dla Sport by Hempcare<\/h2>\n<h2 data-pm-slice=\"1 1 []\">Co to jest Hempcare CBD Sport?<\/h2>\n<p>Hempcare CBD Sport to 100% naturalny produkt CBD o pe\u0142nym spektrum dzia\u0142ania, przeznaczony dla sportowc\u00f3w poszukuj\u0105cych optymalnego wsparcia dla swojej wydajno\u015bci i regeneracji. Produkt ten zawiera wszystkie niezb\u0119dne zwi\u0105zki z ro\u015bliny konopi, takie jak kannabidiol (CBD), terpeny, witaminy i bia\u0142ka.<\/p>\n<p>To, co czyni Hempcare CBD Sport wyj\u0105tkowym, to dodatek specyficznych terpen\u00f3w, kt\u00f3re zapewniaj\u0105 dodatkowe korzystne dzia\u0142anie na organizm. Terpeny to naturalne zwi\u0105zki aromatyczne, barwne i smakowe o w\u0142a\u015bciwo\u015bciach bioaktywnych. Badania naukowe wykaza\u0142y, \u017ce substancje te, w po\u0142\u0105czeniu z CBD, przyczyniaj\u0105 si\u0119 do szybszej regeneracji mi\u0119\u015bni, zmniejszenia stanu zapalnego i poprawy jako\u015bci snu. Sprawia to, \u017ce Hempcare CBD Sport jest cennym dodatkiem dla sportowc\u00f3w na wszystkich poziomach zaawansowania.<\/p>\n<h2>Historia Hempcare CBD Sport<\/h2>\n<p>CBD jest stosowane od wiek\u00f3w ze wzgl\u0119du na swoje w\u0142a\u015bciwo\u015bci lecznicze i terapeutyczne. Ro\u015blina konopi, z kt\u00f3rej pozyskuje si\u0119 CBD, jest jedn\u0105 z najstarszych ro\u015blin uprawnych na \u015bwiecie. W ci\u0105gu ostatnich kilku dekad badania naukowe w coraz wi\u0119kszym stopniu potwierdza\u0142y korzy\u015bci p\u0142yn\u0105ce z CBD dla sportowc\u00f3w.<\/p>\n<p>We wsp\u00f3\u0142pracy ze sportowcami i naukowcami, Hempcare opracowa\u0142 specjaln\u0105 formu\u0142\u0119, kt\u00f3ra spe\u0142nia specyficzne potrzeby entuzjast\u00f3w sportu. Dzi\u0119ki dodaniu wyselekcjonowanych terpen\u00f3w, Hempcare CBD Sport jest nie tylko pot\u0119\u017cnym narz\u0119dziem do regeneracji mi\u0119\u015bni i \u0142agodzenia b\u00f3lu, ale tak\u017ce produktem wspomagaj\u0105cym relaks i koncentracj\u0119 umys\u0142ow\u0105. Dzi\u0119ki temu jest to innowacyjny i skuteczny suplement w bran\u017cy sportowej.<\/p>\n<h2>Jak korzysta\u0107 z Hempcare CBD Sport<\/h2>\n<p>W celu optymalnego wykorzystania zaleca si\u0119 przyjmowanie Hempcare CBD Sport dwa razy dziennie. Przed u\u017cyciem nale\u017cy dobrze wstrz\u0105sn\u0105\u0107 butelk\u0105 i umie\u015bci\u0107 od 1 do 5 kropli pod j\u0119zykiem. Pozw\u00f3l olejowi wch\u0142on\u0105\u0107 si\u0119 przez kilka sekund przed po\u0142kni\u0119ciem. Zapewnia to szybkie i skuteczne wch\u0142anianie zwi\u0105zk\u00f3w aktywnych.<\/p>\n<p>Butelka zawiera co najmniej 600 kropli, zapewniaj\u0105c d\u0142ugotrwa\u0142e u\u017cytkowanie. Dok\u0142adna dawka mo\u017ce si\u0119 r\u00f3\u017cni\u0107 w zale\u017cno\u015bci od osoby i zale\u017cy od osobistych potrzeb, intensywno\u015bci treningu i po\u017c\u0105danych efekt\u00f3w. Zaleca si\u0119 rozpocz\u0119cie od niskiej dawki i stopniowe jej zwi\u0119kszanie, a\u017c do osi\u0105gni\u0119cia po\u017c\u0105danego rezultatu. W przypadku jakichkolwiek pyta\u0144 dotycz\u0105cych dawkowania i stosowania zaleca si\u0119 konsultacj\u0119 ze specjalist\u0105.<\/p>\n<h2>Sk\u0142adniki Hempcare CBD Sport<\/h2>\n<p>Hempcare CBD Sport zawiera wy\u0142\u0105cznie naturalne i starannie dobrane sk\u0142adniki, aby zagwarantowa\u0107 maksymaln\u0105 skuteczno\u015b\u0107. Kluczowe sk\u0142adniki obejmuj\u0105:<\/p>\n<ul data-spread=\"false\">\n<li><strong>Olej z nasion konopi<\/strong> - bogate \u017ar\u00f3d\u0142o niezb\u0119dnych kwas\u00f3w t\u0142uszczowych, kt\u00f3re zwi\u0119kszaj\u0105 wch\u0142anianie CBD.<\/li>\n<li><strong>Ekstrakt z konopi (CBD)<\/strong> - wspomaga regeneracj\u0119 mi\u0119\u015bni, zmniejsza b\u00f3l i sprzyja relaksacji.<\/li>\n<li><strong>Mircen<\/strong> - terpen o w\u0142a\u015bciwo\u015bciach przeciwzapalnych.<\/li>\n<li><strong>Beta-kariofilen<\/strong> - pomaga w \u0142agodzeniu b\u00f3lu i wspiera uk\u0142ad odporno\u015bciowy.<\/li>\n<li><strong>Eukaliptol<\/strong> - dzia\u0142a od\u015bwie\u017caj\u0105co i wspomaga prawid\u0142owe funkcjonowanie uk\u0142adu oddechowego.<\/li>\n<li><strong>Linalool<\/strong> - znany ze swoich w\u0142a\u015bciwo\u015bci uspokajaj\u0105cych i relaksuj\u0105cych.<\/li>\n<li><strong>A-pinen<\/strong> - wspomaga koncentracj\u0119 i czujno\u015b\u0107 umys\u0142u.<\/li>\n<li><strong>Humulen<\/strong> - przyczynia si\u0119 do zr\u00f3wnowa\u017conej odpowiedzi zapalnej w organizmie.<\/li>\n<\/ul>\n<p>To unikalne po\u0142\u0105czenie CBD i terpen\u00f3w sprawia, \u017ce Hempcare CBD Sport jest pot\u0119\u017cnym suplementem dla sportowc\u00f3w, kt\u00f3rzy chc\u0105 zoptymalizowa\u0107 swoj\u0105 wydajno\u015b\u0107 i regeneracj\u0119.<\/p>\n<p><strong>Ostrze\u017cenie:<\/strong><br \/>\nNie nale\u017cy przekracza\u0107 maksymalnej dawki 32 kropli dziennie. Produkt nie jest odpowiedni dla kobiet w ci\u0105\u017cy i karmi\u0105cych piersi\u0105. W przypadku przyjmowania lek\u00f3w nale\u017cy skonsultowa\u0107 si\u0119 z lekarzem lub farmaceut\u0105. Ten suplement diety nie zast\u0119puje zr\u00f3\u017cnicowanej diety. Produkt nale\u017cy przechowywa\u0107 w ciemnym miejscu, w temperaturze pokojowej, w miejscu niedost\u0119pnym dla dzieci.<\/p>","protected":false},"excerpt":{"rendered":"<p data-pm-slice=\"1 1 []\">Hempcare CBD Sport to produkt CBD o pe\u0142nym spektrum dzia\u0142ania, opracowany specjalnie dla sportowc\u00f3w. Wzbogacony o specyficzne terpeny, wspomaga regeneracj\u0119 mi\u0119\u015bni, zmniejsza b\u00f3l i stany zapalne oraz promuje g\u0142\u0119boki, regeneruj\u0105cy sen. Idealny dla sportowc\u00f3w pragn\u0105cych zoptymalizowa\u0107 swoje wyniki.<\/p>","protected":false},"featured_media":82350,"template":"","meta":[],"product_brand":[],"product_cat":[454,297,451,628,455,630,819,460,463],"product_tag":[],"class_list":{"0":"post-36290","1":"product","2":"type-product","3":"status-publish","4":"has-post-thumbnail","6":"product_cat-cbd-oils","7":"product_cat-all-products","8":"product_cat-cbdshop","9":"product_cat-cbdshop-top-5","10":"product_cat-healthshop","11":"product_cat-healthshop-top-10","12":"product_cat-hempcare","13":"product_cat-recovery","14":"product_cat-sport","16":"first","17":"instock","18":"taxable","19":"shipping-taxable","20":"purchasable","21":"product-type-variable","22":"has-default-attributes"},"_links":{"self":[{"href":"https:\/\/www.headshop.nl\/pl\/wp-json\/wp\/v2\/product\/36290","targetHints":{"allow":["GET"]}}],"collection":[{"href":"https:\/\/www.headshop.nl\/pl\/wp-json\/wp\/v2\/product"}],"about":[{"href":"https:\/\/www.headshop.nl\/pl\/wp-json\/wp\/v2\/types\/product"}],"wp:featuredmedia":[{"embeddable":true,"href":"https:\/\/www.headshop.nl\/pl\/wp-json\/wp\/v2\/media\/82350"}],"wp:attachment":[{"href":"https:\/\/www.headshop.nl\/pl\/wp-json\/wp\/v2\/media?parent=36290"}],"wp:term":[{"taxonomy":"product_brand","embeddable":true,"href":"https:\/\/www.headshop.nl\/pl\/wp-json\/wp\/v2\/product_brand?post=36290"},{"taxonomy":"product_cat","embeddable":true,"href":"https:\/\/www.headshop.nl\/pl\/wp-json\/wp\/v2\/product_cat?post=36290"},{"taxonomy":"product_tag","embeddable":true,"href":"https:\/\/www.headshop.nl\/pl\/wp-json\/wp\/v2\/product_tag?post=36290"}],"curies":[{"name":"wp","href":"https:\/\/api.w.org\/{rel}","templated":true}]}}