{"id":36179,"date":"2021-08-24T07:57:14","date_gmt":"2021-08-24T07:57:14","guid":{"rendered":"https:\/\/www.headshop.nl\/?post_type=product&#038;p=36179"},"modified":"2026-03-29T01:26:22","modified_gmt":"2026-03-29T01:26:22","slug":"hawaiian-magic-mushroom-spores","status":"publish","type":"product","link":"https:\/\/www.headshop.nl\/pl\/hawaiian-magic-mushroom-spores\/","title":{"rendered":"Hawaiian Magiczne zarodniki grzyb\u00f3w"},"content":{"rendered":"<h2 dir=\"auto\">Czym s\u0105 zarodniki grzyba Hawaiian Magic Mushroom?<\/h2>\n<p dir=\"auto\">Hawaiian Magic Mushroom Spores to wysokiej jako\u015bci produkt do uprawy silnych grzyb\u00f3w psilocybe, znanych z intensywnych efekt\u00f3w psychoaktywnych. Dostarczane w sterylnej ampu\u0142ce hodowlanej o pojemno\u015bci 5 ML, zarodniki te s\u0105 gotowe do zaszczepienia pod\u0142o\u017ca, upraszczaj\u0105c upraw\u0119 entuzjastom. Odmiana ta plasuje si\u0119 wysoko w skali mocy, obiecuj\u0105c \u017cywe halucynacje, wyostrzone zmys\u0142y i g\u0142\u0119bokie po\u0142\u0105czenie z natur\u0105. Nawet niewielkie dawki pobudzaj\u0105 kreatywno\u015b\u0107 i introspekcj\u0119. Ampu\u0142ka zawiera grzybni\u0119 100%, wermikulit i perlit dla optymalnej jako\u015bci. Przechowywa\u0107 w ciemnym miejscu, aby zachowa\u0107 \u017cywotno\u015b\u0107. Idealne dla doros\u0142ych badaj\u0105cych \u015bwiadomo\u015b\u0107 w bezpiecznym, kontrolowanym otoczeniu z zaufanym towarzyszem, zarodniki te wymagaj\u0105 ostro\u017cnego obchodzenia si\u0119 i sterylnych procedur dla udanej uprawy i transformuj\u0105cego do\u015bwiadczenia.<\/p>\n<h2 dir=\"auto\">Historia magicznych zarodnik\u00f3w grzyb\u00f3w Hawaiian<\/h2>\n<p dir=\"auto\">Pochodz\u0105ce z tropikalnych krajobraz\u00f3w Hawaj\u00f3w zarodniki Hawaiian Magic Mushroom nale\u017c\u0105 do silnej odmiany psilocybe, czczonej przez kultywuj\u0105cych i psychonaut\u00f3w. Historycznie u\u017cywane w praktykach duchowych i szama\u0144skich, grzyby te zyska\u0142y rozg\u0142os dzi\u0119ki swojej sile. Nowoczesne osi\u0105gni\u0119cia mikologii umo\u017cliwi\u0142y steryln\u0105 dystrybucj\u0119 w ampu\u0142kach Culture Ampoules, dzi\u0119ki czemu uprawa domowa jest bezpieczniejsza i \u0142atwiejsza. Sta\u0142a moc i niezawodny wzrost tego szczepu sprawi\u0142y, \u017ce sta\u0142 si\u0119 on ulubie\u0144cem spo\u0142eczno\u015bci psychodelicznej, znanym z dostarczania g\u0142\u0119bokich, rozszerzaj\u0105cych umys\u0142 do\u015bwiadcze\u0144. Jej dziedzictwo, zakorzenione w naturze i ludzkiej eksploracji, jest kontynuowane poprzez w\u0142a\u015bciwe obchodzenie si\u0119 z ni\u0105 i przechowywanie w celu zachowania jako\u015bci i uhonorowania jej bogatego dziedzictwa.<\/p>\n<h2 dir=\"auto\">Jak korzysta\u0107 z Hawaiian Magic Mushroom Spores<\/h2>\n<p dir=\"auto\">Hodowla zarodnik\u00f3w grzyba Hawaiian Magic Mushroom wymaga precyzji i sterylno\u015bci. Dok\u0142adnie umyj r\u0119ce i wyczy\u015b\u0107 zewn\u0119trzn\u0105 cz\u0119\u015b\u0107 ampu\u0142ki z kulturami sterylnym wacikiem nas\u0105czonym alkoholem. W czystym \u015brodowisku otw\u00f3rz sterylne opakowanie strzykawki, poluzuj lekko nasadk\u0119 ampu\u0142ki i w\u0142\u00f3\u017c ig\u0142\u0119 przez gumow\u0105 uszczelk\u0119, aby nape\u0142ni\u0107 strzykawk\u0119 kultur\u0105 zarodnik\u00f3w. R\u00f3wnomiernie zaszczep wybrane pod\u0142o\u017ce i pozw\u00f3l mu rosn\u0105\u0107 w temperaturze pokojowej. Widoczna grzybnia powinna pojawi\u0107 si\u0119 w ci\u0105gu kilku dni, wskazuj\u0105c na sukces. Przechowuj niewykorzystane zarodniki w ciemnym miejscu. Pracuj w kontrolowanym \u015brodowisku, aby zapewni\u0107 kwitn\u0105ce grzyby i silne, satysfakcjonuj\u0105ce do\u015bwiadczenie z tym pot\u0119\u017cnym szczepem.<\/p>\n<h2 dir=\"auto\">Sk\u0142adniki Hawaiian Magic Mushroom Spores<\/h2>\n<p dir=\"auto\">Ka\u017cda ampu\u0142ka hodowlana o pojemno\u015bci 5 ML zawiera wysokiej jako\u015bci sk\u0142adniki zapewniaj\u0105ce udan\u0105 upraw\u0119: 100% grzybnia, podstawa wzrostu grzyb\u00f3w; wermikulit, do zatrzymywania wilgoci; i perlit, do napowietrzania i drena\u017cu. Sk\u0142adniki te, produkowane w sterylnych warunkach, zapewniaj\u0105 czysto\u015b\u0107 i si\u0142\u0119 dzia\u0142ania. Prosty sk\u0142ad nadaje priorytet jako\u015bci, wspieraj\u0105c silny wzrost bardzo silnego szczepu psilocybe. Przechowywa\u0107 w ciemnym miejscu, aby zachowa\u0107 skuteczno\u015b\u0107. Sk\u0142adniki te umo\u017cliwiaj\u0105 hodowcom upraw\u0119 grzyb\u00f3w, kt\u00f3re zapewniaj\u0105 g\u0142\u0119bokie efekty sensoryczne i kreatywne w bezpieczny, kontrolowany spos\u00f3b.<\/p>\n<p dir=\"auto\"><strong>Ostrze\u017cenie<\/strong><\/p>\n<p dir=\"auto\">Przechowywa\u0107 Hawaiian Magic Mushroom Spores w miejscu niedost\u0119pnym dla dzieci. Stosowa\u0107 wy\u0142\u0105cznie w bezpiecznym, zamkni\u0119tym pomieszczeniu w obecno\u015bci zaufanej osoby. Nie stosowa\u0107 u kobiet w ci\u0105\u017cy lub karmi\u0105cych piersi\u0105, poniewa\u017c mo\u017ce to stanowi\u0107 zagro\u017cenie dla zdrowia. Spo\u017cycie upo\u015bledza zdolno\u015b\u0107 prowadzenia pojazd\u00f3w lub obs\u0142ugiwania maszyn. Unika\u0107 \u0142\u0105czenia z alkoholem, narkotykami lub lekami ze wzgl\u0119du na nieprzewidywalne interakcje. Nie zalecane dla os\u00f3b poni\u017cej 18 roku \u017cycia. Podczas uprawy nale\u017cy przestrzega\u0107 sterylnych procedur, aby zapobiec zanieczyszczeniu i zapewni\u0107 bezpiecze\u0144stwo.<\/p>","protected":false},"excerpt":{"rendered":"<p>Dla ka\u017cdego psychonauty; Hawaiian Magic Mushrooms opowiada o mocy tej wspania\u0142ej odmiany i o tym, co dzieje si\u0119 po kilku grzybkach. Psilocybina znana jest z energetyzuj\u0105cych psychicznie trip\u00f3w. Grzyb ten nie jest podobny do wi\u0119kszo\u015bci, kt\u00f3re mo\u017cna tam znale\u017a\u0107, poniewa\u017c s\u0105 one do\u015b\u0107 silne, je\u015bli chodzi o wizualizacje - ale polecamy je tylko bardziej do\u015bwiadczonym tripperom ze wzgl\u0119du na ich intensywne duchowe, tripowe efekty.<\/p>","protected":false},"featured_media":36150,"template":"","meta":[],"product_brand":[],"product_cat":[399,297,403,398,384],"product_tag":[978],"class_list":{"0":"post-36179","1":"product","2":"type-product","3":"status-publish","4":"has-post-thumbnail","6":"product_cat-shroomshop","7":"product_cat-all-products","8":"product_cat-magic-mushroom-spore-syringes","9":"product_cat-mushrooms","10":"product_cat-smartshop","11":"product_tag-shrdeal","12":"product_shipping_class-group-7","14":"first","15":"instock","16":"taxable","17":"shipping-taxable","18":"purchasable","19":"product-type-variable","20":"has-default-attributes"},"_links":{"self":[{"href":"https:\/\/www.headshop.nl\/pl\/wp-json\/wp\/v2\/product\/36179","targetHints":{"allow":["GET"]}}],"collection":[{"href":"https:\/\/www.headshop.nl\/pl\/wp-json\/wp\/v2\/product"}],"about":[{"href":"https:\/\/www.headshop.nl\/pl\/wp-json\/wp\/v2\/types\/product"}],"wp:featuredmedia":[{"embeddable":true,"href":"https:\/\/www.headshop.nl\/pl\/wp-json\/wp\/v2\/media\/36150"}],"wp:attachment":[{"href":"https:\/\/www.headshop.nl\/pl\/wp-json\/wp\/v2\/media?parent=36179"}],"wp:term":[{"taxonomy":"product_brand","embeddable":true,"href":"https:\/\/www.headshop.nl\/pl\/wp-json\/wp\/v2\/product_brand?post=36179"},{"taxonomy":"product_cat","embeddable":true,"href":"https:\/\/www.headshop.nl\/pl\/wp-json\/wp\/v2\/product_cat?post=36179"},{"taxonomy":"product_tag","embeddable":true,"href":"https:\/\/www.headshop.nl\/pl\/wp-json\/wp\/v2\/product_tag?post=36179"}],"curies":[{"name":"wp","href":"https:\/\/api.w.org\/{rel}","templated":true}]}}