{"id":36175,"date":"2021-08-24T07:56:58","date_gmt":"2021-08-24T07:56:58","guid":{"rendered":"https:\/\/www.headshop.nl\/?post_type=product&#038;p=36175"},"modified":"2025-10-16T07:04:01","modified_gmt":"2025-10-16T07:04:01","slug":"thai-magic-mushroom-spores","status":"publish","type":"product","link":"https:\/\/www.headshop.nl\/pl\/thai-magic-mushroom-spores\/","title":{"rendered":"Thai Magiczne zarodniki grzyb\u00f3w"},"content":{"rendered":"<h2 dir=\"auto\">Czym s\u0105 zarodniki grzyba Thai Magic Mushroom?<\/h2>\n<p dir=\"auto\">Zarodniki grzyba Thai Magic Mushroom, znanego r\u00f3wnie\u017c jako Koh Samui, pochodz\u0105 z tropikalnej wyspy Koh Samui. Te cenione za swoje znaczenie kulturowe zarodniki Psilocybe Cubensis s\u0105 dostarczane w sterylnej ampu\u0142ce hodowlanej o pojemno\u015bci 5 ml, oferuj\u0105c gotowe do u\u017cycia rozwi\u0105zanie, kt\u00f3re zmniejsza ryzyko zanieczyszczenia w por\u00f3wnaniu z odciskami zarodnik\u00f3w lub strzykawkami. Zawieraj\u0105 grzybni\u0119 100%, wermikulit i perlit, zapewniaj\u0105c silny wzrost po zaszczepieniu w pod\u0142o\u017cu. Zarodniki te, obchodzone podczas Festiwalu Pe\u0142ni Ksi\u0119\u017cyca w Thailandii jako \"grzyby w chmurze\" dla duchowych do\u015bwiadcze\u0144, zapewniaj\u0105 bezpieczny, dost\u0119pny spos\u00f3b uprawy grzyb\u00f3w i \u0142\u0105czenia si\u0119 z tradycjami Thai. Idealne dla pocz\u0105tkuj\u0105cych i do\u015bwiadczonych hodowc\u00f3w, obiecuj\u0105 transformuj\u0105c\u0105 podr\u00f3\u017c, gdy s\u0105 przechowywane w ciemnym, ch\u0142odzonym \u015brodowisku (2-8\u00b0C).<\/p>\n<h2 dir=\"auto\">Historia magicznych zarodnik\u00f3w grzyb\u00f3w Thai<\/h2>\n<p dir=\"auto\">Odkryte w 1991 roku przez etnobotanika Johna Allena na Koh Samui, magiczne zarodniki grzyb\u00f3w Thai lub \"grzyby w chmurze\" maj\u0105 g\u0142\u0119bokie korzenie w praktykach duchowych Thai, zw\u0142aszcza podczas Festiwalu Pe\u0142ni Ksi\u0119\u017cyca. Ceremonie te zjednoczy\u0142y spo\u0142eczno\u015bci w boskim po\u0142\u0105czeniu poprzez \u015bwi\u0119te w\u0142a\u015bciwo\u015bci grzyb\u00f3w. Odkrycia Allena wprowadzi\u0142y t\u0119 odmian\u0119 na ca\u0142ym \u015bwiecie, gdzie jej moc i \u0142atwo\u015b\u0107 uprawy zyska\u0142y uznanie. Rozw\u00f3j Culture Ampoule zwi\u0119kszy\u0142 dost\u0119pno\u015b\u0107, minimalizuj\u0105c ryzyko zanieczyszczenia. \u0141\u0105cz\u0105c duchowe dziedzictwo Thailand z nowoczesn\u0105 mikologi\u0105, zarodniki te pozostaj\u0105 cennym \u0142\u0105cznikiem ze staro\u017cytnymi tradycjami i osobistymi poszukiwaniami, oferuj\u0105c niezawodn\u0105 upraw\u0119 entuzjastom na ca\u0142ym \u015bwiecie.<\/p>\n<h2 dir=\"auto\">Jak korzysta\u0107 z Thai Magic Mushroom Spores<\/h2>\n<p dir=\"auto\">U\u017cywanie Thai Magic Mushroom Spores jest proste dzi\u0119ki sterylnej ampu\u0142ce hodowlanej. Dok\u0142adnie umyj r\u0119ce i wyczy\u015b\u0107 zewn\u0119trzn\u0105 cz\u0119\u015b\u0107 ampu\u0142ki sterylnym wacikiem nas\u0105czonym alkoholem. W czystym \u015brodowisku otw\u00f3rz sterylne opakowanie strzykawki, lekko poluzuj nasadk\u0119 ampu\u0142ki i przeci\u0105gnij kultur\u0119 przez gumow\u0105 uszczelk\u0119. Wstrzykn\u0105\u0107 do pod\u0142o\u017ca i przechowywa\u0107 w temperaturze pokojowej. Wzrost grzybni pojawi si\u0119 w ci\u0105gu kilku dni, wskazuj\u0105c na sukces. Utrzymuj steryln\u0105 przestrze\u0144 robocz\u0105 i uprawiaj w bezpiecznym pomieszczeniu z zaufanym towarzyszem. Dok\u0142adne przestrzeganie tych krok\u00f3w zapewnia satysfakcjonuj\u0105ce do\u015bwiadczenie uprawy, \u0142\u0105cz\u0105c ci\u0119 ze \u015bwi\u0119tym dziedzictwem zarodnik\u00f3w.<\/p>\n<h2 dir=\"auto\">Sk\u0142adniki Thai Magic Mushroom Spores<\/h2>\n<p dir=\"auto\">Ka\u017cda ampu\u0142ka hodowlana o pojemno\u015bci 5 ml zawiera grzybni\u0119 100% ze szczepu Koh Samui, zmieszan\u0105 z wermikulitem w celu zatrzymania wilgoci i perlitem w celu napowietrzenia i drena\u017cu. Ta sterylna, odporna na zanieczyszczenia formu\u0142a promuje silny wzrost grzybni przy u\u017cyciu naturalnych, wysokiej jako\u015bci sk\u0142adnik\u00f3w. Konstrukcja ampu\u0142ki zapewnia czysto\u015b\u0107 i moc, dzi\u0119ki czemu jest przyjazna dla wszystkich hodowc\u00f3w. Przechowywa\u0107 w ciemnym, ch\u0142odnym miejscu (2-8\u00b0C), aby zachowa\u0107 \u017cywotno\u015b\u0107. Ta zr\u00f3wnowa\u017cona mieszanka grzybni, wermikulitu i perlitu zapewnia niezawodny, skuteczny produkt, umo\u017cliwiaj\u0105cy eksploracj\u0119 tradycji \"grzyb\u00f3w chmurowych\" Thailand z \u0142atwo\u015bci\u0105 i sp\u00f3jno\u015bci\u0105.<\/p>\n<p dir=\"auto\"><strong>Ostrze\u017cenie<\/strong><\/p>\n<p dir=\"auto\">Z zarodnikami Thai Magic Mushroom nale\u017cy obchodzi\u0107 si\u0119 odpowiedzialnie i przechowywa\u0107 w miejscu niedost\u0119pnym dla dzieci. Przechowywa\u0107 w ciemnym, ch\u0142odnym miejscu (2-8\u00b0C) w celu zachowania \u017cywotno\u015bci. Stosowa\u0107 w bezpiecznym, zamkni\u0119tym pomieszczeniu w obecno\u015bci zaufanej osoby towarzysz\u0105cej. Nie stosowa\u0107 u kobiet w ci\u0105\u017cy lub karmi\u0105cych piersi\u0105 ze wzgl\u0119du na potencjalne ryzyko. Stosowanie mo\u017ce mie\u0107 negatywny wp\u0142yw na prowadzenie pojazd\u00f3w lub obs\u0142ug\u0119 maszyn. Unika\u0107 \u0142\u0105czenia z alkoholem, narkotykami lub lekami, aby zapobiec nieprzewidywalnym efektom. Nieodpowiednie dla os\u00f3b poni\u017cej 18 roku \u017cycia. Nale\u017cy dok\u0142adnie przestrzega\u0107 instrukcji dotycz\u0105cych uprawy, aby unikn\u0105\u0107 zanieczyszczenia i zapewni\u0107 bezpieczne u\u017cytkowanie.<\/p>","protected":false},"excerpt":{"rendered":"<p>Zarodniki Thai Magic Mushroom s\u0105 idealne dla pocz\u0105tkuj\u0105cych, kt\u00f3rzy chc\u0105 odby\u0107 swoj\u0105 pierwsz\u0105 psychodeliczn\u0105 podr\u00f3\u017c wzmocnion\u0105 grzybami. Otrzymujesz silniejszy haj cia\u0142a, \u0142agodne efekty spo\u0142eczne i jest to szybko rosn\u0105ca odmiana magicznych grzyb\u00f3w! Zdob\u0105d\u017a nasze wysokiej jako\u015bci zarodniki grzyba Thai i zacznij upraw\u0119 ju\u017c dzi\u015b!<\/p>","protected":false},"featured_media":36164,"template":"","meta":[],"product_brand":[],"product_cat":[399,297,403,398,384],"product_tag":[978],"class_list":{"0":"post-36175","1":"product","2":"type-product","3":"status-publish","4":"has-post-thumbnail","6":"product_cat-shroomshop","7":"product_cat-all-products","8":"product_cat-magic-mushroom-spore-syringes","9":"product_cat-mushrooms","10":"product_cat-smartshop","11":"product_tag-shrdeal","12":"product_shipping_class-group-7","14":"first","15":"instock","16":"taxable","17":"shipping-taxable","18":"purchasable","19":"product-type-variable","20":"has-default-attributes"},"_links":{"self":[{"href":"https:\/\/www.headshop.nl\/pl\/wp-json\/wp\/v2\/product\/36175","targetHints":{"allow":["GET"]}}],"collection":[{"href":"https:\/\/www.headshop.nl\/pl\/wp-json\/wp\/v2\/product"}],"about":[{"href":"https:\/\/www.headshop.nl\/pl\/wp-json\/wp\/v2\/types\/product"}],"wp:featuredmedia":[{"embeddable":true,"href":"https:\/\/www.headshop.nl\/pl\/wp-json\/wp\/v2\/media\/36164"}],"wp:attachment":[{"href":"https:\/\/www.headshop.nl\/pl\/wp-json\/wp\/v2\/media?parent=36175"}],"wp:term":[{"taxonomy":"product_brand","embeddable":true,"href":"https:\/\/www.headshop.nl\/pl\/wp-json\/wp\/v2\/product_brand?post=36175"},{"taxonomy":"product_cat","embeddable":true,"href":"https:\/\/www.headshop.nl\/pl\/wp-json\/wp\/v2\/product_cat?post=36175"},{"taxonomy":"product_tag","embeddable":true,"href":"https:\/\/www.headshop.nl\/pl\/wp-json\/wp\/v2\/product_tag?post=36175"}],"curies":[{"name":"wp","href":"https:\/\/api.w.org\/{rel}","templated":true}]}}