{"id":36174,"date":"2021-08-24T07:56:55","date_gmt":"2021-08-24T07:56:55","guid":{"rendered":"https:\/\/www.headshop.nl\/?post_type=product&#038;p=36174"},"modified":"2025-10-16T07:04:02","modified_gmt":"2025-10-16T07:04:02","slug":"mexican-magic-mushroom-spores","status":"publish","type":"product","link":"https:\/\/www.headshop.nl\/pl\/mexican-magic-mushroom-spores\/","title":{"rendered":"Mexican Magiczne zarodniki grzyb\u00f3w"},"content":{"rendered":"<h2 dir=\"auto\">Czym s\u0105 magiczne zarodniki grzyb\u00f3w Mexican?<\/h2>\n<p dir=\"auto\">Zarodniki Mexican Magic Mushroom, pochodz\u0105ce z Psilocybe mexicana, s\u0105 znane ze swojego historycznego i kulturowego znaczenia. Dostarczane w sterylnej ampu\u0142ce hodowlanej o pojemno\u015bci 5 ML, zarodniki te upraszczaj\u0105 upraw\u0119, zmniejszaj\u0105c ryzyko zanieczyszczenia w por\u00f3wnaniu z tradycyjnymi odciskami zarodnik\u00f3w lub strzykawkami. Idealne dla pocz\u0105tkuj\u0105cych i do\u015bwiadczonych mikolog\u00f3w, oferuj\u0105 niezawodny, bezpieczny spos\u00f3b na wyhodowanie \u017cywej grzybni, \u0142\u0105cz\u0105c u\u017cytkownik\u00f3w z wielowiekow\u0105 tradycj\u0105 Mexican. Gotowa do u\u017cycia kultura w ampu\u0142ce sprzyja satysfakcjonuj\u0105cemu do\u015bwiadczeniu uprawy, \u0142\u0105cz\u0105c nauk\u0119 z duchowo\u015bci\u0105. Przechowywa\u0107 w ciemnym, ch\u0142odnym miejscu (2-8\u00b0C) w celu utrzymania jako\u015bci, zapewniaj\u0105c g\u0142\u0119bok\u0105 podr\u00f3\u017c do naturalnego pi\u0119kna mikologii.<\/p>\n<h2 dir=\"auto\">Historia magicznych zarodnik\u00f3w grzyb\u00f3w Mexican<\/h2>\n<p dir=\"auto\">Zakorzenione w rdzennych praktykach duchowych Mexican, grzyby Psilocybe mexicana by\u0142y \u015bwi\u0119te w przedkolonialnych rytua\u0142ach, u\u017cywane przez szaman\u00f3w do boskiej komunikacji. Ich znaczenie utrzymywa\u0142o si\u0119 a\u017c do lat pi\u0119\u0107dziesi\u0105tych XX wieku, kiedy to odkrycie psilocybiny w tych grzybach wywo\u0142a\u0142o globalne zainteresowanie naukowe, \u0142\u0105cz\u0105c staro\u017cytne tradycje z nowoczesn\u0105 mikologi\u0105. Dzi\u015b zarodniki grzyb\u00f3w Mexican Magic Mushroom, przechowywane w sterylnych ampu\u0142kach, pozwalaj\u0105 domowym hodowcom uhonorowa\u0107 to dziedzictwo. Znane ze swojej historycznej g\u0142\u0119bi, umo\u017cliwiaj\u0105 entuzjastom zaanga\u017cowanie si\u0119 w szanowan\u0105 praktyk\u0119, zachowuj\u0105c autentyczno\u015b\u0107 szczepu i szacunek kulturowy poprzez starann\u0105 upraw\u0119.<\/p>\n<h2 dir=\"auto\">Jak korzysta\u0107 z Mexican Magic Mushroom Spores<\/h2>\n<p dir=\"auto\">U\u017cywanie Mexican Magic Mushroom Spores jest proste dzi\u0119ki sterylnej ampu\u0142ce hodowlanej. Dok\u0142adnie umyj r\u0119ce i wyczy\u015b\u0107 zewn\u0119trzn\u0105 cz\u0119\u015b\u0107 ampu\u0142ki sterylnym wacikiem nas\u0105czonym alkoholem. W czystym \u015brodowisku otw\u00f3rz sterylne opakowanie strzykawki, lekko poluzuj nasadk\u0119 ampu\u0142ki i przeci\u0105gnij 5 ML kultury przez gumow\u0105 uszczelk\u0119. Zaszczepi\u0107 pod\u0142o\u017ce (np. mieszank\u0119 wermikulitu i perlitu) i przechowywa\u0107 w temperaturze pokojowej. Wzrost grzybni pojawia si\u0119 w ci\u0105gu kilku dni, co wskazuje na sukces. Utrzymuj steryln\u0105 przestrze\u0144 robocz\u0105 dla uzyskania optymalnych rezultat\u00f3w. Przechowuj niewykorzystane zarodniki w temperaturze 2-8\u00b0C w ciemnym, ch\u0142odnym miejscu, aby zapewni\u0107 ich \u017cywotno\u015b\u0107 w przysz\u0142o\u015bci.<\/p>\n<h2 dir=\"auto\">Sk\u0142adniki Mexican Magic Mushroom Spores<\/h2>\n<p dir=\"auto\">Ka\u017cda ampu\u0142ka hodowlana o pojemno\u015bci 5 ML zawiera steryln\u0105 kultur\u0119 zarodnik\u00f3w Psilocybe mexicana, zaprojektowan\u0105 z my\u015bl\u0105 o czysto\u015bci i \u0142atwo\u015bci. Zalecane pod\u0142o\u017ce zawiera grzybni\u0119, wermikulit do zatrzymywania wilgoci i perlit do napowietrzania, tworz\u0105c optymalne warunki wzrostu. Produkowana w \u015bci\u015ble sterylnych warunkach, ta wolna od zanieczyszcze\u0144 mieszanka zapewnia niezawodn\u0105 upraw\u0119. Minimalna ilo\u015b\u0107 wysokiej jako\u015bci sk\u0142adnik\u00f3w r\u00f3wnowa\u017cy prostot\u0119 i skuteczno\u015b\u0107, wspieraj\u0105c dynamiczny rozw\u00f3j grzyb\u00f3w. Ta formu\u0142a umo\u017cliwia zar\u00f3wno pocz\u0105tkuj\u0105cym, jak i ekspertom skuteczn\u0105 upraw\u0119, honoruj\u0105c staro\u017cytne pochodzenie szczepu, jednocze\u015bnie wykorzystuj\u0105c nowoczesne techniki dla p\u0142ynnego do\u015bwiadczenia mikologicznego.<\/p>\n<p dir=\"auto\"><strong>Ostrze\u017cenie<\/strong><\/p>\n<p dir=\"auto\">Z Mexican Magic Mushroom Spores nale\u017cy obchodzi\u0107 si\u0119 odpowiedzialnie i przechowywa\u0107 poza zasi\u0119giem dzieci. U\u017cywaj w bezpiecznym, kontrolowanym \u015brodowisku w obecno\u015bci zaufanej osoby. Nie stosowa\u0107 u kobiet w ci\u0105\u017cy lub karmi\u0105cych piersi\u0105 ze wzgl\u0119du na potencjalne zagro\u017cenie dla zdrowia. Ten produkt upo\u015bledza prowadzenie pojazd\u00f3w lub obs\u0142ug\u0119 maszyn. Unika\u0107 \u0142\u0105czenia z alkoholem, narkotykami lub lekami, aby zapobiec niepo\u017c\u0105danym skutkom. Produkt nieodpowiedni dla os\u00f3b poni\u017cej 18 roku \u017cycia. Przechowywa\u0107 w ciemnym, ch\u0142odnym miejscu (2-8\u00b0C). Post\u0119puj zgodnie z instrukcjami dotycz\u0105cymi uprawy, aby zapewni\u0107 bezpieczne i pozytywne wra\u017cenia.<\/p>","protected":false},"excerpt":{"rendered":"<p>Pozdrowienia, Mushroom Head. Chcesz troch\u0119 magii? Nie ma potrzeby podr\u00f3\u017cowania do odleg\u0142ej galaktyki, aby zmieni\u0107 perspektyw\u0119: zdob\u0105d\u017a Mexican Magic Mushroom Spores i pozw\u00f3l swojemu umys\u0142owi swobodnie w\u0119drowa\u0107. Te ma\u0142e zarodniki s\u0105 \u0142agodnie dzia\u0142aj\u0105ce i delikatne dla m\u00f3zgu. Doskona\u0142e wprowadzenie do psychodelik\u00f3w, gwarantowane!<\/p>","protected":false},"featured_media":36160,"template":"","meta":[],"product_brand":[],"product_cat":[399,297,403,398,384],"product_tag":[978],"class_list":{"0":"post-36174","1":"product","2":"type-product","3":"status-publish","4":"has-post-thumbnail","6":"product_cat-shroomshop","7":"product_cat-all-products","8":"product_cat-magic-mushroom-spore-syringes","9":"product_cat-mushrooms","10":"product_cat-smartshop","11":"product_tag-shrdeal","12":"product_shipping_class-group-7","14":"first","15":"instock","16":"taxable","17":"shipping-taxable","18":"purchasable","19":"product-type-variable","20":"has-default-attributes"},"_links":{"self":[{"href":"https:\/\/www.headshop.nl\/pl\/wp-json\/wp\/v2\/product\/36174","targetHints":{"allow":["GET"]}}],"collection":[{"href":"https:\/\/www.headshop.nl\/pl\/wp-json\/wp\/v2\/product"}],"about":[{"href":"https:\/\/www.headshop.nl\/pl\/wp-json\/wp\/v2\/types\/product"}],"wp:featuredmedia":[{"embeddable":true,"href":"https:\/\/www.headshop.nl\/pl\/wp-json\/wp\/v2\/media\/36160"}],"wp:attachment":[{"href":"https:\/\/www.headshop.nl\/pl\/wp-json\/wp\/v2\/media?parent=36174"}],"wp:term":[{"taxonomy":"product_brand","embeddable":true,"href":"https:\/\/www.headshop.nl\/pl\/wp-json\/wp\/v2\/product_brand?post=36174"},{"taxonomy":"product_cat","embeddable":true,"href":"https:\/\/www.headshop.nl\/pl\/wp-json\/wp\/v2\/product_cat?post=36174"},{"taxonomy":"product_tag","embeddable":true,"href":"https:\/\/www.headshop.nl\/pl\/wp-json\/wp\/v2\/product_tag?post=36174"}],"curies":[{"name":"wp","href":"https:\/\/api.w.org\/{rel}","templated":true}]}}