{"id":36173,"date":"2021-08-24T07:56:53","date_gmt":"2021-08-24T07:56:53","guid":{"rendered":"https:\/\/www.headshop.nl\/?post_type=product&#038;p=36173"},"modified":"2025-10-16T07:04:02","modified_gmt":"2025-10-16T07:04:02","slug":"mckennaii-magic-mushroom-spores","status":"publish","type":"product","link":"https:\/\/www.headshop.nl\/pl\/mckennaii-magic-mushroom-spores\/","title":{"rendered":"McKennaii Magiczne zarodniki grzyb\u00f3w"},"content":{"rendered":"<h2 dir=\"auto\">Historia magicznych zarodnik\u00f3w grzyb\u00f3w McKennaii<\/h2>\n<p dir=\"auto\">Opracowana na cze\u015b\u0107 Terence'a McKenny, kluczowej postaci w propagowaniu psychodelik\u00f3w, odmiana McKennaii Magic Mushroom Spores pojawi\u0142a si\u0119 pod koniec XX wieku jako odporny, silny szczep Psilocybe Cubensis. Zainspirowany naukami McKenny na temat duchowego potencja\u0142u psilocybiny, szczep ten zyska\u0142 popularno\u015b\u0107 dzi\u0119ki intensywnym efektom, mimo \u017ce by\u0142 trudniejszy w uprawie ni\u017c inne, takie jak Hawaiian. Wprowadzenie Culture Ampoule zrewolucjonizowa\u0142o upraw\u0119 domow\u0105, zmniejszaj\u0105c ryzyko zanieczyszczenia. \u0141\u0105cz\u0105c dziedzictwo McKenny z nowoczesn\u0105 mikologi\u0105, zarodniki McKennaii s\u0105 cenione na ca\u0142ym \u015bwiecie, odzwierciedlaj\u0105c rosn\u0105c\u0105 akceptacj\u0119 psychodelik\u00f3w jako narz\u0119dzi do osobistej eksploracji i czci kulturowej.<\/p>\n<h2 dir=\"auto\">Jak korzysta\u0107 z McKennaii Magic Mushroom Spores<\/h2>\n<p dir=\"auto\">U\u017cywanie McKennaii Magic Mushroom Spores jest proste dzi\u0119ki sterylnej ampu\u0142ce hodowlanej. Dok\u0142adnie umyj r\u0119ce i wyczy\u015b\u0107 zewn\u0119trzn\u0105 cz\u0119\u015b\u0107 ampu\u0142ki sterylnym wacikiem nas\u0105czonym alkoholem. W czystym \u015brodowisku otw\u00f3rz sterylne opakowanie strzykawki, lekko poluzuj nasadk\u0119 ampu\u0142ki i przeci\u0105gnij kultur\u0119 przez gumow\u0105 uszczelk\u0119. Zaszczepi\u0107 pod\u0142o\u017ce i przechowywa\u0107 w temperaturze pokojowej. Wzrost grzybni pojawi si\u0119 w ci\u0105gu kilku dni, sygnalizuj\u0105c sukces. Zachowaj sterylno\u015b\u0107 i hoduj w kontrolowanej przestrzeni. Ta metoda upraszcza upraw\u0119 w por\u00f3wnaniu z odciskami zarodnik\u00f3w, umo\u017cliwiaj\u0105c u\u017cytkownikom bezpieczn\u0105 upraw\u0119 silnych grzyb\u00f3w przy zachowaniu precyzyjnej opieki.<\/p>\n<h2 dir=\"auto\">Sk\u0142adniki McKennaii Magic Mushroom Spores<\/h2>\n<p dir=\"auto\">Ka\u017cda ampu\u0142ka hodowlana o pojemno\u015bci 5 ML zawiera 100% grzybni, wermikulitu i perlitu, stworzonych w sterylnych warunkach dla niezawodnej uprawy. Grzybnia stanowi podstaw\u0119 wzrostu grzyb\u00f3w, wermikulit zatrzymuje wilgo\u0107 i wspomaga napowietrzanie, a perlit poprawia drena\u017c i wilgotno\u015b\u0107. Ta wolna od dodatk\u00f3w mieszanka zapewnia naturalny, silny proces uprawy. Przechowywa\u0107 w ciemnym, ch\u0142odnym miejscu (2-8\u00b0C) w celu zachowania jako\u015bci. Te synergiczne sk\u0142adniki wspomagaj\u0105 rozw\u00f3j grzyb\u00f3w, dzi\u0119ki czemu zarodniki McKennaii s\u0105 dost\u0119pne i wydajne dla hodowc\u00f3w poszukuj\u0105cych g\u0142\u0119bokich efekt\u00f3w psychodelicznych tego szczepu.<\/p>\n<p dir=\"auto\"><strong>Ostrze\u017cenie<\/strong><\/p>\n<p dir=\"auto\">Przechowywa\u0107 McKennaii Magic Mushroom Spores w miejscu niedost\u0119pnym dla dzieci i u\u017cywa\u0107 w bezpiecznym, zamkni\u0119tym pomieszczeniu w obecno\u015bci zaufanej osoby. Unika\u0107 stosowania w ci\u0105\u017cy lub podczas karmienia piersi\u0105 ze wzgl\u0119du na potencjalne zagro\u017cenia dla zdrowia. Spo\u017cycie upo\u015bledza prowadzenie pojazd\u00f3w lub obs\u0142ug\u0119 maszyn. Nie \u0142\u0105czy\u0107 z alkoholem, narkotykami lub lekami, aby unikn\u0105\u0107 interakcji. Produkt nieodpowiedni dla os\u00f3b poni\u017cej 18 roku \u017cycia. Przechowywa\u0107 w ciemnym, ch\u0142odnym miejscu (2-8\u00b0C) i post\u0119powa\u0107 zgodnie z instrukcjami dotycz\u0105cymi uprawy, aby zapewni\u0107 bezpieczne i odpowiedzialne do\u015bwiadczenie.<\/p>","protected":false},"excerpt":{"rendered":"<p>To McKennaii Magic Mushroom Spores, ale nie daj si\u0119 zwie\u015b\u0107 ich uroczej nazwie. Te pot\u0119\u017cne ma\u0142e zarodniki s\u0105 intensywne. Od razu poczujesz osza\u0142amiaj\u0105ce efekty cubensis i od tego momentu b\u0119dziesz w swoim w\u0142asnym karnawale, wiruj\u0105c w ekscytuj\u0105cym kalejdoskopie, a twoje my\u015bli b\u0119d\u0105 coraz bardziej pokr\u0119cone. Brzmi jak szale\u0144stwo? To dlatego, \u017ce tak w\u0142a\u015bnie jest!<\/p>","protected":false},"featured_media":36156,"template":"","meta":[],"product_brand":[],"product_cat":[399,297,403,398,384],"product_tag":[978],"class_list":{"0":"post-36173","1":"product","2":"type-product","3":"status-publish","4":"has-post-thumbnail","6":"product_cat-shroomshop","7":"product_cat-all-products","8":"product_cat-magic-mushroom-spore-syringes","9":"product_cat-mushrooms","10":"product_cat-smartshop","11":"product_tag-shrdeal","12":"product_shipping_class-group-7","14":"first","15":"instock","16":"taxable","17":"shipping-taxable","18":"purchasable","19":"product-type-variable","20":"has-default-attributes"},"_links":{"self":[{"href":"https:\/\/www.headshop.nl\/pl\/wp-json\/wp\/v2\/product\/36173","targetHints":{"allow":["GET"]}}],"collection":[{"href":"https:\/\/www.headshop.nl\/pl\/wp-json\/wp\/v2\/product"}],"about":[{"href":"https:\/\/www.headshop.nl\/pl\/wp-json\/wp\/v2\/types\/product"}],"wp:featuredmedia":[{"embeddable":true,"href":"https:\/\/www.headshop.nl\/pl\/wp-json\/wp\/v2\/media\/36156"}],"wp:attachment":[{"href":"https:\/\/www.headshop.nl\/pl\/wp-json\/wp\/v2\/media?parent=36173"}],"wp:term":[{"taxonomy":"product_brand","embeddable":true,"href":"https:\/\/www.headshop.nl\/pl\/wp-json\/wp\/v2\/product_brand?post=36173"},{"taxonomy":"product_cat","embeddable":true,"href":"https:\/\/www.headshop.nl\/pl\/wp-json\/wp\/v2\/product_cat?post=36173"},{"taxonomy":"product_tag","embeddable":true,"href":"https:\/\/www.headshop.nl\/pl\/wp-json\/wp\/v2\/product_tag?post=36173"}],"curies":[{"name":"wp","href":"https:\/\/api.w.org\/{rel}","templated":true}]}}