{"id":36172,"date":"2021-08-24T07:56:52","date_gmt":"2021-08-24T07:56:52","guid":{"rendered":"https:\/\/www.headshop.nl\/?post_type=product&#038;p=36172"},"modified":"2026-03-29T01:26:22","modified_gmt":"2026-03-29T01:26:22","slug":"b-magic-mushroom-spores","status":"publish","type":"product","link":"https:\/\/www.headshop.nl\/pl\/b-magic-mushroom-spores\/","title":{"rendered":"B+ Magiczne zarodniki grzyb\u00f3w"},"content":{"rendered":"<h2 dir=\"auto\">Czym s\u0105 zarodniki grzyba B+ Magic Mushroom?<\/h2>\n<p dir=\"auto\">Zarodniki B+ Magic Mushroom, wszechstronnego szczepu Psilocybe cubensis, s\u0105 cenione za ich energiczny wzrost i zdolno\u015b\u0107 adaptacji do r\u00f3\u017cnych pod\u0142o\u017cy i temperatur. Dostarczana w sterylnej ampu\u0142ce hodowlanej o pojemno\u015bci 5 ML, gotowa do u\u017cycia p\u0142ynna kultura zmniejsza ryzyko zanieczyszczenia w por\u00f3wnaniu z odciskami zarodnik\u00f3w lub strzykawkami, zapewniaj\u0105c wysoki wska\u017anik sukcesu. Zawieraj\u0105ce grzybni\u0119 100%, wermikulit i perlit, zarodniki te wytwarzaj\u0105 widoczn\u0105 grzybni\u0119 w ci\u0105gu kilku dni, idealn\u0105 zar\u00f3wno dla pocz\u0105tkuj\u0105cych, jak i do\u015bwiadczonych hodowc\u00f3w. Przechowywa\u0107 w ciemnym, ch\u0142odnym miejscu (2-8\u00b0C), aby zachowa\u0107 \u017cywotno\u015b\u0107. Ta niezawodna odmiana oferuje przyst\u0119pne, \u017cywe do\u015bwiadczenie uprawy, obiecuj\u0105c niezwyk\u0142\u0105 psychodeliczn\u0105 podr\u00f3\u017c.<\/p>\n<h2 dir=\"auto\">Historia magicznych zarodnik\u00f3w grzyb\u00f3w B+<\/h2>\n<p dir=\"auto\">Pojawiaj\u0105ce si\u0119 w latach 1990-tych, prawdopodobnie w Stanach Zjednoczonych, zarodniki B+ Magic Mushroom zyska\u0142y swoj\u0105 nazw\u0119 dzi\u0119ki \"lepszej ni\u017c przeci\u0119tna\" wydajno\u015bci uprawy. Ten szczep Psilocybe cubensis sta\u0142 si\u0119 podstaw\u0105 dzi\u0119ki szybkiej kolonizacji pod\u0142o\u017ca i odporno\u015bci na zanieczyszczenia. Wprowadzenie Culture Ampoule zrewolucjonizowa\u0142o dost\u0119pno\u015b\u0107, oferuj\u0105c steryln\u0105 alternatyw\u0119 dla tradycyjnych metod, przemawiaj\u0105c zar\u00f3wno do hobbyst\u00f3w, jak i ekspert\u00f3w. Jej nies\u0142abn\u0105ca popularno\u015b\u0107 wynika z konsekwentnego, silnego wzrostu, \u0142\u0105cz\u0105cego bogat\u0105 histori\u0119 mikologii z nowoczesnymi osi\u0105gni\u0119ciami. Dzi\u015b zarodniki B+ pozostaj\u0105 zaufanym wyborem, uosabiaj\u0105c wszechstronno\u015b\u0107 i niezawodno\u015b\u0107 dla hodowc\u00f3w na ca\u0142ym \u015bwiecie.<\/p>\n<h2 dir=\"auto\">Jak korzysta\u0107 z B+ Magic Mushroom Spores<\/h2>\n<p dir=\"auto\">U\u017cywanie B+ Magic Mushroom Spores jest proste dzi\u0119ki sterylnej ampu\u0142ce hodowlanej. Dok\u0142adnie umyj r\u0119ce i wyczy\u015b\u0107 zewn\u0119trzn\u0105 cz\u0119\u015b\u0107 ampu\u0142ki sterylnym wacikiem nas\u0105czonym alkoholem. W czystym \u015brodowisku otw\u00f3rz sterylne opakowanie strzykawki, lekko poluzuj nasadk\u0119 ampu\u0142ki i przeci\u0105gnij 5 ML kultury przez gumow\u0105 uszczelk\u0119. Zaszczepi\u0107 pod\u0142o\u017ce i przechowywa\u0107 w temperaturze pokojowej. Wzrost grzybni pojawi si\u0119 w ci\u0105gu kilku dni, sygnalizuj\u0105c sukces. Pracuj w kontrolowanej, sterylnej przestrzeni i przechowuj niewykorzystane zarodniki w temperaturze 2-8\u00b0C. Ten przyjazny dla u\u017cytkownika proces zapewnia \u017cyw\u0105, niezawodn\u0105 upraw\u0119 na wszystkich poziomach umiej\u0119tno\u015bci.<\/p>\n<h2 dir=\"auto\">Sk\u0142adniki B+ Magic Mushroom Spores<\/h2>\n<p dir=\"auto\">Ka\u017cda ampu\u0142ka hodowlana o pojemno\u015bci 5 ML zawiera grzybni\u0119 100%, wermikulit i perlit, stworzone w sterylnych warunkach do solidnej uprawy. Grzybnia nap\u0119dza wzrost grzyb\u00f3w, wermikulit zatrzymuje wilgo\u0107, a perlit poprawia napowietrzanie i drena\u017c, wspieraj\u0105c agresywn\u0105 kolonizacj\u0119 szczepu B+. Ta wolna od dodatk\u00f3w mieszanka zapewnia czysto\u015b\u0107 i niezawodno\u015b\u0107 na r\u00f3\u017cnych pod\u0142o\u017cach. Przechowywa\u0107 w ciemnym, ch\u0142odnym miejscu (2-8\u00b0C), aby zachowa\u0107 jako\u015b\u0107. Te naturalne sk\u0142adniki zapewniaj\u0105 zr\u00f3wnowa\u017con\u0105, skuteczn\u0105 podstaw\u0119, dzi\u0119ki czemu zarodniki B+ s\u0105 wszechstronnym, wysokiej jako\u015bci wyborem dla hodowc\u00f3w poszukuj\u0105cych sp\u00f3jnych, \u017cywych rezultat\u00f3w.<\/p>\n<p dir=\"auto\"><strong>Ostrze\u017cenie<\/strong><\/p>\n<p dir=\"auto\">Przechowywa\u0107 B+ Magic Mushroom Spores w miejscu niedost\u0119pnym dla dzieci i u\u017cywa\u0107 w bezpiecznym, zamkni\u0119tym pomieszczeniu w obecno\u015bci zaufanej osoby. Nie stosowa\u0107 u kobiet w ci\u0105\u017cy lub karmi\u0105cych piersi\u0105 ze wzgl\u0119du na ryzyko dla zdrowia. Ten produkt upo\u015bledza prowadzenie pojazd\u00f3w lub obs\u0142ug\u0119 maszyn. Unika\u0107 \u0142\u0105czenia z alkoholem, narkotykami lub lekami, aby zapobiec niekorzystnym interakcjom. Produkt nieodpowiedni dla os\u00f3b poni\u017cej 18 roku \u017cycia. Przechowywa\u0107 w ciemnym, ch\u0142odnym miejscu (2-8\u00b0C) i post\u0119powa\u0107 zgodnie z instrukcjami dotycz\u0105cymi uprawy, aby zapewni\u0107 bezpieczne i odpowiedzialne do\u015bwiadczenie.<\/p>","protected":false},"excerpt":{"rendered":"<p>Zarodniki B+ Magic Mushroom to najlepsze grzyby w historii. Niezale\u017cnie od tego, czy jeste\u015b nowym, czy do\u015bwiadczonym psychonaut\u0105, te wywo\u0142uj\u0105ce rado\u015b\u0107 grzyby dadz\u0105 Ci ca\u0142e tripowe szcz\u0119\u015bcie, kt\u00f3rego szuka\u0142e\u015b. Te odmiany Cubensis osi\u0105gaj\u0105 ogromne rozmiary, wi\u0119c je\u015bli rozmiar jest dla Ciebie wa\u017cny, nie szukaj dalej!<\/p>","protected":false},"featured_media":36130,"template":"","meta":[],"product_brand":[],"product_cat":[399,297,403,398,384],"product_tag":[978],"class_list":{"0":"post-36172","1":"product","2":"type-product","3":"status-publish","4":"has-post-thumbnail","6":"product_cat-shroomshop","7":"product_cat-all-products","8":"product_cat-magic-mushroom-spore-syringes","9":"product_cat-mushrooms","10":"product_cat-smartshop","11":"product_tag-shrdeal","12":"product_shipping_class-group-7","14":"first","15":"instock","16":"taxable","17":"shipping-taxable","18":"purchasable","19":"product-type-variable","20":"has-default-attributes"},"_links":{"self":[{"href":"https:\/\/www.headshop.nl\/pl\/wp-json\/wp\/v2\/product\/36172","targetHints":{"allow":["GET"]}}],"collection":[{"href":"https:\/\/www.headshop.nl\/pl\/wp-json\/wp\/v2\/product"}],"about":[{"href":"https:\/\/www.headshop.nl\/pl\/wp-json\/wp\/v2\/types\/product"}],"wp:featuredmedia":[{"embeddable":true,"href":"https:\/\/www.headshop.nl\/pl\/wp-json\/wp\/v2\/media\/36130"}],"wp:attachment":[{"href":"https:\/\/www.headshop.nl\/pl\/wp-json\/wp\/v2\/media?parent=36172"}],"wp:term":[{"taxonomy":"product_brand","embeddable":true,"href":"https:\/\/www.headshop.nl\/pl\/wp-json\/wp\/v2\/product_brand?post=36172"},{"taxonomy":"product_cat","embeddable":true,"href":"https:\/\/www.headshop.nl\/pl\/wp-json\/wp\/v2\/product_cat?post=36172"},{"taxonomy":"product_tag","embeddable":true,"href":"https:\/\/www.headshop.nl\/pl\/wp-json\/wp\/v2\/product_tag?post=36172"}],"curies":[{"name":"wp","href":"https:\/\/api.w.org\/{rel}","templated":true}]}}