{"id":36171,"date":"2021-08-24T07:56:51","date_gmt":"2021-08-24T07:56:51","guid":{"rendered":"https:\/\/www.headshop.nl\/?post_type=product&#038;p=36171"},"modified":"2026-03-04T13:26:25","modified_gmt":"2026-03-04T13:26:25","slug":"golden-teacher-magic-mushroom-spores","status":"publish","type":"product","link":"https:\/\/www.headshop.nl\/pl\/golden-teacher-magic-mushroom-spores\/","title":{"rendered":"Golden Teacher Magiczne zarodniki grzyb\u00f3w"},"content":{"rendered":"<h2 dir=\"auto\">Czym s\u0105 zarodniki grzyba Golden Teacher Magic Mushroom?<\/h2>\n<p dir=\"auto\">Zarodniki grzyba Golden Teacher Magic Mushroom, znanego szczepu Psilocybe cubensis z p\u00f3\u017anych lat 80-tych, s\u0105 cenione za g\u0142\u0119bokie, introspektywne efekty. Dostarczane w sterylnej ampu\u0142ce hodowlanej o pojemno\u015bci 5 ML z grzybni\u0105 100%, wermikulitem i perlitem, zarodniki te upraszczaj\u0105 upraw\u0119 domow\u0105, minimalizuj\u0105c ryzyko zanieczyszczenia w por\u00f3wnaniu z tradycyjnymi odciskami zarodnik\u00f3w lub strzykawkami. Idealne dla pocz\u0105tkuj\u0105cych i do\u015bwiadczonych hodowc\u00f3w, oferuj\u0105 \u017cywe obrazy i g\u0142\u0119boki wgl\u0105d, idealne do podr\u00f3\u017cy duchowych lub edukacyjnych. Przechowywa\u0107 w ch\u0142odnym, ciemnym i ch\u0142odzonym miejscu (2-8\u00b0C), aby zachowa\u0107 moc. Golden Teacher zapewniaj\u0105 niezawodne, transformuj\u0105ce do\u015bwiadczenie, zach\u0119caj\u0105c do bezpiecznej eksploracji \u015bwiadomo\u015bci.<\/p>\n<h2 dir=\"auto\">Historia magicznych zarodnik\u00f3w grzyb\u00f3w Golden Teacher<\/h2>\n<p dir=\"auto\">Pojawiaj\u0105ce si\u0119 pod koniec lat 1980-tych zarodniki grzyba Golden Teacher Magic Mushroom, odmiany Psilocybe cubensis, s\u0105 owiane tajemnic\u0105, prawdopodobnie pochodz\u0105c\u0105 z wybrze\u017ca Zatoki Perskiej. Nazwane ze wzgl\u0119du na swoje z\u0142ote kapelusze i o\u015bwiecaj\u0105ce efekty, zyska\u0142y popularno\u015b\u0107 dzi\u0119ki silnym, sta\u0142ym plonom i \u0142atwo\u015bci uprawy. Rozw\u00f3j Culture Ampoule zwi\u0119kszy\u0142 dost\u0119pno\u015b\u0107 poprzez zmniejszenie ryzyka zanieczyszczenia, czyni\u0105c z nich podstaw\u0119 spo\u0142eczno\u015bci psychodelicznej. Ich reputacja jako \u017cywych, introspektywnych podr\u00f3\u017cy odzwierciedla po\u0142\u0105czenie historycznego uroku i nowoczesnej mikologii, symbolizuj\u0105c odkrywanie siebie i bezpieczn\u0105, domow\u0105 upraw\u0119 dla entuzjast\u00f3w poszukuj\u0105cych znacz\u0105cych do\u015bwiadcze\u0144.<\/p>\n<h2 dir=\"auto\">Jak korzysta\u0107 z Golden Teacher Magic Mushroom Spores<\/h2>\n<p dir=\"auto\">U\u017cywanie Golden Teacher Magic Mushroom Spores jest proste dzi\u0119ki sterylnej ampu\u0142ce hodowlanej. Dok\u0142adnie umyj r\u0119ce i wyczy\u015b\u0107 zewn\u0119trzn\u0105 cz\u0119\u015b\u0107 ampu\u0142ki sterylnym wacikiem nas\u0105czonym alkoholem. W czystym \u015brodowisku otw\u00f3rz sterylne opakowanie strzykawki, lekko poluzuj nasadk\u0119 ampu\u0142ki i przeci\u0105gnij 5 ML kultury przez gumow\u0105 uszczelk\u0119. R\u00f3wnomiernie zaszczepi\u0107 pod\u0142o\u017ce i przechowywa\u0107 w temperaturze pokojowej. Wzrost grzybni pojawi si\u0119 w ci\u0105gu kilku dni, sygnalizuj\u0105c sukces. Utrzymuj steryln\u0105 przestrze\u0144 robocz\u0105 i uprawiaj w bezpiecznym otoczeniu z zaufanym towarzyszem. Ten przyjazny dla u\u017cytkownika proces zapewnia satysfakcjonuj\u0105c\u0105 upraw\u0119 i introspektywne podr\u00f3\u017ce.<\/p>\n<h2 dir=\"auto\">Sk\u0142adniki Golden Teacher Magic Mushroom Spores<\/h2>\n<p dir=\"auto\">Ka\u017cda ampu\u0142ka hodowlana o pojemno\u015bci 5 ML zawiera grzybni\u0119 100%, wermikulit i perlit, wyprodukowane w sterylnych warunkach w celu zapewnienia niezawodnej uprawy. Grzybnia nap\u0119dza wzrost grzyb\u00f3w, wermikulit zatrzymuje wilgo\u0107 dla rozwoju grzybni, a perlit poprawia napowietrzanie i drena\u017c. Ta czysta, wolna od dodatk\u00f3w mieszanka minimalizuje zanieczyszczenie i wspiera silny wzrost, idealny dla pocz\u0105tkuj\u0105cych i do\u015bwiadczonych hodowc\u00f3w. Przechowywa\u0107 w ciemnym, ch\u0142odnym miejscu (2-8\u00b0C), aby zachowa\u0107 \u017cywotno\u015b\u0107. Te wysokiej jako\u015bci sk\u0142adniki zapewniaj\u0105 p\u0142ynny, skuteczny proces uprawy, dostarczaj\u0105c transformuj\u0105cych psychodelicznych do\u015bwiadcze\u0144 ze szczepem Golden Teacher.<\/p>\n<p dir=\"auto\"><strong>Ostrze\u017cenie<\/strong><\/p>\n<p dir=\"auto\">Przechowywa\u0107 Golden Teacher Magic Mushroom Spores w miejscu niedost\u0119pnym dla dzieci i u\u017cywa\u0107 w bezpiecznym, zamkni\u0119tym pomieszczeniu w obecno\u015bci zaufanej osoby. Nie stosowa\u0107 u kobiet w ci\u0105\u017cy lub karmi\u0105cych piersi\u0105 ze wzgl\u0119du na potencjalne zagro\u017cenie dla zdrowia. Ten produkt upo\u015bledza prowadzenie pojazd\u00f3w lub obs\u0142ug\u0119 maszyn. Unika\u0107 \u0142\u0105czenia z alkoholem, narkotykami lub lekami, aby zapobiec nieprzewidywalnym interakcjom. Produkt nieodpowiedni dla os\u00f3b poni\u017cej 18 roku \u017cycia. Przechowywa\u0107 w ciemnym, ch\u0142odnym miejscu (2-8\u00b0C) i post\u0119powa\u0107 zgodnie z instrukcjami dotycz\u0105cymi uprawy, aby zapewni\u0107 bezpieczne i odpowiedzialne do\u015bwiadczenie.<\/p>","protected":false},"excerpt":{"rendered":"<p>Golden Teacher Magic Mushroom jest jednym z najpopularniejszych grzyb\u00f3w dla psychonaut\u00f3w. Pocz\u0105tkuj\u0105cy mog\u0105 rozwa\u017cy\u0107 mniejsze dawki, a do\u015bwiadczeni psychonauci uwielbiaj\u0105 t\u0119 odmian\u0119 Cubensis, poniewa\u017c ma doskona\u0142e plony i szereg efekt\u00f3w. Zdob\u0105d\u017a zarodniki i zacznij uprawia\u0107 z\u0142otych nauczycieli ju\u017c teraz!<\/p>","protected":false},"featured_media":36146,"template":"","meta":[],"product_brand":[],"product_cat":[399,297,403,398,626,384],"product_tag":[978],"class_list":{"0":"post-36171","1":"product","2":"type-product","3":"status-publish","4":"has-post-thumbnail","6":"product_cat-shroomshop","7":"product_cat-all-products","8":"product_cat-magic-mushroom-spore-syringes","9":"product_cat-mushrooms","10":"product_cat-shroomshop-top-10","11":"product_cat-smartshop","12":"product_tag-shrdeal","13":"product_shipping_class-group-7","15":"first","16":"instock","17":"taxable","18":"shipping-taxable","19":"purchasable","20":"product-type-variable","21":"has-default-attributes"},"_links":{"self":[{"href":"https:\/\/www.headshop.nl\/pl\/wp-json\/wp\/v2\/product\/36171","targetHints":{"allow":["GET"]}}],"collection":[{"href":"https:\/\/www.headshop.nl\/pl\/wp-json\/wp\/v2\/product"}],"about":[{"href":"https:\/\/www.headshop.nl\/pl\/wp-json\/wp\/v2\/types\/product"}],"wp:featuredmedia":[{"embeddable":true,"href":"https:\/\/www.headshop.nl\/pl\/wp-json\/wp\/v2\/media\/36146"}],"wp:attachment":[{"href":"https:\/\/www.headshop.nl\/pl\/wp-json\/wp\/v2\/media?parent=36171"}],"wp:term":[{"taxonomy":"product_brand","embeddable":true,"href":"https:\/\/www.headshop.nl\/pl\/wp-json\/wp\/v2\/product_brand?post=36171"},{"taxonomy":"product_cat","embeddable":true,"href":"https:\/\/www.headshop.nl\/pl\/wp-json\/wp\/v2\/product_cat?post=36171"},{"taxonomy":"product_tag","embeddable":true,"href":"https:\/\/www.headshop.nl\/pl\/wp-json\/wp\/v2\/product_tag?post=36171"}],"curies":[{"name":"wp","href":"https:\/\/api.w.org\/{rel}","templated":true}]}}