{"id":36039,"date":"2021-08-23T11:55:28","date_gmt":"2021-08-23T11:55:28","guid":{"rendered":"https:\/\/www.headshop.nl\/?post_type=product&#038;p=36039"},"modified":"2025-10-16T07:02:44","modified_gmt":"2025-10-16T07:02:44","slug":"hawaiian-magic-mushroom-grow-kit","status":"publish","type":"product","link":"https:\/\/www.headshop.nl\/pl\/hawaiian-magic-mushroom-grow-kit\/","title":{"rendered":"Hawaiian Zestaw do uprawy magicznych grzyb\u00f3w"},"content":{"rendered":"<h2 class=\"\" dir=\"auto\">Czym s\u0105 magiczne grzyby Hawaiian?<\/h2>\n<p class=\"break-words\" dir=\"auto\">Hawaiian Magic Mushrooms, czyli Copelandia Cyanescens, to rzadka, silna odmiana znana z intensywnych efekt\u00f3w wizualnych i d\u0142ugotrwa\u0142ych dozna\u0144 pomimo niewielkich rozmiar\u00f3w. Wysoko cenione przez do\u015bwiadczonych hodowc\u00f3w, grzyby te zapewniaj\u0105 pot\u0119\u017cne efekty przy minimalnym dawkowaniu, co czyni je wyj\u0105tkowym dodatkiem do \u015bwiata psychodelik\u00f3w.<\/p>\n<p class=\"break-words\" dir=\"auto\">Zestaw do uprawy grzyb\u00f3w Magic Mushroom Hawaiian upraszcza domow\u0105 upraw\u0119, zawieraj\u0105c zestaw do uprawy, filtrowany worek do uprawy, tace na gleb\u0119 i spinacz do papieru. Przy starannej dba\u0142o\u015bci o temperatur\u0119 i wilgotno\u015b\u0107, hodowcy mog\u0105 uzyska\u0107 do 100 gram\u00f3w w wielu rzutach, oferuj\u0105c ekscytuj\u0105c\u0105 okazj\u0119 zar\u00f3wno do\u015bwiadczonym, jak i pocz\u0105tkuj\u0105cym hodowcom do odkrywania tej niezwyk\u0142ej odmiany.<\/p>\n<h2 class=\"\" dir=\"auto\">Historia magicznych grzyb\u00f3w Hawaiian<\/h2>\n<p class=\"break-words\" dir=\"auto\">Pochodz\u0105ce z tropikalnych krajobraz\u00f3w Hawaj\u00f3w magiczne grzyby Hawaiian, znane jako Copelandia Cyanescens, maj\u0105 bogat\u0105 histori\u0119 zwi\u0105zan\u0105 z rdzennymi praktykami duchowymi. Cenione od wiek\u00f3w, grzyby te by\u0142y wykorzystywane w ceremoniach do wywo\u0142ywania g\u0142\u0119bokiej introspekcji i po\u0142\u0105czenia z natur\u0105, dzi\u0119ki czemu zyska\u0142y reputacj\u0119 \"\u015bwi\u0119tego Graala\" magicznych grzyb\u00f3w.<\/p>\n<p class=\"break-words\" dir=\"auto\">Nowoczesne post\u0119py w mikologii sprawi\u0142y, \u017ce uprawa sta\u0142a si\u0119 dost\u0119pna dzi\u0119ki zestawowi Hawaiian Magic Mushroom Growkit, \u0142\u0105cz\u0105c staro\u017cytne zwi\u0105zki psychoaktywne z przyjazn\u0105 dla u\u017cytkownika technologi\u0105. Ich wymagaj\u0105cy proces uprawy, ze wzgl\u0119du na ich wra\u017cliwo\u015b\u0107, nadal urzeka hodowc\u00f3w pragn\u0105cych po\u0142\u0105czy\u0107 tradycyjne praktyki ze wsp\u00f3\u0142czesn\u0105 eksploracj\u0105 ich \u017cywych, d\u0142ugotrwa\u0142ych efekt\u00f3w.<\/p>\n<h2 class=\"\" dir=\"auto\">Jak korzysta\u0107 z Hawaiian Magic Mushrooms<\/h2>\n<p class=\"break-words\" dir=\"auto\">Uprawa Hawaiian Magic Mushrooms wymaga skrupulatnego, ale prostego podej\u015bcia przy u\u017cyciu dostarczonego zestawu do uprawy. Zacznij od czystych r\u0105k, r\u00f3wnomiernie rozprowad\u017a gleb\u0119 w zestawie, zaparuj, a\u017c b\u0119dzie bardzo wilgotna i umie\u015b\u0107 j\u0105 w przefiltrowanej torbie do uprawy, zabezpieczaj\u0105c j\u0105 spinaczem. Codzienne zamg\u0142awianie i od\u015bwie\u017canie tlenu poprzez \u015bciskanie worka s\u0105 niezb\u0119dne do utrzymania wilgotno\u015bci i jako\u015bci powietrza.<\/p>\n<p class=\"break-words\" dir=\"auto\">Grzyby tworz\u0105 si\u0119 w ci\u0105gu 6-11 dni; po tym czasie wyjmij zestaw z torby, spryskaj tylko wn\u0119trze torby i zbierz 36 godzin po pojawieniu si\u0119 czarnych zarodnik\u00f3w, zwykle 5-7 dni po rozpocz\u0119ciu wzrostu, zrywaj\u0105c je u podstawy. Powt\u00f3rz proces zamg\u0142awiania dla dodatkowych rzut\u00f3w, zapewniaj\u0105c sta\u0142\u0105 opiek\u0119, aby zmaksymalizowa\u0107 wra\u017cliw\u0105, ale satysfakcjonuj\u0105c\u0105 wydajno\u015b\u0107 zestawu.<\/p>\n<h2 class=\"\" dir=\"auto\">Sk\u0142adniki Hawaiian Magic Mushrooms<\/h2>\n<p class=\"break-words\" dir=\"auto\">Zestaw Hawaiian Magic Mushroom Growkit zawiera wszystkie niezb\u0119dne elementy do uprawy Copelandia Cyanescens, w tym wst\u0119pnie przygotowany zestaw do uprawy ze zoptymalizowanym pod\u0142o\u017cem, dwie tace na gleb\u0119, filtrowany worek do uprawy i spinacz do papieru. Zawarto\u015b\u0107 psylocybiny w grzybach, kt\u00f3ra w organizmie przekszta\u0142ca si\u0119 w psylocyn\u0119, nap\u0119dza ich halucynogenne dzia\u0142anie poprzez interakcj\u0119 z receptorami serotoniny, wp\u0142ywaj\u0105c na nastr\u00f3j i percepcj\u0119.<\/p>\n<p class=\"break-words\" dir=\"auto\">Wymagaj\u0105ce jedynie wody i starannej konserwacji pod\u0142o\u017ce zapewnia idealne sk\u0142adniki od\u017cywcze dla tych wra\u017cliwych grzyb\u00f3w, eliminuj\u0105c potrzeb\u0119 stosowania skomplikowanego sprz\u0119tu. Konstrukcja typu \"wszystko w jednym\" k\u0142adzie nacisk na czysto\u015b\u0107 i precyzj\u0119, umo\u017cliwiaj\u0105c hodowcom osi\u0105gni\u0119cie silnych plon\u00f3w z silnymi efektami wizualnymi dzi\u0119ki kontrolowanej temperaturze, wilgotno\u015bci i poziomom tlenu.<\/p>\n<p dir=\"auto\"><strong>Ostrze\u017cenie: Informacje dotycz\u0105ce bezpiecze\u0144stwa<\/strong><\/p>\n<p class=\"break-words\" dir=\"auto\">Magiczne grzyby Hawaiian zawieraj\u0105 psylocybin\u0119 i psylocyn\u0119, silne halucynogeny, kt\u00f3re mog\u0105 wywo\u0142ywa\u0107 \u017cywe halucynacje i zmienione stany \u015bwiadomo\u015bci poprzez wp\u0142yw na uk\u0142ad serotoninowy m\u00f3zgu. Ze wzgl\u0119du na silne w\u0142a\u015bciwo\u015bci psychoaktywne nale\u017cy obchodzi\u0107 si\u0119 z nimi i spo\u017cywa\u0107 je ostro\u017cnie.<\/p>\n<p class=\"break-words\" dir=\"auto\">Grzyby i zestaw nale\u017cy przechowywa\u0107 w miejscu niedost\u0119pnym dla dzieci, aby zapobiec przypadkowemu spo\u017cyciu. Utrzymuj czyste \u015brodowisko, aby unikn\u0105\u0107 zanieczyszczenia i przechowuj zestaw w lod\u00f3wce, aby zachowa\u0107 jego 6-tygodniowy okres przydatno\u015bci do spo\u017cycia, poniewa\u017c \u017cywotno\u015b\u0107 jest ograniczona poza lod\u00f3wk\u0105.<\/p>","protected":false},"excerpt":{"rendered":"<p>Jedna z najsilniejszych magicznych odmian grzyb\u00f3w, kt\u00f3ra zapewni ci \"przyjazne\" podr\u00f3\u017ce z pe\u0142nym zakresem wariacji. Intensywne do\u015bwiadczenie duchowe z wystarczaj\u0105c\u0105 ilo\u015bci\u0105 zniekszta\u0142ce\u0144 wizualnych. Nie jest to odmiana psilocybe cubensis, kt\u00f3ra jest \u015bwietna dla psychonaut\u00f3w, kt\u00f3rzy s\u0105 ju\u017c do\u015bwiadczeni i chc\u0105 doda\u0107 now\u0105 moc do swojej podr\u00f3\u017cy. S\u0105 bardzo, bardzo silne. Powa\u017cnie.<\/p>","protected":false},"featured_media":36097,"template":"","meta":[],"product_brand":[],"product_cat":[399,297,400,398,384,834],"product_tag":[978],"class_list":{"0":"post-36039","1":"product","2":"type-product","3":"status-publish","4":"has-post-thumbnail","6":"product_cat-shroomshop","7":"product_cat-all-products","8":"product_cat-magic-mushroom-grow-kits","9":"product_cat-mushrooms","10":"product_cat-smartshop","11":"product_cat-strong-magic-mushrooms","12":"product_tag-shrdeal","13":"product_shipping_class-group-7","15":"first","16":"instock","17":"taxable","18":"shipping-taxable","19":"purchasable","20":"product-type-variable","21":"has-default-attributes"},"_links":{"self":[{"href":"https:\/\/www.headshop.nl\/pl\/wp-json\/wp\/v2\/product\/36039","targetHints":{"allow":["GET"]}}],"collection":[{"href":"https:\/\/www.headshop.nl\/pl\/wp-json\/wp\/v2\/product"}],"about":[{"href":"https:\/\/www.headshop.nl\/pl\/wp-json\/wp\/v2\/types\/product"}],"wp:featuredmedia":[{"embeddable":true,"href":"https:\/\/www.headshop.nl\/pl\/wp-json\/wp\/v2\/media\/36097"}],"wp:attachment":[{"href":"https:\/\/www.headshop.nl\/pl\/wp-json\/wp\/v2\/media?parent=36039"}],"wp:term":[{"taxonomy":"product_brand","embeddable":true,"href":"https:\/\/www.headshop.nl\/pl\/wp-json\/wp\/v2\/product_brand?post=36039"},{"taxonomy":"product_cat","embeddable":true,"href":"https:\/\/www.headshop.nl\/pl\/wp-json\/wp\/v2\/product_cat?post=36039"},{"taxonomy":"product_tag","embeddable":true,"href":"https:\/\/www.headshop.nl\/pl\/wp-json\/wp\/v2\/product_tag?post=36039"}],"curies":[{"name":"wp","href":"https:\/\/api.w.org\/{rel}","templated":true}]}}