{"id":36035,"date":"2021-08-23T11:55:25","date_gmt":"2021-08-23T11:55:25","guid":{"rendered":"https:\/\/www.headshop.nl\/?post_type=product&#038;p=36035"},"modified":"2025-10-16T07:02:44","modified_gmt":"2025-10-16T07:02:44","slug":"ecuadorian-magic-mushroom-grow-kit","status":"publish","type":"product","link":"https:\/\/www.headshop.nl\/pl\/ecuadorian-magic-mushroom-grow-kit\/","title":{"rendered":"Ecuadorian Zestaw do uprawy magicznych grzyb\u00f3w"},"content":{"rendered":"<h2 class=\"\" dir=\"auto\">Czym s\u0105 zestawy Ecuadorian All-in-One GrowKits?<\/h2>\n<p class=\"break-words\" dir=\"auto\">Zestaw Ecuadorian All-in-One GrowKit to przyjazne dla u\u017cytkownika rozwi\u0105zanie do uprawy wysokiej jako\u015bci grzyb\u00f3w Ecuadorian Magic Mushrooms, idealne zar\u00f3wno dla pocz\u0105tkuj\u0105cych, jak i do\u015bwiadczonych hodowc\u00f3w. Zawiera tac\u0119 do uprawy, worek do uprawy z filtrami powietrza i dwa spinacze biurowe, wymagaj\u0105ce jedynie wody do produkcji silnych grzyb\u00f3w znanych z czystych, \u017cywych efekt\u00f3w.<\/p>\n<p class=\"break-words\" dir=\"auto\">Przy odpowiedniej piel\u0119gnacji, zestaw pozwala na uzyskanie do trzech zbior\u00f3w, przy czym pierwszy rzut daje oko\u0142o 400 gram\u00f3w z zestawu o pojemno\u015bci 1200 cm3. Przechowywany w lod\u00f3wce zachowuje \u017cywotno\u015b\u0107 przez sze\u015b\u0107 miesi\u0119cy, oferuj\u0105c niezawodny spos\u00f3b na upraw\u0119 \u015bwie\u017cych, autentycznych grzyb\u00f3w Magic Mushrooms w domu, zapewniaj\u0105c czyste i przyjemne doznania psychodeliczne.<\/p>\n<h2 class=\"\" dir=\"auto\">Historia zestaw\u00f3w Ecuadorian All-in-One GrowKits<\/h2>\n<p class=\"break-words\" dir=\"auto\">Zakorzenione w po\u0142udniowoameryka\u0144skich tradycjach, magiczne grzyby Ecuadorian by\u0142y u\u017cywane przez wieki przez rdzenne spo\u0142eczno\u015bci Ecuadorian w duchowych i leczniczych rytua\u0142ach, aby po\u0142\u0105czy\u0107 si\u0119 z natur\u0105 i bosko\u015bci\u0105. Nowoczesny zestaw All-in-One GrowKit, kt\u00f3rego pionierem by\u0142y firmy takie jak Mcsmart, pojawi\u0142 si\u0119 pod koniec XX wieku, dzi\u0119ki czemu te kulturowo wa\u017cne grzyby sta\u0142y si\u0119 dost\u0119pne do domowej uprawy.<\/p>\n<p class=\"break-words\" dir=\"auto\">Odmiana Ecuadorian, ceniona za zr\u00f3wnowa\u017con\u0105 moc i czyste efekty podobne do odmian Colombian, czerpie korzy\u015bci z wieloletniego udoskonalania uprawy. Zestaw \u0142\u0105czy staro\u017cytne dziedzictwo z nowoczesnymi innowacjami, zaspokajaj\u0105c rosn\u0105ce zapotrzebowanie na wysokiej jako\u015bci grzyby Magic Mushrooms z domowej uprawy, jednocze\u015bnie szanuj\u0105c ich historyczne znaczenie.<\/p>\n<h2 class=\"\" dir=\"auto\">Jak korzysta\u0107 z zestaw\u00f3w Ecuadorian All-in-One GrowKits<\/h2>\n<p class=\"break-words\" dir=\"auto\">Aby u\u017cy\u0107 zestawu Ecuadorian All-in-One GrowKit, zacznij od umycia r\u0105k i wyczyszczenia zewn\u0119trznej cz\u0119\u015bci zestawu such\u0105 szmatk\u0105. Namocz tack\u0119 w letniej wodzie (20\u00b0C) przez pi\u0119\u0107 minut, ods\u0105cz i umie\u015b\u0107 j\u0105 w worku hodowlanym z 200-250 ml wody, zamykaj\u0105c go spinaczami. Przechowuj worek w temperaturze 20-25\u00b0C, z dala od \u015bwiat\u0142a s\u0142onecznego lub ciep\u0142a, a\u017c do uformowania si\u0119 g\u0142\u00f3wek w ci\u0105gu 10-20 dni.<\/p>\n<p class=\"break-words\" dir=\"auto\">Gdy pojawi\u0105 si\u0119 g\u0142\u00f3wki, nale\u017cy codziennie wietrzy\u0107 worek i lekko go spryskiwa\u0107. Zbieraj grzyby tu\u017c przed p\u0119kni\u0119ciem zas\u0142ony, delikatnie je wykr\u0119caj\u0105c i powtarzaj ten proces przez maksymalnie trzy p\u0142ukania. Ta prosta metoda zapewnia \u015bwie\u017ce, silne grzyby Ecuadorian Magic Mushrooms przy minimalnym wysi\u0142ku.<\/p>\n<h2 class=\"\" dir=\"auto\">Sk\u0142adniki zestawu Ecuadorian All-in-One GrowKits<\/h2>\n<p class=\"break-words\" dir=\"auto\">Zestaw Ecuadorian All-in-One GrowKit zawiera wst\u0119pnie zaszczepione pod\u0142o\u017ce z grzybni\u0105 Ecuadorian Magic Mushroom, wykonan\u0105 z materia\u0142\u00f3w organicznych, takich jak ziarno, s\u0142oma lub kompost, aby wspiera\u0107 silny wzrost. Zestaw zawiera torb\u0119 do uprawy z filtrami powietrza i dwoma spinaczami do papieru, aby utrzyma\u0107 wilgotno\u015b\u0107 i zapobiec zanieczyszczeniu, wymagaj\u0105c jedynie letniej wody na pocz\u0105tek.<\/p>\n<p class=\"break-words\" dir=\"auto\">Nie stosuje si\u0119 \u017cadnych syntetycznych dodatk\u00f3w, zapewniaj\u0105c naturalny proces uprawy, kt\u00f3ry zachowuje moc grzyb\u00f3w opart\u0105 na psilocybinie. Czyste, \u017cywe efekty odmiany Ecuadorian s\u0105 nieod\u0142\u0105cznym elementem grzybni, dzi\u0119ki czemu ten starannie zaprojektowany zestaw jest prostym, ale skutecznym narz\u0119dziem do uzyskiwania wysokiej jako\u015bci plon\u00f3w.<\/p>\n<p dir=\"auto\"><strong>Ostrze\u017cenie: Bezpieczna obs\u0142uga i przechowywanie<\/strong><\/p>\n<p class=\"break-words\" dir=\"auto\">Magiczne grzyby Ecuadorian zawieraj\u0105 psylocybin\u0119 i psylocyn\u0119, silne halucynogeny, kt\u00f3re zmieniaj\u0105 \u015bwiadomo\u015b\u0107, nastr\u00f3j i percepcj\u0119 poprzez wp\u0142yw na poziom serotoniny. Nale\u017cy spo\u017cywa\u0107 je ostro\u017cnie w bezpiecznym \u015brodowisku ze wzgl\u0119du na ich silne dzia\u0142anie.<\/p>\n<p class=\"break-words\" dir=\"auto\">Zestaw i grzyby nale\u017cy przechowywa\u0107 w miejscu niedost\u0119pnym dla dzieci i zwierz\u0105t domowych, aby zapobiec przypadkowemu spo\u017cyciu. Przed u\u017cyciem skonsultuj si\u0119 z lekarzem, zw\u0142aszcza je\u015bli cierpisz na schorzenia lub przyjmujesz leki, aby zapewni\u0107 bezpieczn\u0105 obs\u0142ug\u0119 i konsumpcj\u0119.<\/p>","protected":false},"excerpt":{"rendered":"<p>Magiczne grzyby Ecuadorian to idealny wyb\u00f3r dla ka\u017cdego, kto szuka duchowego i introspektywnego do\u015bwiadczenia. Maj\u0105 bardzo ma\u0142o wizualizacji, co oznacza, \u017ce s\u0105 \u015bwietne, je\u015bli chcesz skupi\u0107 si\u0119 na g\u0142\u0119bokich filozoficznych my\u015blach, a nie na halucynacjach jasnych kolor\u00f3w lub zwierz\u0105t biegaj\u0105cych po twojej g\u0142owie!<\/p>","protected":false},"featured_media":36085,"template":"","meta":[],"product_brand":[],"product_cat":[399,297,400,398,384,834],"product_tag":[978],"class_list":{"0":"post-36035","1":"product","2":"type-product","3":"status-publish","4":"has-post-thumbnail","6":"product_cat-shroomshop","7":"product_cat-all-products","8":"product_cat-magic-mushroom-grow-kits","9":"product_cat-mushrooms","10":"product_cat-smartshop","11":"product_cat-strong-magic-mushrooms","12":"product_tag-shrdeal","13":"product_shipping_class-group-7","15":"first","16":"instock","17":"taxable","18":"shipping-taxable","19":"purchasable","20":"product-type-variable","21":"has-default-attributes"},"_links":{"self":[{"href":"https:\/\/www.headshop.nl\/pl\/wp-json\/wp\/v2\/product\/36035","targetHints":{"allow":["GET"]}}],"collection":[{"href":"https:\/\/www.headshop.nl\/pl\/wp-json\/wp\/v2\/product"}],"about":[{"href":"https:\/\/www.headshop.nl\/pl\/wp-json\/wp\/v2\/types\/product"}],"wp:featuredmedia":[{"embeddable":true,"href":"https:\/\/www.headshop.nl\/pl\/wp-json\/wp\/v2\/media\/36085"}],"wp:attachment":[{"href":"https:\/\/www.headshop.nl\/pl\/wp-json\/wp\/v2\/media?parent=36035"}],"wp:term":[{"taxonomy":"product_brand","embeddable":true,"href":"https:\/\/www.headshop.nl\/pl\/wp-json\/wp\/v2\/product_brand?post=36035"},{"taxonomy":"product_cat","embeddable":true,"href":"https:\/\/www.headshop.nl\/pl\/wp-json\/wp\/v2\/product_cat?post=36035"},{"taxonomy":"product_tag","embeddable":true,"href":"https:\/\/www.headshop.nl\/pl\/wp-json\/wp\/v2\/product_tag?post=36035"}],"curies":[{"name":"wp","href":"https:\/\/api.w.org\/{rel}","templated":true}]}}