{"id":36031,"date":"2021-08-23T11:55:21","date_gmt":"2021-08-23T11:55:21","guid":{"rendered":"https:\/\/www.headshop.nl\/?post_type=product&#038;p=36031"},"modified":"2025-10-16T07:02:45","modified_gmt":"2025-10-16T07:02:45","slug":"cambodian-magic-mushroom-grow-kit","status":"publish","type":"product","link":"https:\/\/www.headshop.nl\/pl\/cambodian-magic-mushroom-grow-kit\/","title":{"rendered":"Cambodian Zestaw do uprawy magicznych grzyb\u00f3w"},"content":{"rendered":"<h2 class=\"\" dir=\"auto\">Czym s\u0105 grzyby Cambodian?<\/h2>\n<p class=\"break-words\" dir=\"auto\">Zestaw Cambodian Mushroom All-in-One GrowKit upraszcza domow\u0105 upraw\u0119, dostarczaj\u0105c esencj\u0119 tropikalnego dziedzictwa Kambod\u017cy hodowcom na ca\u0142ym \u015bwiecie. Wyposa\u017cony w worek do uprawy, filtry powietrza i spinacze, zestaw ten zapewnia wszystko, co potrzebne do produkcji wysokiej jako\u015bci grzyb\u00f3w, daj\u0105c oko\u0142o 400 gram\u00f3w z zestawu 1200cc w pierwszym sp\u0142ukiwaniu przy u\u017cyciu tylko wody i podstawowej piel\u0119gnacji.<\/p>\n<p class=\"break-words\" dir=\"auto\">Oferuj\u0105c zr\u00f3wnowa\u017cone, \u017cywe doznania psychodeliczne, grzyby Cambodian s\u0105 idealne dla pocz\u0105tkuj\u0105cych ze wzgl\u0119du na ich umiarkowan\u0105 moc. Przechowywany w ch\u0142odnym miejscu zestaw zachowuje \u017cywotno\u015b\u0107 przez okres do sze\u015bciu miesi\u0119cy, umo\u017cliwiaj\u0105c nawet trzykrotne wyp\u0142ukanie, co czyni go satysfakcjonuj\u0105cym wyborem dla os\u00f3b odkrywaj\u0105cych mikologi\u0119 w bezpiecznym, kontrolowanym otoczeniu.<\/p>\n<h2 class=\"\" dir=\"auto\">Historia grzyb\u00f3w Cambodian<\/h2>\n<p class=\"break-words\" dir=\"auto\">Pochodz\u0105ce z okolic kambod\u017ca\u0144skiej \u015bwi\u0105tyni Angkor Wat, grzyby Cambodian zosta\u0142y odkryte przez mikolog\u00f3w zainteresowanych bior\u00f3\u017cnorodno\u015bci\u0105 tego regionu. Tradycyjnie u\u017cywane w praktykach duchowych ze wzgl\u0119du na ich introspektywne efekty, grzyby te, z umiarkowanym poziomem psilocybiny, sta\u0142y si\u0119 globalnym faworytem, inspiruj\u0105c do stworzenia zestawu Cambodian Mushroom All-in-One GrowKit.<\/p>\n<p class=\"break-words\" dir=\"auto\">Post\u0119py w mikologii pozwoli\u0142y odtworzy\u0107 wilgotne warunki Kambod\u017cy, umo\u017cliwiaj\u0105c sp\u00f3jn\u0105 upraw\u0119 domow\u0105. Zestaw odzwierciedla lata udoskonalania, \u0142\u0105cz\u0105c staro\u017cytne znaczenie kulturowe z nowoczesn\u0105 dost\u0119pno\u015bci\u0105, dzi\u0119ki czemu grzyby Cambodian s\u0105 popularnym wyborem dla hobbyst\u00f3w pragn\u0105cych odkry\u0107 ich historyczny i psychodeliczny potencja\u0142.<\/p>\n<h2 class=\"\" dir=\"auto\">Jak u\u017cywa\u0107 grzyb\u00f3w Cambodian<\/h2>\n<p class=\"break-words\" dir=\"auto\">Aby u\u017cy\u0107 zestawu Cambodian Mushroom All-in-One GrowKit, zacznij od umycia r\u0105k i wyczyszczenia zewn\u0119trznej cz\u0119\u015bci zestawu such\u0105 szmatk\u0105. Namocz zestaw w letniej wodzie (20\u00b0C) przez pi\u0119\u0107 minut, ods\u0105cz i umie\u015b\u0107 go w worku hodowlanym z 200-250 ml wody, zamykaj\u0105c go spinaczami. Przechowywa\u0107 w temperaturze 20-25\u00b0C, unikaj\u0105c \u015bwiat\u0142a s\u0142onecznego, do momentu uformowania si\u0119 g\u0142\u00f3wek w ci\u0105gu 10-20 dni.<\/p>\n<p class=\"break-words\" dir=\"auto\">Gdy pojawi\u0105 si\u0119 g\u0142\u00f3wki grzyb\u00f3w, nale\u017cy codziennie wietrzy\u0107 worek i lekko go spryskiwa\u0107. Zbieraj grzyby tu\u017c przed p\u0119kni\u0119ciem zas\u0142ony, wykr\u0119caj\u0105c je i powtarzaj\u0105c proces dla dodatkowych p\u0119d\u00f3w. Ta prosta metoda zapewnia wysokiej jako\u015bci plony, zapewniaj\u0105c wyj\u0105tkowe, przyst\u0119pne efekty grzyba Cambodian przy minimalnym wysi\u0142ku.<\/p>\n<h2 class=\"\" dir=\"auto\">Sk\u0142adniki grzyba Cambodian<\/h2>\n<p class=\"break-words\" dir=\"auto\">Zestaw Cambodian Mushroom All-in-One GrowKit zawiera pod\u0142o\u017ce o pojemno\u015bci 1200 cm3 wst\u0119pnie zaszczepione grzybni\u0105 Cambodian Mushroom, zoptymalizowan\u0105 pod k\u0105tem silnego wzrostu. Worek hodowlany z filtrami powietrza i dwoma spinaczami utrzymuje sterylne, wilgotne \u015brodowisko, wymagaj\u0105c jedynie letniej wody do rozpocz\u0119cia uprawy, bez dodatkowych chemikali\u00f3w lub sk\u0142adnik\u00f3w od\u017cywczych.<\/p>\n<p class=\"break-words\" dir=\"auto\">Grzybnia, pochodz\u0105ca ze szczepu Cambodian, naturalnie wytwarza psylocybin\u0119, kt\u00f3ra przekszta\u0142ca si\u0119 w psylocyn\u0119, zapewniaj\u0105c psychodeliczne efekty. Ta op\u0142ywowa, wysokiej jako\u015bci konstrukcja zapewnia dost\u0119pno\u015b\u0107 i sp\u00f3jne wyniki, umo\u017cliwiaj\u0105c hodowcom \u0142atwe uprawianie silnych grzyb\u00f3w przy odpowiednim przechowywaniu.<\/p>\n<p dir=\"auto\"><strong>Ostrze\u017cenie<\/strong><\/p>\n<p class=\"break-words\" dir=\"auto\">Grzyby Cambodian zawieraj\u0105 psylocybin\u0119 i psylocyn\u0119, naturalne halucynogeny, kt\u00f3re zmieniaj\u0105 nastr\u00f3j, percepcj\u0119 i funkcje poznawcze poprzez wp\u0142yw na poziom serotoniny. Nale\u017cy spo\u017cywa\u0107 je ostro\u017cnie w bezpiecznym \u015brodowisku ze wzgl\u0119du na ich silne dzia\u0142anie i unika\u0107 stosowania w przypadku chor\u00f3b psychicznych lub przyjmowania lek\u00f3w wp\u0142ywaj\u0105cych na poziom serotoniny.<\/p>\n<p class=\"break-words\" dir=\"auto\">Grzyby i zestaw do uprawy nale\u017cy przechowywa\u0107 poza zasi\u0119giem dzieci, aby zapobiec przypadkowemu spo\u017cyciu. Nigdy nie \u0142\u0105cz z alkoholem lub innymi substancjami i upewnij si\u0119, \u017ce jeste\u015b dobrze poinformowany o ich skutkach przed u\u017cyciem, aby zapewni\u0107 bezpieczne do\u015bwiadczenie.<\/p>","protected":false},"excerpt":{"rendered":"<p>Magiczne grzyby Cambodian s\u0105 idealne dla os\u00f3b poszukuj\u0105cych psychodelicznego tripu o \u015bredniej sile. Maj\u0105 wszystkie efekty, jakich mo\u017cna oczekiwa\u0107 od magicznych grzyb\u00f3w i nie s\u0105 zbyt silne, wi\u0119c psychonauci z nisk\u0105 tolerancj\u0105 nadal mog\u0105 si\u0119 nimi cieszy\u0107. Uprawiaj Cambodian, je\u015bli lubisz \u0142agodniejsze psychodeliki lub chcesz \u0142atwiej odmierza\u0107 dawki!<\/p>","protected":false},"featured_media":36071,"template":"","meta":[],"product_brand":[],"product_cat":[399,297,400,398,384,834],"product_tag":[978],"class_list":{"0":"post-36031","1":"product","2":"type-product","3":"status-publish","4":"has-post-thumbnail","6":"product_cat-shroomshop","7":"product_cat-all-products","8":"product_cat-magic-mushroom-grow-kits","9":"product_cat-mushrooms","10":"product_cat-smartshop","11":"product_cat-strong-magic-mushrooms","12":"product_tag-shrdeal","13":"product_shipping_class-group-7","15":"first","16":"instock","17":"taxable","18":"shipping-taxable","19":"purchasable","20":"product-type-variable","21":"has-default-attributes"},"_links":{"self":[{"href":"https:\/\/www.headshop.nl\/pl\/wp-json\/wp\/v2\/product\/36031","targetHints":{"allow":["GET"]}}],"collection":[{"href":"https:\/\/www.headshop.nl\/pl\/wp-json\/wp\/v2\/product"}],"about":[{"href":"https:\/\/www.headshop.nl\/pl\/wp-json\/wp\/v2\/types\/product"}],"wp:featuredmedia":[{"embeddable":true,"href":"https:\/\/www.headshop.nl\/pl\/wp-json\/wp\/v2\/media\/36071"}],"wp:attachment":[{"href":"https:\/\/www.headshop.nl\/pl\/wp-json\/wp\/v2\/media?parent=36031"}],"wp:term":[{"taxonomy":"product_brand","embeddable":true,"href":"https:\/\/www.headshop.nl\/pl\/wp-json\/wp\/v2\/product_brand?post=36031"},{"taxonomy":"product_cat","embeddable":true,"href":"https:\/\/www.headshop.nl\/pl\/wp-json\/wp\/v2\/product_cat?post=36031"},{"taxonomy":"product_tag","embeddable":true,"href":"https:\/\/www.headshop.nl\/pl\/wp-json\/wp\/v2\/product_tag?post=36031"}],"curies":[{"name":"wp","href":"https:\/\/api.w.org\/{rel}","templated":true}]}}