{"id":36023,"date":"2021-08-23T11:55:13","date_gmt":"2021-08-23T11:55:13","guid":{"rendered":"https:\/\/www.headshop.nl\/?post_type=product&#038;p=36023"},"modified":"2025-10-16T07:02:46","modified_gmt":"2025-10-16T07:02:46","slug":"thai-magic-mushroom-grow-kit","status":"publish","type":"product","link":"https:\/\/www.headshop.nl\/pl\/thai-magic-mushroom-grow-kit\/","title":{"rendered":"Thai Zestaw do uprawy magicznych grzyb\u00f3w"},"content":{"rendered":"<h2 class=\"\" dir=\"auto\">Czym s\u0105 magiczne grzyby Thai?<\/h2>\n<p class=\"break-words\" dir=\"auto\">Grzyby Thai Magic Mushrooms s\u0105 znane ze swoich euforycznych, radosnych efekt\u00f3w, przywo\u0142uj\u0105cych \u017cyw\u0105 energi\u0119 s\u0142ynnych koktajli mlecznych Thailand. Znane z wysokich plon\u00f3w i mocy podobnej do szczep\u00f3w Mexican, grzyby te mo\u017cna \u0142atwo uprawia\u0107 za pomoc\u0105 zestawu All-in-One GrowKit, kt\u00f3ry zawiera worek do uprawy, filtry powietrza i spinacze biurowe, wymagaj\u0105ce jedynie wody i prostych instrukcji.<\/p>\n<p class=\"break-words\" dir=\"auto\">Ka\u017cdy zestaw o pojemno\u015bci 1200 cm3 mo\u017ce da\u0107 do 500 gram\u00f3w w pierwszym rzucie, z mo\u017cliwo\u015bci\u0105 trzech zbior\u00f3w, oferuj\u0105c magiczne doznania przypominaj\u0105ce s\u0142oneczne pla\u017ce. Przechowywany w lod\u00f3wce zestaw zachowuje \u017cywotno\u015b\u0107 przez sze\u015b\u0107 miesi\u0119cy, co czyni go niezawodnym wyborem dla entuzjast\u00f3w poszukuj\u0105cych silnej, satysfakcjonuj\u0105cej podr\u00f3\u017cy uprawowej.<\/p>\n<h2 class=\"\" dir=\"auto\">Historia magicznych grzyb\u00f3w Thai<\/h2>\n<p class=\"break-words\" dir=\"auto\">Zakorzenione w tropikalnych tradycjach Thailandii, grzyby Thai Magic Mushrooms by\u0142y u\u017cywane w \u015brodowisku duchowym i rekreacyjnym, zyskuj\u0105c s\u0142aw\u0119 dzi\u0119ki \"szcz\u0119\u015bliwym koktajlom mlecznym\" serwowanym podczas uroczysto\u015bci na pla\u017cy. Ich podnosz\u0105ce na duchu dzia\u0142anie, odkryte przez podr\u00f3\u017cnik\u00f3w, wzbudzi\u0142o globalne zainteresowanie, prowadz\u0105c do opracowania zestawu All-in-One GrowKit, aby udost\u0119pni\u0107 t\u0119 odmian\u0119 hodowcom domowym na ca\u0142ym \u015bwiecie.<\/p>\n<p class=\"break-words\" dir=\"auto\">Historycznie zbierane w ciep\u0142ym, wilgotnym klimacie Thailandii, grzyby te rozwijaj\u0105 si\u0119 w optymalnych warunkach, kt\u00f3re mo\u017cna teraz odtworzy\u0107 za pomoc\u0105 zestawu do uprawy. Zestaw odzwierciedla zaawansowan\u0105 wiedz\u0119 na temat uprawy, zapewniaj\u0105c sta\u0142\u0105 jako\u015b\u0107 i nadal honoruj\u0105c dziedzictwo kulturowe Thailand, jednocze\u015bnie urzekaj\u0105c wsp\u00f3\u0142czesnych hodowc\u00f3w swoim \u017cywym potencja\u0142em.<\/p>\n<h2 class=\"\" dir=\"auto\">Jak korzysta\u0107 z magicznych grzyb\u00f3w Thai<\/h2>\n<p class=\"break-words\" dir=\"auto\">Aby wyhodowa\u0107 Thai Magic Mushrooms, zacznij od umycia r\u0105k i zewn\u0119trznej cz\u0119\u015bci zestawu, a nast\u0119pnie zanurz zestaw w letniej wodzie (20\u00b0C) na pi\u0119\u0107 minut, nie przekraczaj\u0105c jednej godziny. Odced\u017a, umie\u015b\u0107 w woreczku hodowlanym z 200-250 ml wody, zamknij spinaczami i przechowuj w temperaturze 20-25\u00b0C, unikaj\u0105c \u015bwiat\u0142a s\u0142onecznego, a\u017c w ci\u0105gu 10-20 dni utworz\u0105 si\u0119 g\u0142\u00f3wki.<\/p>\n<p class=\"break-words\" dir=\"auto\">Gdy pojawi\u0105 si\u0119 g\u0142\u00f3wki, nale\u017cy codziennie wietrzy\u0107 worek i lekko go spryskiwa\u0107. Zbiera\u0107 tu\u017c przed p\u0119kni\u0119ciem zas\u0142ony, wykr\u0119caj\u0105c grzyby, powtarzaj\u0105c do trzech rzut\u00f3w. Spo\u017cywane na \u015bwie\u017co, grzyby te dostarczaj\u0105 letnich, silnych dozna\u0144, gdy s\u0105 uprawiane przy starannym przestrzeganiu instrukcji.<\/p>\n<h2 class=\"\" dir=\"auto\">Sk\u0142adniki Thai Magic Mushrooms<\/h2>\n<p class=\"break-words\" dir=\"auto\">Zestaw All-in-One GrowKit for Thai Magic Mushrooms zawiera bogate w sk\u0142adniki od\u017cywcze pod\u0142o\u017ce wst\u0119pnie nasycone grzybni\u0105, worek do uprawy z filtrami powietrza i dwa spinacze, wymagaj\u0105ce jedynie wody do uprawy. Pod\u0142o\u017ce wspomaga silny wzrost, naturalnie wytwarzaj\u0105c psylocybin\u0119, kt\u00f3ra przekszta\u0142ca si\u0119 w psylocyn\u0119 dla halucynogennych efekt\u00f3w grzyb\u00f3w, bez sztucznych dodatk\u00f3w.<\/p>\n<p class=\"break-words\" dir=\"auto\">Uproszczona konstrukcja eliminuje skomplikowany sprz\u0119t, dzi\u0119ki czemu uprawa jest dost\u0119pna dla wszystkich poziom\u00f3w umiej\u0119tno\u015bci. Odpowiednio przechowywany, zestaw zapewnia wielokrotne zbiory o wysokiej wydajno\u015bci, dostarczaj\u0105c autentycznych, podnosz\u0105cych na duchu dozna\u0144 z Thai Magic Mushrooms przy jednoczesnym zachowaniu ich kulturowej i naturalnej czysto\u015bci.<\/p>\n<p dir=\"auto\"><strong>Ostrze\u017cenie<\/strong><\/p>\n<p class=\"break-words\" dir=\"auto\">Magiczne grzyby Thai zawieraj\u0105 psylocybin\u0119 i psylocyn\u0119, silne halucynogeny, kt\u00f3re zmieniaj\u0105 nastr\u00f3j, percepcj\u0119 i sen poprzez wp\u0142yw na poziom serotoniny. Nale\u017cy spo\u017cywa\u0107 je ostro\u017cnie, poniewa\u017c efekty r\u00f3\u017cni\u0105 si\u0119 w zale\u017cno\u015bci od indywidualnej wra\u017cliwo\u015bci, i upewni\u0107 si\u0119, \u017ce s\u0105 u\u017cywane w bezpiecznym \u015brodowisku.<\/p>\n<p class=\"break-words\" dir=\"auto\">Grzyby i zestaw do uprawy nale\u017cy przechowywa\u0107 w miejscu niedost\u0119pnym dla dzieci ze wzgl\u0119du na ich silne w\u0142a\u015bciwo\u015bci psychoaktywne. Odpowiedzialne obchodzenie si\u0119 z nimi jest niezb\u0119dne, aby bezpiecznie cieszy\u0107 si\u0119 \u017cywymi efektami tych kulturowo znacz\u0105cych grzyb\u00f3w.<\/p>","protected":false},"excerpt":{"rendered":"<p>Szukasz fajnego sposobu na wyj\u015bcie ze swojej strefy komfortu i do\u015bwiadczenie alternatywnej rzeczywisto\u015bci? Te magiczne grzyby s\u0105 idealne! Ich moc pozwala na przyjmowanie ich w bardziej towarzyskich warunkach bez obawy o trudno\u015bci, kt\u00f3re mog\u0105 si\u0119 pojawi\u0107. Idealny magiczny grzyb na imprez\u0119!<\/p>","protected":false},"featured_media":36061,"template":"","meta":[],"product_brand":[],"product_cat":[399,297,833,400,398,384],"product_tag":[978],"class_list":{"0":"post-36023","1":"product","2":"type-product","3":"status-publish","4":"has-post-thumbnail","6":"product_cat-shroomshop","7":"product_cat-all-products","8":"product_cat-beginner-magic-mushrooms","9":"product_cat-magic-mushroom-grow-kits","10":"product_cat-mushrooms","11":"product_cat-smartshop","12":"product_tag-shrdeal","13":"product_shipping_class-group-7","15":"first","16":"instock","17":"taxable","18":"shipping-taxable","19":"purchasable","20":"product-type-variable","21":"has-default-attributes"},"_links":{"self":[{"href":"https:\/\/www.headshop.nl\/pl\/wp-json\/wp\/v2\/product\/36023","targetHints":{"allow":["GET"]}}],"collection":[{"href":"https:\/\/www.headshop.nl\/pl\/wp-json\/wp\/v2\/product"}],"about":[{"href":"https:\/\/www.headshop.nl\/pl\/wp-json\/wp\/v2\/types\/product"}],"wp:featuredmedia":[{"embeddable":true,"href":"https:\/\/www.headshop.nl\/pl\/wp-json\/wp\/v2\/media\/36061"}],"wp:attachment":[{"href":"https:\/\/www.headshop.nl\/pl\/wp-json\/wp\/v2\/media?parent=36023"}],"wp:term":[{"taxonomy":"product_brand","embeddable":true,"href":"https:\/\/www.headshop.nl\/pl\/wp-json\/wp\/v2\/product_brand?post=36023"},{"taxonomy":"product_cat","embeddable":true,"href":"https:\/\/www.headshop.nl\/pl\/wp-json\/wp\/v2\/product_cat?post=36023"},{"taxonomy":"product_tag","embeddable":true,"href":"https:\/\/www.headshop.nl\/pl\/wp-json\/wp\/v2\/product_tag?post=36023"}],"curies":[{"name":"wp","href":"https:\/\/api.w.org\/{rel}","templated":true}]}}