{"id":36019,"date":"2021-08-23T11:55:09","date_gmt":"2021-08-23T11:55:09","guid":{"rendered":"https:\/\/www.headshop.nl\/?post_type=product&#038;p=36019"},"modified":"2025-10-16T07:02:46","modified_gmt":"2025-10-16T07:02:46","slug":"mexican-magic-mushroom-grow-kit","status":"publish","type":"product","link":"https:\/\/www.headshop.nl\/pl\/mexican-magic-mushroom-grow-kit\/","title":{"rendered":"Mexican Zestaw do uprawy magicznych grzyb\u00f3w"},"content":{"rendered":"<h2 dir=\"auto\">Czym s\u0105 grzyby Mexican?<\/h2>\n<p dir=\"auto\">Grzyby Mexican to przyjazny dla pocz\u0105tkuj\u0105cych wyb\u00f3r zapewniaj\u0105cy \u017cywe, energetyzuj\u0105ce doznania psychodeliczne, dostarczaj\u0105ce wizualnie urzekaj\u0105cej podr\u00f3\u017cy, kt\u00f3ra przypomina wybuch pozytywno\u015bci. Zestaw All-in-One GrowKit sprawia, \u017ce uprawa jest dost\u0119pna, w tym torba do uprawy z filtrami powietrza i spinaczami, wymagaj\u0105ca tylko wody do wyprodukowania do trzech zbior\u00f3w, przy czym pierwszy daje oko\u0142o 500 gram\u00f3w z zestawu 1200cc.<\/p>\n<p dir=\"auto\">Przechowywany w ch\u0142odnym otoczeniu, zestaw zachowuje \u017cywotno\u015b\u0107 przez oko\u0142o sze\u015b\u0107 miesi\u0119cy, cho\u0107 jego okres przydatno\u015bci do spo\u017cycia skraca si\u0119 poza ch\u0142odni\u0105. Ten przyjazny dla u\u017cytkownika produkt zach\u0119ca zar\u00f3wno nowicjuszy, jak i entuzjast\u00f3w do odkrywania mikologii, oferuj\u0105c niezawodny spos\u00f3b na wyhodowanie wysokiej jako\u015bci grzyb\u00f3w Mexican w domu, zapewniaj\u0105c satysfakcjonuj\u0105ce, wci\u0105gaj\u0105ce do\u015bwiadczenie.<\/p>\n<h2 dir=\"auto\">Historia grzyb\u00f3w Mexican<\/h2>\n<p dir=\"auto\">G\u0142\u0119boko zakorzenione w rdzennych tradycjach Mexico, grzyby Mexican, znane jako \"teonan\u00e1catl\" lub \"cia\u0142o bog\u00f3w\", by\u0142y u\u017cywane przez wieki w duchowych i leczniczych rytua\u0142ach przez grupy takie jak Mazatec. Ich efekty oparte na psilocybinie by\u0142y czczone za wspieranie po\u0142\u0105cze\u0144 z natur\u0105 i bosko\u015bci\u0105, zyskuj\u0105c globaln\u0105 uwag\u0119 w po\u0142owie XX wieku dzi\u0119ki pracy etnobotanika R. Gordona Wassona.<\/p>\n<p dir=\"auto\">Zestaw All-in-One GrowKit przybli\u017ca t\u0119 staro\u017cytn\u0105 praktyk\u0119 wsp\u00f3\u0142czesnym hodowcom, \u0142\u0105cz\u0105c tradycyjne znaczenie z post\u0119pem w mikologii. Jego konstrukcja zapewnia sta\u0142\u0105 jako\u015b\u0107, umo\u017cliwiaj\u0105c u\u017cytkownikom upraw\u0119 tych bogatych kulturowo grzyb\u00f3w w domu, \u0142\u0105cz\u0105c historyczn\u0105 m\u0105dro\u015b\u0107 ze wsp\u00f3\u0142czesn\u0105 psychodeliczn\u0105 eksploracj\u0105.<\/p>\n<h2 dir=\"auto\">Jak u\u017cywa\u0107 grzyb\u00f3w Mexican<\/h2>\n<p dir=\"auto\">Aby wyhodowa\u0107 grzyby Mexican za pomoc\u0105 zestawu All-in-One GrowKit, umyj r\u0119ce i zewn\u0119trzn\u0105 cz\u0119\u015b\u0107 zestawu, a nast\u0119pnie zanurz zestaw w letniej wodzie (20\u00b0C) na pi\u0119\u0107 minut, nie d\u0142u\u017cej ni\u017c godzin\u0119. Ods\u0105czy\u0107, umie\u015bci\u0107 w woreczku hodowlanym z 200-250 ml wody, zamkn\u0105\u0107 spinaczami i przechowywa\u0107 w temperaturze 20-25\u00b0C, unikaj\u0105c \u015bwiat\u0142a s\u0142onecznego, a\u017c do uformowania si\u0119 g\u0142\u00f3wek w ci\u0105gu 10-20 dni.<\/p>\n<p dir=\"auto\">Gdy pojawi\u0105 si\u0119 g\u0142\u00f3wki, nale\u017cy codziennie wietrzy\u0107 worek i lekko go spryskiwa\u0107. Zbieraj tu\u017c przed p\u0119kni\u0119ciem zas\u0142ony, wykr\u0119caj\u0105c grzyby, powtarzaj\u0105c do trzech rzut\u00f3w. Ten prosty proces zapewnia \u017cywe, wysokiej jako\u015bci plony, czyni\u0105c upraw\u0119 dost\u0119pnym i satysfakcjonuj\u0105cym do\u015bwiadczeniem dla wszystkich poziom\u00f3w umiej\u0119tno\u015bci.<\/p>\n<h2 dir=\"auto\">Sk\u0142adniki grzyba Mexican<\/h2>\n<p dir=\"auto\">Zestaw All-in-One GrowKit dla grzyb\u00f3w Mexican zawiera wst\u0119pnie zapakowane pod\u0142o\u017ce zoptymalizowane pod k\u0105tem wzrostu, worek do uprawy z filtrami powietrza i dwa spinacze do utrzymania kontrolowanego \u015brodowiska. Pod\u0142o\u017ce obs\u0142uguje do trzech zbior\u00f3w przy u\u017cyciu tylko letniej wody (20 \u00b0 C), opieraj\u0105c si\u0119 na naturalnej psilocybinie grzyb\u00f3w, kt\u00f3ra przekszta\u0142ca si\u0119 w psylocyn\u0119 w celu uzyskania efekt\u00f3w psychodelicznych.<\/p>\n<p dir=\"auto\">Nie s\u0105 wymagane \u017cadne dodatkowe sk\u0142adniki od\u017cywcze ani chemikalia, co zapewnia naturalny proces. Uproszczona konstrukcja zapewnia sta\u0142\u0105, wysok\u0105 jako\u015b\u0107 grzyb\u00f3w Mexican, dzi\u0119ki czemu uprawa jest prosta i skuteczna zar\u00f3wno dla pocz\u0105tkuj\u0105cych, jak i do\u015bwiadczonych hodowc\u00f3w poszukuj\u0105cych energetyzuj\u0105cej, autentycznej odmiany.<\/p>\n<p dir=\"auto\"><strong>Ostrze\u017cenie<\/strong><\/p>\n<p dir=\"auto\">Grzyby Mexican zawieraj\u0105 psylocybin\u0119 i psylocyn\u0119, silne halucynogeny, kt\u00f3re zmieniaj\u0105 nastr\u00f3j, percepcj\u0119 i funkcje poznawcze za po\u015brednictwem uk\u0142adu serotoninowego m\u00f3zgu. Nale\u017cy spo\u017cywa\u0107 je ostro\u017cnie w bezpiecznym \u015brodowisku ze wzgl\u0119du na ich silne dzia\u0142anie i uwa\u017ca\u0107 na psychodeliczne doznania.<\/p>\n<p dir=\"auto\">Przechowuj grzyby i zestaw do uprawy poza zasi\u0119giem dzieci, aby zapobiec przypadkowemu spo\u017cyciu. Skonsultuj si\u0119 ze specjalist\u0105, je\u015bli nie masz pewno\u015bci co do efekt\u00f3w lub interakcji, zapewniaj\u0105c odpowiedzialne u\u017cytkowanie w kontrolowanych warunkach dla bezpiecznego do\u015bwiadczenia.<\/p>","protected":false},"excerpt":{"rendered":"<p>Ciep\u0142e i przytulne uczucie tych magicznych grzyb\u00f3w sprawia, \u017ce s\u0105 one idealn\u0105 odmian\u0105 dla pocz\u0105tkuj\u0105cych. Niski poziom mocy pozwala ludziom nie spieszy\u0107 si\u0119 z dostosowaniem, dzi\u0119ki czemu mog\u0105 w pe\u0142ni cieszy\u0107 si\u0119 tym wyj\u0105tkowym do\u015bwiadczeniem bez strachu i zmartwie\u0144. Mexican przynosz\u0105 \u015bmiech, zabaw\u0119 i sprawiaj\u0105, \u017ce podr\u00f3\u017c jest tak przytulna, jak to tylko mo\u017cliwe!<\/p>","protected":false},"featured_media":36049,"template":"","meta":[],"product_brand":[],"product_cat":[399,297,833,400,398,384],"product_tag":[978],"class_list":{"0":"post-36019","1":"product","2":"type-product","3":"status-publish","4":"has-post-thumbnail","6":"product_cat-shroomshop","7":"product_cat-all-products","8":"product_cat-beginner-magic-mushrooms","9":"product_cat-magic-mushroom-grow-kits","10":"product_cat-mushrooms","11":"product_cat-smartshop","12":"product_tag-shrdeal","13":"product_shipping_class-group-7","15":"first","16":"instock","17":"taxable","18":"shipping-taxable","19":"purchasable","20":"product-type-variable","21":"has-default-attributes"},"_links":{"self":[{"href":"https:\/\/www.headshop.nl\/pl\/wp-json\/wp\/v2\/product\/36019","targetHints":{"allow":["GET"]}}],"collection":[{"href":"https:\/\/www.headshop.nl\/pl\/wp-json\/wp\/v2\/product"}],"about":[{"href":"https:\/\/www.headshop.nl\/pl\/wp-json\/wp\/v2\/types\/product"}],"wp:featuredmedia":[{"embeddable":true,"href":"https:\/\/www.headshop.nl\/pl\/wp-json\/wp\/v2\/media\/36049"}],"wp:attachment":[{"href":"https:\/\/www.headshop.nl\/pl\/wp-json\/wp\/v2\/media?parent=36019"}],"wp:term":[{"taxonomy":"product_brand","embeddable":true,"href":"https:\/\/www.headshop.nl\/pl\/wp-json\/wp\/v2\/product_brand?post=36019"},{"taxonomy":"product_cat","embeddable":true,"href":"https:\/\/www.headshop.nl\/pl\/wp-json\/wp\/v2\/product_cat?post=36019"},{"taxonomy":"product_tag","embeddable":true,"href":"https:\/\/www.headshop.nl\/pl\/wp-json\/wp\/v2\/product_tag?post=36019"}],"curies":[{"name":"wp","href":"https:\/\/api.w.org\/{rel}","templated":true}]}}