{"id":36015,"date":"2021-08-23T11:55:06","date_gmt":"2021-08-23T11:55:06","guid":{"rendered":"https:\/\/www.headshop.nl\/?post_type=product&#038;p=36015"},"modified":"2025-12-06T01:27:06","modified_gmt":"2025-12-06T01:27:06","slug":"mazatapec-magic-mushroom-grow-kit","status":"publish","type":"product","link":"https:\/\/www.headshop.nl\/pl\/mazatapec-magic-mushroom-grow-kit\/","title":{"rendered":"Mazatapec Zestaw do uprawy magicznych grzyb\u00f3w"},"content":{"rendered":"<h2 dir=\"auto\">Czym s\u0105 zestawy Growkits Mazatapec?<\/h2>\n<p dir=\"auto\">Zestaw Mazatapec Growkit to kompletne rozwi\u0105zanie do uprawy magicznych grzyb\u00f3w w domu, zapewniaj\u0105ce duchowe i bogate wizualnie do\u015bwiadczenie zakorzenione w dziedzictwie Mexican. Zawieraj\u0105cy worek do uprawy z filtrami powietrza i spinaczami, zestaw ten wymaga jedynie wody i prostych instrukcji, aby uzyska\u0107 do trzech zbior\u00f3w, przy czym pierwszy produkuje oko\u0142o 400 gram\u00f3w z zestawu 1200cc.<\/p>\n<p dir=\"auto\">Idealny dla pocz\u0105tkuj\u0105cych i entuzjast\u00f3w, zestaw zachowuje \u017cywotno\u015b\u0107 przez sze\u015b\u0107 miesi\u0119cy w lod\u00f3wce, cho\u0107 jego okres przydatno\u015bci do spo\u017cycia jest ograniczony. Jego przyjazna dla u\u017cytkownika konstrukcja eliminuje potrzeb\u0119 stosowania specjalistycznego sprz\u0119tu, zapewniaj\u0105c sp\u00f3jne, wysokiej jako\u015bci grzyby, jednocze\u015bnie celebruj\u0105c staro\u017cytne tradycje uprawy z nowoczesn\u0105 wygod\u0105.<\/p>\n<h2 dir=\"auto\">Historia zestaw\u00f3w Growkits Mazatapec<\/h2>\n<p dir=\"auto\">Nazwane na cze\u015b\u0107 ludu Mazatec z Mexico, grzyby Mazatapec by\u0142y u\u017cywane od wiek\u00f3w w duchowych ceremoniach, aby po\u0142\u0105czy\u0107 si\u0119 z bosko\u015bci\u0105. Ich znaczenie kulturowe zainspirowa\u0142o rozw\u00f3j zestawu Mazatapec Growkit pod koniec XX wieku, gdy post\u0119p w mikologii sprawi\u0142, \u017ce uprawa domowa sta\u0142a si\u0119 dost\u0119pna dla globalnej publiczno\u015bci.<\/p>\n<p dir=\"auto\">Zestaw all-in-one \u0142\u0105czy w sobie pod\u0142o\u017ce, zarodniki i kontrolowane \u015brodowisko, zachowuj\u0105c silne w\u0142a\u015bciwo\u015bci szczepu przy jednoczesnym uproszczeniu procesu. Dzi\u015b \u0142\u0105czy w sobie historyczny szacunek z naukow\u0105 innowacj\u0105, przemawiaj\u0105c do tych, kt\u00f3rzy szukaj\u0105 g\u0142\u0119bokiego do\u015bwiadczenia zwi\u0105zanego ze staro\u017cytnymi tradycjami i nowoczesn\u0105 psychodeliczn\u0105 eksploracj\u0105.<\/p>\n<h2 dir=\"auto\">Jak korzysta\u0107 z zestaw\u00f3w Growkits Mazatapec<\/h2>\n<p dir=\"auto\">Aby u\u017cy\u0107 zestawu do uprawy Mazatapec, nale\u017cy umy\u0107 r\u0119ce i zewn\u0119trzn\u0105 cz\u0119\u015b\u0107 zestawu, a nast\u0119pnie zanurzy\u0107 zestaw w letniej wodzie (20\u00b0C) na pi\u0119\u0107 minut, nie d\u0142u\u017cej ni\u017c godzin\u0119. Ods\u0105cz, umie\u015b\u0107 w woreczku hodowlanym z 200-250 ml wody, zamknij spinaczami i przechowuj w temperaturze 20-25\u00b0C, unikaj\u0105c \u015bwiat\u0142a s\u0142onecznego, a\u017c do uformowania si\u0119 g\u0142\u00f3wek w ci\u0105gu 10-20 dni.<\/p>\n<p dir=\"auto\">Gdy pojawi\u0105 si\u0119 g\u0142\u00f3wki, nale\u017cy codziennie wietrzy\u0107 worek i lekko go spryskiwa\u0107. Zbieraj grzyby tu\u017c przed p\u0119kni\u0119ciem zas\u0142ony, wykr\u0119caj\u0105c je i powtarzaj\u0105c do trzech p\u0142uka\u0144. Ta prosta metoda, wspierana przez konstrukcj\u0119 zestawu, zapewnia optymalny wzrost i satysfakcjonuj\u0105ce, duchowe do\u015bwiadczenie przy minimalnym wysi\u0142ku.<\/p>\n<h2 dir=\"auto\">Sk\u0142adniki zestaw\u00f3w Growkits Mazatapec<\/h2>\n<p dir=\"auto\">Zestaw Mazatapec Growkit zawiera sterylizowane pod\u0142o\u017ce z materia\u0142\u00f3w organicznych, takich jak ziarno, wermikulit i perlit, nasycone zarodnikami Mazatapec w celu wsparcia silnego wzrostu. Worek hodowlany z filtrami powietrza i dwoma spinaczami utrzymuje poziom wilgotno\u015bci i CO2, wymagaj\u0105c jedynie letniej wody do rozpocz\u0119cia uprawy bez dodatkowych chemikali\u00f3w.<\/p>\n<p dir=\"auto\">Zarodniki naturalnie zawieraj\u0105 psylocybin\u0119, kt\u00f3ra nap\u0119dza psychoaktywne dzia\u0142anie grzyb\u00f3w. Ta naturalna, op\u0142ywowa konstrukcja zapewnia autentyczne, silne plony, odzwierciedlaj\u0105c historyczne znaczenie szczepu, jednocze\u015bnie czyni\u0105c upraw\u0119 dost\u0119pn\u0105 i skuteczn\u0105 dla u\u017cytkownik\u00f3w poszukuj\u0105cych autentycznych, wysokiej jako\u015bci dozna\u0144.<\/p>\n<p dir=\"auto\"><strong>Ostrze\u017cenie<\/strong><\/p>\n<p dir=\"auto\">Grzyby Mazatapec zawieraj\u0105 psylocybin\u0119 i psylocyn\u0119, silne halucynogeny, kt\u00f3re zmieniaj\u0105 nastr\u00f3j, percepcj\u0119 i funkcje poznawcze poprzez wp\u0142yw na poziom serotoniny. Nale\u017cy spo\u017cywa\u0107 je ostro\u017cnie w bezpiecznym \u015brodowisku ze wzgl\u0119du na ich silne dzia\u0142anie.<\/p>\n<p dir=\"auto\">Grzyby i zestaw do uprawy nale\u017cy przechowywa\u0107 w miejscu niedost\u0119pnym dla dzieci, aby zapobiec przypadkowemu spo\u017cyciu. Przed u\u017cyciem skonsultuj si\u0119 z lekarzem, zw\u0142aszcza je\u015bli cierpisz na schorzenia lub przyjmujesz leki, aby zapewni\u0107 bezpieczne i odpowiedzialne u\u017cytkowanie.<\/p>","protected":false},"excerpt":{"rendered":"<p>Psychodeliczne do\u015bwiadczenie z magicznymi grzybami Mazatapec jest bardziej zr\u00f3wnowa\u017cone, ni\u017c mo\u017cna by si\u0119 spodziewa\u0107. Maj\u0105 one tendencj\u0119 do zapewniania silnych efekt\u00f3w wizualnych, jednocze\u015bnie nie wprawiaj\u0105c u\u017cytkownika w zak\u0142opotanie, jak niekt\u00f3re inne odmiany psilocybiny. \u015awietna, silna opcja dla tych, kt\u00f3rzy szukaj\u0105 najlepszych wizualnych dozna\u0144 psychodelicznych!<\/p>","protected":false},"featured_media":36105,"template":"","meta":[],"product_brand":[],"product_cat":[399,297,400,398,384,834],"product_tag":[978],"class_list":{"0":"post-36015","1":"product","2":"type-product","3":"status-publish","4":"has-post-thumbnail","6":"product_cat-shroomshop","7":"product_cat-all-products","8":"product_cat-magic-mushroom-grow-kits","9":"product_cat-mushrooms","10":"product_cat-smartshop","11":"product_cat-strong-magic-mushrooms","12":"product_tag-shrdeal","13":"product_shipping_class-group-7","15":"first","16":"instock","17":"taxable","18":"shipping-taxable","19":"purchasable","20":"product-type-variable","21":"has-default-attributes"},"_links":{"self":[{"href":"https:\/\/www.headshop.nl\/pl\/wp-json\/wp\/v2\/product\/36015","targetHints":{"allow":["GET"]}}],"collection":[{"href":"https:\/\/www.headshop.nl\/pl\/wp-json\/wp\/v2\/product"}],"about":[{"href":"https:\/\/www.headshop.nl\/pl\/wp-json\/wp\/v2\/types\/product"}],"wp:featuredmedia":[{"embeddable":true,"href":"https:\/\/www.headshop.nl\/pl\/wp-json\/wp\/v2\/media\/36105"}],"wp:attachment":[{"href":"https:\/\/www.headshop.nl\/pl\/wp-json\/wp\/v2\/media?parent=36015"}],"wp:term":[{"taxonomy":"product_brand","embeddable":true,"href":"https:\/\/www.headshop.nl\/pl\/wp-json\/wp\/v2\/product_brand?post=36015"},{"taxonomy":"product_cat","embeddable":true,"href":"https:\/\/www.headshop.nl\/pl\/wp-json\/wp\/v2\/product_cat?post=36015"},{"taxonomy":"product_tag","embeddable":true,"href":"https:\/\/www.headshop.nl\/pl\/wp-json\/wp\/v2\/product_tag?post=36015"}],"curies":[{"name":"wp","href":"https:\/\/api.w.org\/{rel}","templated":true}]}}