{"id":36011,"date":"2021-08-23T11:55:04","date_gmt":"2021-08-23T11:55:04","guid":{"rendered":"https:\/\/www.headshop.nl\/?post_type=product&#038;p=36011"},"modified":"2025-10-16T07:02:47","modified_gmt":"2025-10-16T07:02:47","slug":"mckennaii-magic-mushroom-grow-kit","status":"publish","type":"product","link":"https:\/\/www.headshop.nl\/pl\/mckennaii-magic-mushroom-grow-kit\/","title":{"rendered":"Zestaw do uprawy grzyb\u00f3w Mckennaii Magic"},"content":{"rendered":"<h2 class=\"\" dir=\"auto\">Czym s\u0105 zestawy GrowKit McKennaii?<\/h2>\n<p class=\"break-words\" dir=\"auto\">Zestaw McKennaii GrowKit to kompletny, przyjazny dla u\u017cytkownika pakiet do uprawy silnych magicznych grzyb\u00f3w McKennaii w domu, zapewniaj\u0105cy intensywne efekty wizualne i emocjonalne. Wyposa\u017cony w torb\u0119 do uprawy, filtry powietrza i spinacze, zestaw wymaga jedynie wody i prostych krok\u00f3w, aby uzyska\u0107 oko\u0142o 400 gram\u00f3w w pierwszym sp\u0142ukiwaniu z zestawu 1200 cm3, z mo\u017cliwo\u015bci\u0105 do trzech zbior\u00f3w.<\/p>\n<p class=\"break-words\" dir=\"auto\">Przechowywany w ch\u0142odnym otoczeniu, zestaw zachowuje \u017cywotno\u015b\u0107 przez sze\u015b\u0107 miesi\u0119cy, cho\u0107 jego okres przydatno\u015bci do spo\u017cycia jest ograniczony poza lod\u00f3wk\u0105. Idealny dla pocz\u0105tkuj\u0105cych i entuzjast\u00f3w, jego prosta konstrukcja zapewnia sp\u00f3jne, wysokiej jako\u015bci wyniki, co czyni go popularnym wyborem dla tych, kt\u00f3rzy szukaj\u0105 \u017cywego, satysfakcjonuj\u0105cego do\u015bwiadczenia w uprawie.<\/p>\n<h2 class=\"\" dir=\"auto\">Historia zestaw\u00f3w GrowKit McKennaii<\/h2>\n<p class=\"break-words\" dir=\"auto\">Nazwana na cze\u015b\u0107 etnobotanika Terence'a McKenny, odmiana McKennaii honoruje jego dziedzictwo promowania eksploracji psilocybiny. Zestaw McKennaii GrowKit powsta\u0142 jako nowoczesne rozwi\u0105zanie, upraszczaj\u0105ce domow\u0105 upraw\u0119 tej silnej odmiany, kt\u00f3ra czerpie z wielowiekowego duchowego i kulturowego wykorzystania grzyb\u00f3w w r\u00f3\u017cnych cywilizacjach.<\/p>\n<p class=\"break-words\" dir=\"auto\">Post\u0119p w mikologii doprowadzi\u0142 do powstania zestaw\u00f3w typu \"wszystko w jednym\", dzi\u0119ki czemu uprawa sta\u0142a si\u0119 dost\u0119pna bez specjalistycznej wiedzy. Zestaw McKennaii GrowKit \u0142\u0105czy tradycyjne techniki ze wsp\u00f3\u0142czesn\u0105 technologi\u0105, oferuj\u0105c niezawodne plony i \u017cywe efekty, odzwierciedlaj\u0105c rosn\u0105c\u0105 fascynacj\u0119 samodzieln\u0105 upraw\u0105 i eksploracj\u0105 \u015bwiadomo\u015bci w dzisiejszym psychodelicznym renesansie.<\/p>\n<h2 class=\"\" dir=\"auto\">Jak korzysta\u0107 z zestaw\u00f3w GrowKit McKennaii<\/h2>\n<p class=\"break-words\" dir=\"auto\">Aby u\u017cy\u0107 zestawu McKennaii GrowKit, umyj r\u0119ce i zewn\u0119trzn\u0105 cz\u0119\u015b\u0107 zestawu, a nast\u0119pnie zanurz go w letniej wodzie (20\u00b0C) na pi\u0119\u0107 minut z za\u0142o\u017con\u0105 pokrywk\u0105, nie d\u0142u\u017cej ni\u017c godzin\u0119. Ods\u0105cz, umie\u015b\u0107 w woreczku hodowlanym z 200-250 ml wody, zamknij spinaczami i przechowuj w temperaturze 20-25\u00b0C, unikaj\u0105c \u015bwiat\u0142a s\u0142onecznego, a\u017c do uformowania si\u0119 g\u0142\u00f3wek w ci\u0105gu 10-20 dni.<\/p>\n<p class=\"break-words\" dir=\"auto\">Gdy pojawi\u0105 si\u0119 g\u0142\u00f3wki, nale\u017cy codziennie wietrzy\u0107 worek i lekko go spryskiwa\u0107. Zbierz grzyby tu\u017c przed p\u0119kni\u0119ciem zas\u0142ony, wykr\u0119caj\u0105c je i powtarzaj\u0105c do trzech rzut\u00f3w. Ten \u0142atwy proces maksymalizuje wydajno\u015b\u0107 i jako\u015b\u0107, zapewniaj\u0105c satysfakcjonuj\u0105c\u0105 podr\u00f3\u017c z silnymi grzybami McKennaii.<\/p>\n<h2 class=\"\" dir=\"auto\">Sk\u0142adniki McKennaii GrowKits<\/h2>\n<p class=\"break-words\" dir=\"auto\">Zestaw McKennaii GrowKit zawiera wst\u0119pnie zaszczepione pod\u0142o\u017ce z materia\u0142\u00f3w organicznych, takich jak ziarno \u017cyta i wermikulit, skolonizowane grzybni\u0105 McKennaii w celu wsparcia silnego wzrostu. W zestawie znajduje si\u0119 worek do uprawy z filtrami powietrza i dwoma spinaczami do utrzymywania wilgotno\u015bci i przep\u0142ywu powietrza, wymagaj\u0105cy jedynie wody do aktywacji, bez dodatku chemikali\u00f3w.<\/p>\n<p class=\"break-words\" dir=\"auto\">Naturalna zawarto\u015b\u0107 psilocybiny w pod\u0142o\u017cu nap\u0119dza psychodeliczne efekty grzyb\u00f3w, zapewniaj\u0105c czysto\u015b\u0107 i moc w wielu cyklach. Ta kompleksowa konstrukcja upraszcza upraw\u0119, zapewniaj\u0105c sp\u00f3jne, wysokiej jako\u015bci wyniki dla hodowc\u00f3w na wszystkich poziomach, przy jednoczesnym zachowaniu autentycznych w\u0142a\u015bciwo\u015bci szczepu.<\/p>\n<p dir=\"auto\"><strong>Ostrze\u017cenie: Magiczne grzyby i bezpiecze\u0144stwo<\/strong><\/p>\n<p class=\"break-words\" dir=\"auto\">Grzyby McKennaii zawieraj\u0105 psylocybin\u0119 i psylocyn\u0119, silne halucynogeny, kt\u00f3re zmieniaj\u0105 nastr\u00f3j, percepcj\u0119 i funkcje poznawcze poprzez wp\u0142yw na poziom serotoniny, potencjalnie powoduj\u0105c \u017cywe halucynacje. Spo\u017cywa\u0107 ostro\u017cnie w bezpiecznym \u015brodowisku i unika\u0107 stosowania w przypadku chor\u00f3b psychicznych lub przyjmowania lek\u00f3w wp\u0142ywaj\u0105cych na poziom serotoniny.<\/p>\n<p class=\"break-words\" dir=\"auto\">Zestaw do uprawy i grzyby nale\u017cy przechowywa\u0107 w miejscu niedost\u0119pnym dla dzieci, aby zapobiec przypadkowemu spo\u017cyciu. Odpowiedzialne u\u017cytkowanie i \u015bwiadomo\u015b\u0107 dzia\u0142ania tych zwi\u0105zk\u00f3w s\u0105 kluczowe dla bezpiecznego, kontrolowanego do\u015bwiadczenia z tymi pot\u0119\u017cnymi substancjami.<\/p>","protected":false},"excerpt":{"rendered":"<p>Dla ka\u017cdego trippera, kt\u00f3ry chce wiedzie\u0107, jak to jest, s\u0105 inni, kt\u00f3rzy chc\u0105 czego\u015b wr\u0119cz przeciwnego: duchowego do\u015bwiadczenia. Tak w\u0142a\u015bnie powsta\u0142y te magiczne grzyby; zosta\u0142y nazwane na cze\u015b\u0107 najs\u0142ynniejszego psychonauty w historii i przynios\u0105 silne duchy ka\u017cdemu, kto zechce ich spr\u00f3bowa\u0107.<\/p>","protected":false},"featured_media":36111,"template":"","meta":[],"product_brand":[],"product_cat":[399,297,400,398,626,384,625,834],"product_tag":[978],"class_list":{"0":"post-36011","1":"product","2":"type-product","3":"status-publish","4":"has-post-thumbnail","6":"product_cat-shroomshop","7":"product_cat-all-products","8":"product_cat-magic-mushroom-grow-kits","9":"product_cat-mushrooms","10":"product_cat-shroomshop-top-10","11":"product_cat-smartshop","12":"product_cat-smartshop-top-10","13":"product_cat-strong-magic-mushrooms","14":"product_tag-shrdeal","15":"product_shipping_class-group-7","17":"first","18":"instock","19":"taxable","20":"shipping-taxable","21":"purchasable","22":"product-type-variable","23":"has-default-attributes"},"_links":{"self":[{"href":"https:\/\/www.headshop.nl\/pl\/wp-json\/wp\/v2\/product\/36011","targetHints":{"allow":["GET"]}}],"collection":[{"href":"https:\/\/www.headshop.nl\/pl\/wp-json\/wp\/v2\/product"}],"about":[{"href":"https:\/\/www.headshop.nl\/pl\/wp-json\/wp\/v2\/types\/product"}],"wp:featuredmedia":[{"embeddable":true,"href":"https:\/\/www.headshop.nl\/pl\/wp-json\/wp\/v2\/media\/36111"}],"wp:attachment":[{"href":"https:\/\/www.headshop.nl\/pl\/wp-json\/wp\/v2\/media?parent=36011"}],"wp:term":[{"taxonomy":"product_brand","embeddable":true,"href":"https:\/\/www.headshop.nl\/pl\/wp-json\/wp\/v2\/product_brand?post=36011"},{"taxonomy":"product_cat","embeddable":true,"href":"https:\/\/www.headshop.nl\/pl\/wp-json\/wp\/v2\/product_cat?post=36011"},{"taxonomy":"product_tag","embeddable":true,"href":"https:\/\/www.headshop.nl\/pl\/wp-json\/wp\/v2\/product_tag?post=36011"}],"curies":[{"name":"wp","href":"https:\/\/api.w.org\/{rel}","templated":true}]}}