{"id":35989,"date":"2021-08-19T11:15:21","date_gmt":"2021-08-19T11:15:21","guid":{"rendered":"https:\/\/www.headshop.nl\/?post_type=product&#038;p=35989"},"modified":"2025-06-06T06:34:52","modified_gmt":"2025-06-06T06:34:52","slug":"baby-hawaiian-woodrose-seeds","status":"publish","type":"product","link":"https:\/\/www.headshop.nl\/pl\/baby-hawaiian-woodrose-seeds\/","title":{"rendered":"Baby Hawaiian Woodrose Nasiona"},"content":{"rendered":"<h2 data-start=\"0\" data-end=\"35\">Czym s\u0105 nasiona Argyreia Nervosa?<\/h2>\n<p data-start=\"37\" data-end=\"678\">Nasiona Argyreia Nervosa, znane r\u00f3wnie\u017c jako Baby Hawaiian Woodrose, to nasiona ro\u015bliny pn\u0105cej pochodz\u0105cej z Indii. Nasiona te zawieraj\u0105 substancj\u0119 psychoaktywn\u0105 o nazwie LSA (Lysergic Acid Amide), kt\u00f3ra po spo\u017cyciu mo\u017ce wywo\u0142ywa\u0107 \u0142agodne efekty psychodeliczne. W przeciwie\u0144stwie do innych halucynogen\u00f3w, efekty s\u0105 na og\u00f3\u0142 \u0142agodne, pozbawione intensywnych halucynacji typowych dla substancji takich jak LSD. U\u017cytkownicy cz\u0119sto do\u015bwiadczaj\u0105 kolorowych, \u017cywych i mistycznych dozna\u0144, kt\u00f3re zmieniaj\u0105 ich stan \u015bwiadomo\u015bci. Ro\u015blina ta jest wykorzystywana do r\u00f3\u017cnych cel\u00f3w, w tym w medycynie tradycyjnej i do cel\u00f3w rekreacyjnych, oferuj\u0105c zar\u00f3wno korzy\u015bci terapeutyczne, jak i psychoaktywne.<\/p>\n<p data-start=\"680\" data-end=\"1107\">Nasiona Argyreia Nervosa maj\u0105 d\u0142ug\u0105 histori\u0119 stosowania leczniczego w Indiach. Sta\u0142y si\u0119 one jednak szerzej znane ze wzgl\u0119du na swoje dzia\u0142anie psychoaktywne po wprowadzeniu ich do \u015bwiata zachodniego, zw\u0142aszcza na Hawajach. Obecnie nasiona Baby Hawaiian Woodrose s\u0105 poszukiwane zar\u00f3wno do cel\u00f3w duchowych, jak i rekreacyjnych. Ro\u015blina ta jest nadal badana ze wzgl\u0119du na swoj\u0105 bogat\u0105 histori\u0119 i potencjalne korzy\u015bci wykraczaj\u0105ce poza jej w\u0142a\u015bciwo\u015bci zmieniaj\u0105ce umys\u0142.<\/p>\n<h2 data-start=\"1109\" data-end=\"1145\">Historia nasion Argyreia Nervosa<\/h2>\n<p data-start=\"1147\" data-end=\"1526\">Argyreia Nervosa ma g\u0142\u0119bokie korzenie zar\u00f3wno w tradycyjnej medycynie, jak i w zastosowaniach psychoaktywnych. Pochodzi z Indii i od wiek\u00f3w jest ceniona za swoje w\u0142a\u015bciwo\u015bci lecznicze. W staro\u017cytnych Indiach ro\u015blina ta by\u0142a stosowana w leczeniu r\u00f3\u017cnych dolegliwo\u015bci, w tym chor\u00f3b uk\u0142adu oddechowego, cukrzycy i zapalenia staw\u00f3w. Uwa\u017cano j\u0105 r\u00f3wnie\u017c za afrodyzjak, a niekt\u00f3rzy sugerowali, \u017ce ma dzia\u0142anie zwi\u0119kszaj\u0105ce libido.<\/p>\n<p data-start=\"1528\" data-end=\"1911\">Ro\u015blina zyska\u0142a mi\u0119dzynarodow\u0105 uwag\u0119, gdy Europejczycy napotkali j\u0105 na Hawajach, gdzie by\u0142a u\u017cywana nie tylko ze wzgl\u0119du na swoje w\u0142a\u015bciwo\u015bci lecznicze, ale tak\u017ce jako \u015brodek uspokajaj\u0105cy. To w\u0142a\u015bnie w tym czasie odkryto psychoaktywne w\u0142a\u015bciwo\u015bci nasion, co doprowadzi\u0142o do ich powi\u0105zania z do\u015bwiadczeniami psychodelicznymi. Nazwa \"Hawaiian Woodrose\" zosta\u0142a ukuta ze wzgl\u0119du na jej popularno\u015b\u0107 w regionie.<\/p>\n<p data-start=\"1913\" data-end=\"2224\">P\u00f3\u017aniej szwajcarski chemik Albert Hoffman, kt\u00f3ry r\u00f3wnie\u017c odkry\u0142 LSD, wyizolowa\u0142 LSA. Odkry\u0142 on, \u017ce LSA naturalnie wyst\u0119puje w niekt\u00f3rych ro\u015blinach, w tym w Argyreia Nervosa. W\u015br\u00f3d nich Argyreia Nervosa zawiera najwy\u017csze st\u0119\u017cenie LSA, dzi\u0119ki czemu jej nasiona s\u0105 szczeg\u00f3lnie cenne zar\u00f3wno do cel\u00f3w rekreacyjnych, jak i leczniczych.<\/p>\n<h2 data-start=\"2226\" data-end=\"2262\">Jak stosowa\u0107 nasiona Argyreia Nervosa?<\/h2>\n<p data-start=\"2264\" data-end=\"2645\">Istnieje kilka metod spo\u017cywania nasion Argyreia Nervosa, z kt\u00f3rych ka\u017cda oferuje nieco inne doznania. Tradycyjnie, nasiona s\u0105 \u017cute, co pomaga uwolni\u0107 LSA, prowadz\u0105c do stopniowego wyst\u0105pienia efekt\u00f3w, zazwyczaj w ci\u0105gu godziny. Efekty mog\u0105 utrzymywa\u0107 si\u0119 przez kilka godzin, a u\u017cytkownicy zg\u0142aszaj\u0105 uczucie euforii, \u017cywe obrazy oraz zwi\u0119kszon\u0105 wra\u017cliwo\u015b\u0107 na d\u017awi\u0119k i \u015bwiat\u0142o.<\/p>\n<p data-start=\"2647\" data-end=\"2960\">Niekt\u00f3rzy ludzie wol\u0105 zmieli\u0107 nasiona na proszek i wymiesza\u0107 go z jedzeniem lub wod\u0105, aby zamaskowa\u0107 naturaln\u0105 gorycz. Ta metoda mo\u017ce zmieni\u0107 czas rozpocz\u0119cia i intensywno\u015b\u0107 efekt\u00f3w. Wa\u017cne jest, aby pami\u0119ta\u0107, \u017ce do\u015bwiadczenie mo\u017ce si\u0119 znacznie r\u00f3\u017cni\u0107 w zale\u017cno\u015bci od czynnik\u00f3w takich jak metabolizm, \u015brodowisko i wcze\u015bniejsze spo\u017cycie \u017cywno\u015bci.<\/p>\n<p data-start=\"2962\" data-end=\"3348\">Stosuj\u0105c nasiona Argyreia Nervosa, nale\u017cy zachowa\u0107 ostro\u017cno\u015b\u0107, zw\u0142aszcza je\u015bli jest to tw\u00f3j pierwszy raz. Rozpocznij od ma\u0142ej dawki, aby oceni\u0107 swoj\u0105 tolerancj\u0119 i pami\u0119taj o \u015brodowisku i stanie psychicznym, poniewa\u017c mog\u0105 one wp\u0142ywa\u0107 na efekty. Zawsze zaleca si\u0119 stosowanie ich w bezpiecznym, wygodnym otoczeniu, najlepiej z zaufanym towarzyszem, kt\u00f3ry poprowadzi do\u015bwiadczenie.<\/p>\n<h2 data-start=\"3350\" data-end=\"3390\">Sk\u0142adniki Argyreia Nervosa Seeds<\/h2>\n<p data-start=\"3392\" data-end=\"3919\">G\u0142\u00f3wnym zwi\u0105zkiem aktywnym w nasionach Argyreia Nervosa jest LSA (amid kwasu lizergowego), naturalnie wyst\u0119puj\u0105ca substancja z tej samej rodziny chemicznej co LSD. LSA jest znany ze swoich \u0142agodnych efekt\u00f3w psychoaktywnych, kt\u00f3re mog\u0105 zmienia\u0107 percepcj\u0119, wywo\u0142ywa\u0107 eufori\u0119 i poprawia\u0107 wra\u017cenia wizualne. Nasiona zawieraj\u0105 r\u00f3wnie\u017c inne zwi\u0105zki, w tym alkaloidy, kt\u00f3re przyczyniaj\u0105 si\u0119 do w\u0142a\u015bciwo\u015bci leczniczych ro\u015bliny. Te dodatkowe substancje mog\u0105 mie\u0107 dzia\u0142anie przeciwzapalne, przeciwb\u00f3lowe i przeciwskurczowe, dzi\u0119ki czemu nasiona s\u0105 korzystne w medycynie tradycyjnej.<\/p>\n<p data-start=\"3921\" data-end=\"4310\">Opr\u00f3cz LSA, nasiona zawieraj\u0105 szereg naturalnych zwi\u0105zk\u00f3w, kt\u00f3re uwa\u017ca si\u0119 za przyczyniaj\u0105ce si\u0119 do ich potencja\u0142u terapeutycznego. To po\u0142\u0105czenie substancji psychoaktywnych i leczniczych sprawia, \u017ce nasiona Argyreia Nervosa s\u0105 od wiek\u00f3w wykorzystywane zar\u00f3wno do cel\u00f3w rekreacyjnych, jak i leczniczych. Jednak ze wzgl\u0119du na nieprzewidywalny charakter efekt\u00f3w, zaleca si\u0119 stosowanie tych nasion w spos\u00f3b odpowiedzialny.<\/p>\n<p data-start=\"4312\" data-end=\"4559\">LSA, b\u0119d\u0105cy blisko spokrewniony z LSD, oddzia\u0142uje z receptorami serotoninowymi w m\u00f3zgu, prowadz\u0105c do zmienionego postrzegania sensorycznego. Chocia\u017c jego dzia\u0142anie jest \u0142agodniejsze ni\u017c LSD, LSA mo\u017ce nadal zapewnia\u0107 wyj\u0105tkowe i introspektywne doznania przy ostro\u017cnym stosowaniu.<\/p>\n<p data-start=\"4561\" data-end=\"4571\"><strong>Ostrze\u017cenie<\/strong><\/p>\n<p data-start=\"4573\" data-end=\"5021\" data-is-last-node=\"\">Wa\u017cne jest, aby zachowa\u0107 ostro\u017cno\u015b\u0107 podczas stosowania nasion Argyreia Nervosa ze wzgl\u0119du na ich psychoaktywn\u0105 zawarto\u015b\u0107. Efekty mog\u0105 si\u0119 znacznie r\u00f3\u017cni\u0107 w zale\u017cno\u015bci od osoby i metody konsumpcji. Nadmierne lub niew\u0142a\u015bciwe stosowanie mo\u017ce prowadzi\u0107 do nieprzyjemnych dozna\u0144, a w niekt\u00f3rych przypadkach do niekorzystnych skutk\u00f3w zdrowotnych. Zawsze upewnij si\u0119, \u017ce jeste\u015b w bezpiecznym, kontrolowanym \u015brodowisku podczas korzystania z tych nasion i zacznij od ma\u0142ej dawki, je\u015bli nie jeste\u015b zaznajomiony z ich efektami.<\/p>","protected":false},"excerpt":{"rendered":"<p>Argyreia Nervosa, powszechnie okre\u015blana jako Baby Hawaiian Woodrose, to ro\u015blina, kt\u00f3rej nasiona zawieraj\u0105 LSA, zwi\u0105zek psychoaktywny. Spo\u017cycie zaledwie sze\u015bciu nasion mo\u017ce prowadzi\u0107 do \u0142agodnego do\u015bwiadczenia psychodelicznego, charakteryzuj\u0105cego si\u0119 \u017cywymi i mistycznymi doznaniami. Pochodzi z Indii i od wiek\u00f3w jest stosowana w medycynie tradycyjnej do leczenia dolegliwo\u015bci takich jak cukrzyca, problemy z oddychaniem i zapalenie staw\u00f3w, a tak\u017ce jest uwa\u017cana za afrodyzjak. Na Hawajach nasiona s\u0105 znane ze swojego uspokajaj\u0105cego dzia\u0142ania i od dawna s\u0105 w\u0142\u0105czane do lokalnych praktyk.<\/p>","protected":false},"featured_media":81931,"template":"","meta":[],"product_brand":[],"product_cat":[388,297,818,406,384],"product_tag":[],"class_list":{"0":"post-35989","1":"product","2":"type-product","3":"status-publish","4":"has-post-thumbnail","6":"product_cat-lsa-seeds","7":"product_cat-all-products","8":"product_cat-mcmystic","9":"product_cat-psychedelic-herbs","10":"product_cat-smartshop","11":"product_shipping_class-not-allowed-group-3","13":"first","14":"instock","15":"taxable","16":"shipping-taxable","17":"purchasable","18":"product-type-variable","19":"has-default-attributes"},"_links":{"self":[{"href":"https:\/\/www.headshop.nl\/pl\/wp-json\/wp\/v2\/product\/35989","targetHints":{"allow":["GET"]}}],"collection":[{"href":"https:\/\/www.headshop.nl\/pl\/wp-json\/wp\/v2\/product"}],"about":[{"href":"https:\/\/www.headshop.nl\/pl\/wp-json\/wp\/v2\/types\/product"}],"wp:featuredmedia":[{"embeddable":true,"href":"https:\/\/www.headshop.nl\/pl\/wp-json\/wp\/v2\/media\/81931"}],"wp:attachment":[{"href":"https:\/\/www.headshop.nl\/pl\/wp-json\/wp\/v2\/media?parent=35989"}],"wp:term":[{"taxonomy":"product_brand","embeddable":true,"href":"https:\/\/www.headshop.nl\/pl\/wp-json\/wp\/v2\/product_brand?post=35989"},{"taxonomy":"product_cat","embeddable":true,"href":"https:\/\/www.headshop.nl\/pl\/wp-json\/wp\/v2\/product_cat?post=35989"},{"taxonomy":"product_tag","embeddable":true,"href":"https:\/\/www.headshop.nl\/pl\/wp-json\/wp\/v2\/product_tag?post=35989"}],"curies":[{"name":"wp","href":"https:\/\/api.w.org\/{rel}","templated":true}]}}