{"id":35987,"date":"2021-08-19T11:15:18","date_gmt":"2021-08-19T11:15:18","guid":{"rendered":"https:\/\/www.headshop.nl\/?post_type=product&#038;p=35987"},"modified":"2025-06-06T06:35:22","modified_gmt":"2025-06-06T06:35:22","slug":"ololiuqui-seeds","status":"publish","type":"product","link":"https:\/\/www.headshop.nl\/pl\/ololiuqui-seeds\/","title":{"rendered":"Ololiuqui Nasiona"},"content":{"rendered":"<h2 data-start=\"0\" data-end=\"27\">Czym jest Rivea Corymbosa?<\/h2>\n<p data-start=\"29\" data-end=\"706\">Rivea Corymbosa, powszechnie znana jako Ololiuqui, to gatunek ro\u015bliny z rodziny \"Morning Glory\". Jej nasiona, cz\u0119sto okre\u015blane jako Ololiuqui, by\u0142y u\u017cywane od wiek\u00f3w przez rdzenne kultury w Mexico ze wzgl\u0119du na ich w\u0142a\u015bciwo\u015bci psychoaktywne i lecznicze. Ro\u015blina ma bia\u0142e kwiaty, a jej nasiona zawieraj\u0105 aktywny zwi\u0105zek amid kwasu lizergowego (LSA), naturaln\u0105 substancj\u0119 podobn\u0105 do LSD. Jednak w przeciwie\u0144stwie do LSD, LSA wywo\u0142uje bardziej stopniowe i introspektywne doznania psychodeliczne, cz\u0119sto wykorzystywane do medytacji, samopoznania lub wizjonerskich podr\u00f3\u017cy. Do\u015bwiadczenia te rozwijaj\u0105 si\u0119 przez kilka godzin, oferuj\u0105c raczej wewn\u0119trzn\u0105, kontrolowan\u0105 podr\u00f3\u017c ni\u017c intensywne zewn\u0119trzne halucynacje.<\/p>\n<p data-start=\"708\" data-end=\"997\">W przesz\u0142o\u015bci Aztekowie cenili te nasiona za ich duchowe znaczenie, wierz\u0105c, \u017ce pomagaj\u0105 im \u0142\u0105czy\u0107 si\u0119 z wy\u017cszymi sferami. W dzisiejszych czasach Rivea Corymbosa jest nadal u\u017cywana przez osoby poszukuj\u0105ce odmiennych stan\u00f3w \u015bwiadomo\u015bci, zar\u00f3wno w celach medytacyjnych, jak i introspekcyjnych.<\/p>\n<h2 data-start=\"999\" data-end=\"1028\">Historia Rivea Corymbosa<\/h2>\n<p data-start=\"1030\" data-end=\"1386\">Rivea Corymbosa ma g\u0142\u0119bokie korzenie w kulturach Mesoameryka\u0144skich, gdzie jest wykorzystywana od ponad tysi\u0105ca lat. Wiadomo, \u017ce Aztekowie, zaawansowana cywilizacja, u\u017cywali nasion w \u015bwi\u0119tych rytua\u0142ach. Nasiona by\u0142y nazywane Ololiuqui, co oznacza \"okr\u0105g\u0142e nasiona\" i uwa\u017cano, \u017ce maj\u0105 duchowe znaczenie, cz\u0119sto u\u017cywane przez szaman\u00f3w podczas ceremonii religijnych.<\/p>\n<p data-start=\"1388\" data-end=\"1842\">Nasiona te odgrywa\u0142y istotn\u0105 rol\u0119 w praktykach szama\u0144skich, w tym wr\u00f3\u017ceniu, introspekcji i d\u0105\u017ceniu do m\u0105dro\u015bci. Szamani spo\u017cywali nasiona, aby wej\u015b\u0107 w odmienny stan \u015bwiadomo\u015bci, co prowadzi\u0142o do g\u0142\u0119bokich wizji i wgl\u0105d\u00f3w, kt\u00f3re uwa\u017cano za u\u0142atwiaj\u0105ce boskie po\u0142\u0105czenie. Pomimo staro\u017cytnego zastosowania, potencjalne korzy\u015bci Rivea Corymbosa s\u0105 nadal uznawane, zw\u0142aszcza w spo\u0142eczno\u015bciach skupionych na alternatywnym zdrowiu i poszerzaniu \u015bwiadomo\u015bci.<\/p>\n<h2 data-start=\"1844\" data-end=\"1873\">Jak stosowa\u0107 Rivea Corymbosa<\/h2>\n<p data-start=\"1875\" data-end=\"2137\">Nasiona Rivea Corymbosa s\u0105 zwykle spo\u017cywane ze wzgl\u0119du na ich dzia\u0142anie psychoaktywne. Tradycyjna metoda polega na zmieleniu nasion na drobny proszek i namoczeniu ich w ciep\u0142ej wodzie, co pomaga aktywowa\u0107 LSA, zwi\u0105zek psychoaktywny odpowiedzialny za doznania.<\/p>\n<p data-start=\"2139\" data-end=\"2475\">Zaleca si\u0119 rozpocz\u0119cie od ma\u0142ej dawki oko\u0142o 12 do 22 nasion. Po zmieleniu nasiona nale\u017cy namoczy\u0107 w letniej wodzie przez kilka godzin. Po namoczeniu, woda mo\u017ce by\u0107 spo\u017cywana wraz ze zmi\u0119kczonymi nasionami. Niekt\u00f3rzy u\u017cytkownicy wol\u0105 \u017cu\u0107 nasiona po namoczeniu, ale mo\u017ce to powodowa\u0107 dyskomfort w \u017co\u0142\u0105dku i nale\u017cy podchodzi\u0107 do tego z ostro\u017cno\u015bci\u0105.<\/p>\n<p data-start=\"2477\" data-end=\"2785\">Efekty dzia\u0142ania trwaj\u0105 zazwyczaj oko\u0142o godziny i utrzymuj\u0105 si\u0119 przez oko\u0142o 8 godzin. Intensywno\u015b\u0107 dozna\u0144 mo\u017ce r\u00f3\u017cni\u0107 si\u0119 w zale\u017cno\u015bci od otoczenia i stanu psychicznego u\u017cytkownika. Najlepiej jest spo\u017cywa\u0107 Rivea Corymbosa w spokojnym, cichym otoczeniu, aby w pe\u0142ni doceni\u0107 jej introspektywne i wizjonerskie efekty.<\/p>\n<p data-start=\"2787\" data-end=\"2797\"><strong>Ostrze\u017cenie<\/strong><\/p>\n<p data-start=\"2799\" data-end=\"3156\">Rivea Corymbosa powinna by\u0107 u\u017cywana w spos\u00f3b odpowiedzialny. Nadmierne spo\u017cycie nasion mo\u017ce prowadzi\u0107 do negatywnych skutk\u00f3w ubocznych, w tym nudno\u015bci i wymiot\u00f3w, szczeg\u00f3lnie u os\u00f3b nieprzyzwyczajonych do substancji psychoaktywnych. Zawsze zaczynaj od niskiej dawki i w razie potrzeby stopniowo j\u0105 zwi\u0119kszaj. Kluczowe znaczenie ma zapewnienie bezpiecznego \u015brodowiska sprzyjaj\u0105cego pozytywnym do\u015bwiadczeniom.<\/p>\n<h2 data-start=\"3158\" data-end=\"3191\">Sk\u0142adniki Rivea Corymbosa<\/h2>\n<p data-start=\"3193\" data-end=\"3547\">G\u0142\u00f3wnym sk\u0142adnikiem aktywnym Rivea Corymbosa jest amid kwasu lizergowego (LSA), zwi\u0105zek o podobnej strukturze do LSD. Chocia\u017c LSA zapewnia psychodeliczne doznania, nie powoduje intensywnych halucynacji zwi\u0105zanych z LSD. Zamiast tego oferuje bardziej introspektywn\u0105, uspokajaj\u0105c\u0105 podr\u00f3\u017c, cz\u0119sto opisywan\u0105 jako \u0142agodne do\u015bwiadczenie zmieniaj\u0105ce umys\u0142.<\/p>\n<p data-start=\"3549\" data-end=\"3796\">Opr\u00f3cz LSA, nasiona zawieraj\u0105 r\u00f3\u017cnorodne alkaloidy i zwi\u0105zki bioaktywne, kt\u00f3re przyczyniaj\u0105 si\u0119 do efekt\u00f3w psychoaktywnych. Zwi\u0105zki te wp\u0142ywaj\u0105 na stopniowy pocz\u0105tek i wyd\u0142u\u017cony czas trwania do\u015bwiadczenia, zwykle trwaj\u0105cego kilka godzin.<\/p>\n<p data-start=\"3798\" data-end=\"4117\">Podczas gdy LSA jest najsilniejszym i najbardziej znacz\u0105cym zwi\u0105zkiem w nasionach, dok\u0142adny sk\u0142ad chemiczny i jego interakcje z cia\u0142em s\u0105 nadal przedmiotem bada\u0144. Zwi\u0105zki te wsp\u00f3\u0142pracuj\u0105 ze sob\u0105, tworz\u0105c unikalne i kontrolowane doznania psychodeliczne, odr\u00f3\u017cniaj\u0105ce Rivea Corymbosa od innych substancji z tej samej kategorii.<\/p>\n<p data-start=\"4119\" data-end=\"4129\"><strong>Ostrze\u017cenie<\/strong><\/p>\n<p data-start=\"4131\" data-end=\"4369\" data-is-last-node=\"\">Podczas stosowania Rivea Corymbosa nale\u017cy zawsze przestrzega\u0107 zalecanych dawek, aby unikn\u0105\u0107 potencjalnych skutk\u00f3w ubocznych. Nadmierne spo\u017cycie mo\u017ce prowadzi\u0107 do nudno\u015bci, wymiot\u00f3w i przyt\u0142aczaj\u0105cych wra\u017ce\u0144, dlatego wa\u017cne jest, aby podchodzi\u0107 do stosowania z ostro\u017cno\u015bci\u0105 i umiarem.<\/p>","protected":false},"excerpt":{"rendered":"<p>W tradycyjnej kulturze Aztek\u00f3w nasiona Ololiuqui by\u0142y u\u017cywane jako ro\u015blina szama\u0144ska. S\u0105 one bogate w LSA i maj\u0105 silne w\u0142a\u015bciwo\u015bci halucynogenne, o kt\u00f3rych m\u00f3wi si\u0119, \u017ce zapewniaj\u0105 intensywne efekty wizualne, takie jak jasne kolory i wszelkiego rodzaju kszta\u0142ty, kt\u00f3re mog\u0105 przybiera\u0107 wiele wymiar\u00f3w jednocze\u015bnie.<\/p>","protected":false},"featured_media":81937,"template":"","meta":[],"product_brand":[],"product_cat":[388,297,818,406,384],"product_tag":[],"class_list":{"0":"post-35987","1":"product","2":"type-product","3":"status-publish","4":"has-post-thumbnail","6":"product_cat-lsa-seeds","7":"product_cat-all-products","8":"product_cat-mcmystic","9":"product_cat-psychedelic-herbs","10":"product_cat-smartshop","11":"product_shipping_class-not-allowed-group-3","13":"first","14":"instock","15":"taxable","16":"shipping-taxable","17":"purchasable","18":"product-type-variable","19":"has-default-attributes"},"_links":{"self":[{"href":"https:\/\/www.headshop.nl\/pl\/wp-json\/wp\/v2\/product\/35987","targetHints":{"allow":["GET"]}}],"collection":[{"href":"https:\/\/www.headshop.nl\/pl\/wp-json\/wp\/v2\/product"}],"about":[{"href":"https:\/\/www.headshop.nl\/pl\/wp-json\/wp\/v2\/types\/product"}],"wp:featuredmedia":[{"embeddable":true,"href":"https:\/\/www.headshop.nl\/pl\/wp-json\/wp\/v2\/media\/81937"}],"wp:attachment":[{"href":"https:\/\/www.headshop.nl\/pl\/wp-json\/wp\/v2\/media?parent=35987"}],"wp:term":[{"taxonomy":"product_brand","embeddable":true,"href":"https:\/\/www.headshop.nl\/pl\/wp-json\/wp\/v2\/product_brand?post=35987"},{"taxonomy":"product_cat","embeddable":true,"href":"https:\/\/www.headshop.nl\/pl\/wp-json\/wp\/v2\/product_cat?post=35987"},{"taxonomy":"product_tag","embeddable":true,"href":"https:\/\/www.headshop.nl\/pl\/wp-json\/wp\/v2\/product_tag?post=35987"}],"curies":[{"name":"wp","href":"https:\/\/api.w.org\/{rel}","templated":true}]}}