{"id":35985,"date":"2021-08-19T10:52:41","date_gmt":"2021-08-19T10:52:41","guid":{"rendered":"https:\/\/www.headshop.nl\/?post_type=product&#038;p=35985"},"modified":"2025-06-06T06:35:55","modified_gmt":"2025-06-06T06:35:55","slug":"yopo-seeds","status":"publish","type":"product","link":"https:\/\/www.headshop.nl\/pl\/yopo-seeds\/","title":{"rendered":"Yopo Nasiona"},"content":{"rendered":"<h2 data-start=\"0\" data-end=\"42\">Co to jest Yopo (Anadenanthera Peregrina)?<\/h2>\n<p data-start=\"44\" data-end=\"473\">Yopo, naukowo znany jako <em data-start=\"74\" data-end=\"99\">Anadenanthera Peregrina<\/em>to ro\u015blina pochodz\u0105ca z Karaib\u00f3w i Ameryki Po\u0142udniowej. Nasiona Yopo zawieraj\u0105 silne naturalnie wyst\u0119puj\u0105ce halucynogeny, w tym DMT, dzi\u0119ki czemu s\u0105 znane z wywo\u0142ywania odmiennych stan\u00f3w \u015bwiadomo\u015bci. Rdzenne plemiona u\u017cywa\u0142y tych nasion od wiek\u00f3w, g\u0142\u00f3wnie w szama\u0144skich rytua\u0142ach, aby uzyska\u0107 duchowy wgl\u0105d, zwi\u0119kszy\u0107 samo\u015bwiadomo\u015b\u0107, a nawet przewidzie\u0107 przysz\u0142e wydarzenia.<\/p>\n<p data-start=\"475\" data-end=\"820\">Efekty dzia\u0142ania nasion Yopo s\u0105 intensywne, ale kr\u00f3tkotrwa\u0142e, trwaj\u0105ce zazwyczaj oko\u0142o 90 minut. U\u017cytkownicy zg\u0142aszaj\u0105 \u017cywe halucynacje wzrokowe, wzmocnione emocje i zwi\u0119kszone poczucie \u015bwiadomo\u015bci. Bior\u0105c pod uwag\u0119 si\u0142\u0119 dzia\u0142ania, Yopo jest zwykle zalecany dla os\u00f3b z do\u015bwiadczeniem w stosowaniu substancji psychoaktywnych i dobrym zrozumieniem metod ich przygotowania.<\/p>\n<p data-start=\"822\" data-end=\"1104\">Yopo jest zwykle spo\u017cywany jako tabaka, co wymaga starannego przetworzenia nasion. Obejmuje to pra\u017cenie, mielenie i mieszanie ich z substancjami alkalicznymi przed wdychaniem powsta\u0142ego proszku. Metoda ta zapewnia pe\u0142n\u0105 moc zwi\u0105zk\u00f3w psychoaktywnych zawartych w nasionach.<\/p>\n<h2 data-start=\"1106\" data-end=\"1150\">Historia Yopo (Anadenanthera Peregrina)<\/h2>\n<p data-start=\"1152\" data-end=\"1449\">Yopo ma d\u0142ug\u0105 histori\u0119 stosowania, szczeg\u00f3lnie w\u015br\u00f3d staro\u017cytnych cywilizacji Ameryki Po\u0142udniowej. Dowody sugeruj\u0105, \u017ce podobne ro\u015bliny psychoaktywne by\u0142y badane przez wczesne kultury, takie jak Egipcjanie, chocia\u017c najbardziej znacz\u0105ce zastosowanie przypisuje si\u0119 Inkom i innym rdzennym plemionom Ameryki Po\u0142udniowej.<\/p>\n<p data-start=\"1451\" data-end=\"1872\">Inkowie, wraz z r\u00f3\u017cnymi rdzennymi grupami, czcili Yopo za jego duchowe i lecznicze w\u0142a\u015bciwo\u015bci. Szamani i przyw\u00f3dcy duchowi wykorzystywali nasiona do wchodzenia w odmienne stany \u015bwiadomo\u015bci, zdobywania m\u0105dro\u015bci, uzyskiwania dost\u0119pu do boskiej komunikacji, a czasem przewidywania przysz\u0142ych wydarze\u0144. Do\u015bwiadczenia te cz\u0119sto odbywa\u0142y si\u0119 we wsp\u00f3lnocie, gdzie szaman prowadzi\u0142 uczestnik\u00f3w przez wizjonersk\u0105 podr\u00f3\u017c.<\/p>\n<p data-start=\"1874\" data-end=\"2196\">Proces przygotowywania nasion Yopo by\u0142 udoskonalany przez pokolenia przez rdzenne plemiona, aby zmaksymalizowa\u0107 ich moc przy jednoczesnym zminimalizowaniu potencjalnego dyskomfortu. Pomimo swoich staro\u017cytnych korzeni, Yopo nadal stanowi istotn\u0105 cz\u0119\u015b\u0107 niekt\u00f3rych plemiennych rytua\u0142\u00f3w, zw\u0142aszcza w\u015br\u00f3d kultur, kt\u00f3re zachowuj\u0105 swoje tradycyjne praktyki.<\/p>\n<p data-start=\"2198\" data-end=\"2465\">Wraz z odrodzeniem zainteresowania naturalnymi substancjami psychoaktywnymi, Yopo jest badany przez wsp\u00f3\u0142czesnych u\u017cytkownik\u00f3w, znanych jako psychonauci, poszukuj\u0105cych g\u0142\u0119bokich, znacz\u0105cych do\u015bwiadcze\u0144. Substancja ta pozostaje jednak silna i nale\u017cy obchodzi\u0107 si\u0119 z ni\u0105 z szacunkiem i ostro\u017cno\u015bci\u0105.<\/p>\n<h2 data-start=\"2467\" data-end=\"2511\">Jak stosowa\u0107 Yopo (Anadenanthera Peregrina)<\/h2>\n<p data-start=\"2513\" data-end=\"2738\">Nasiona Yopo s\u0105 przede wszystkim spo\u017cywane jako tabaka, co jest praktyk\u0105 stosowan\u0105 od wiek\u00f3w w\u015br\u00f3d rdzennych plemion w Ameryce Po\u0142udniowej. Aby nasiona nadawa\u0142y si\u0119 do inhalacji, musz\u0105 przej\u015b\u0107 staranny proces przygotowania.<\/p>\n<p data-start=\"2740\" data-end=\"2804\">Tradycyjna metoda przygotowania obejmuje nast\u0119puj\u0105ce etapy:<\/p>\n<ol data-start=\"2806\" data-end=\"3248\">\n<li data-start=\"2806\" data-end=\"2854\"><strong data-start=\"2809\" data-end=\"2828\">Oczy\u015b\u0107 nasiona<\/strong> w celu usuni\u0119cia wszelkich zanieczyszcze\u0144.<\/li>\n<li data-start=\"2855\" data-end=\"2946\"><strong data-start=\"2858\" data-end=\"2877\">Pra\u017cenie nasion<\/strong> na gor\u0105cej patelni, a\u017c zewn\u0119trzna skorupa p\u0119knie i b\u0119dzie mo\u017cna j\u0105 \u0142atwo usun\u0105\u0107.<\/li>\n<li data-start=\"2947\" data-end=\"3000\"><strong data-start=\"2950\" data-end=\"2967\">Wysuszy\u0107 nasiona<\/strong> a\u017c stan\u0105 si\u0119 j\u0119drne i twarde.<\/li>\n<li data-start=\"3001\" data-end=\"3043\"><strong data-start=\"3004\" data-end=\"3023\">Zmiel nasiona<\/strong> na drobny proszek.<\/li>\n<li data-start=\"3044\" data-end=\"3164\"><strong data-start=\"3047\" data-end=\"3065\">Wymiesza\u0107 proszek<\/strong> z substancjami alkalicznymi, takimi jak soda oczyszczona lub wapno, dodaj\u0105c niewielk\u0105 ilo\u015b\u0107 wody w celu uzyskania pasty.<\/li>\n<li data-start=\"3165\" data-end=\"3248\"><strong data-start=\"3168\" data-end=\"3185\">Wysuszy\u0107 past\u0119<\/strong> ponownie i zmieli\u0107 na drobny proszek nadaj\u0105cy si\u0119 do inhalacji.<\/li>\n<\/ol>\n<p data-start=\"3250\" data-end=\"3536\">Efekty dzia\u0142ania Yopo mo\u017cna odczu\u0107 nawet przy niewielkiej dawce 1-3 nasion. Wi\u0119ksze dawki zintensyfikuj\u0105 doznania, kt\u00f3re cz\u0119sto opisywane s\u0105 jako g\u0142\u0119boko wizjonerskie i wci\u0105gaj\u0105ce. Pocz\u0105tkuj\u0105cy u\u017cytkownicy powinni zacz\u0105\u0107 od najmniejszej mo\u017cliwej dawki i stopniowo dostosowywa\u0107 j\u0105 do swoich do\u015bwiadcze\u0144.<\/p>\n<p data-start=\"3538\" data-end=\"3736\">Chocia\u017c inhalacja jest tradycyjn\u0105 metod\u0105, niekt\u00f3rzy wsp\u00f3\u0142cze\u015bni u\u017cytkownicy eksperymentowali z r\u00f3\u017cnymi sposobami konsumpcji Yopo, cho\u0107 tabakowanie pozostaje najbardziej skuteczn\u0105 i historycznie dok\u0142adn\u0105 metod\u0105.<\/p>\n<p data-start=\"3738\" data-end=\"3748\"><strong>Ostrze\u017cenie<\/strong><\/p>\n<p data-start=\"3750\" data-end=\"4286\" data-is-last-node=\"\">Yopo (Anadenanthera Peregrina) to silna substancja psychoaktywna, do kt\u00f3rej nale\u017cy podchodzi\u0107 ostro\u017cnie. Nie jest odpowiedni dla os\u00f3b poni\u017cej 18 roku \u017cycia. Kobiety w ci\u0105\u017cy lub karmi\u0105ce piersi\u0105, osoby z istniej\u0105cymi wcze\u015bniej schorzeniami lub osoby przyjmuj\u0105ce leki powinny skonsultowa\u0107 si\u0119 z lekarzem przed u\u017cyciem. Niew\u0142a\u015bciwe przygotowanie lub nadu\u017cywanie mo\u017ce powodowa\u0107 nudno\u015bci, zawroty g\u0142owy lub dyskomfort. Ten produkt jest przeznaczony wy\u0142\u0105cznie dla odpowiedzialnych, do\u015bwiadczonych u\u017cytkownik\u00f3w. Produkt nale\u017cy zawsze przechowywa\u0107 w ch\u0142odnym i suchym miejscu, w miejscu niedost\u0119pnym dla dzieci.<\/p>","protected":false},"excerpt":{"rendered":"<p>Yopo (Anadenanthera Peregrina) to tradycyjna po\u0142udniowoameryka\u0144ska ro\u015blina znana ze swoich psychoaktywnych efekt\u00f3w. Nasiona tej ro\u015bliny by\u0142y od wiek\u00f3w wykorzystywane przez rdzenne kultury w praktykach duchowych i wizjonerskich. Yopo wywo\u0142uje silne, ale kr\u00f3tkotrwa\u0142e doznania, zwykle trwaj\u0105ce oko\u0142o 90 minut, i jest powszechnie stosowany w rytualnych lub introspektywnych ustawieniach. Ta naturalna substancja jest idealna dla tych, kt\u00f3rzy chc\u0105 zbada\u0107 g\u0142\u0119bokie stany psychiczne i emocjonalne w kontrolowanym \u015brodowisku.<\/p>\n<p>15 Nasiona<\/p>","protected":false},"featured_media":81941,"template":"","meta":[],"product_brand":[],"product_cat":[388,297,818,406,384],"product_tag":[],"class_list":{"0":"post-35985","1":"product","2":"type-product","3":"status-publish","4":"has-post-thumbnail","6":"product_cat-lsa-seeds","7":"product_cat-all-products","8":"product_cat-mcmystic","9":"product_cat-psychedelic-herbs","10":"product_cat-smartshop","11":"product_shipping_class-not-allowed-group-3","13":"first","14":"instock","15":"taxable","16":"shipping-taxable","17":"purchasable","18":"product-type-variable","19":"has-default-attributes"},"_links":{"self":[{"href":"https:\/\/www.headshop.nl\/pl\/wp-json\/wp\/v2\/product\/35985","targetHints":{"allow":["GET"]}}],"collection":[{"href":"https:\/\/www.headshop.nl\/pl\/wp-json\/wp\/v2\/product"}],"about":[{"href":"https:\/\/www.headshop.nl\/pl\/wp-json\/wp\/v2\/types\/product"}],"wp:featuredmedia":[{"embeddable":true,"href":"https:\/\/www.headshop.nl\/pl\/wp-json\/wp\/v2\/media\/81941"}],"wp:attachment":[{"href":"https:\/\/www.headshop.nl\/pl\/wp-json\/wp\/v2\/media?parent=35985"}],"wp:term":[{"taxonomy":"product_brand","embeddable":true,"href":"https:\/\/www.headshop.nl\/pl\/wp-json\/wp\/v2\/product_brand?post=35985"},{"taxonomy":"product_cat","embeddable":true,"href":"https:\/\/www.headshop.nl\/pl\/wp-json\/wp\/v2\/product_cat?post=35985"},{"taxonomy":"product_tag","embeddable":true,"href":"https:\/\/www.headshop.nl\/pl\/wp-json\/wp\/v2\/product_tag?post=35985"}],"curies":[{"name":"wp","href":"https:\/\/api.w.org\/{rel}","templated":true}]}}