{"id":35976,"date":"2021-08-19T10:34:49","date_gmt":"2021-08-19T10:34:49","guid":{"rendered":"https:\/\/www.headshop.nl\/?post_type=product&#038;p=35976"},"modified":"2025-10-16T07:05:24","modified_gmt":"2025-10-16T07:05:24","slug":"san-pedro-bridgesii-cactus-seeds","status":"publish","type":"product","link":"https:\/\/www.headshop.nl\/pl\/san-pedro-bridgesii-cactus-seeds\/","title":{"rendered":"San Pedro Bridgesii Nasiona kaktusa"},"content":{"rendered":"<h2>100 nasion kaktusa San Pedro Bridgesii do uprawy<\/h2>\n<p>Kaktus San Pedro Mescaline jest uwa\u017cany za b\u00f3stwo przez niekt\u00f3rych szaman\u00f3w z Peru lub Ekwadoru, ale mo\u017cesz go wyhodowa\u0107 w domu!<\/p>\n<p>Wed\u0142ug niekt\u00f3rych szaman\u00f3w z Peru lub Ekwadoru, kaktus San Pedro sam w sobie jest uwa\u017cany za boga. Dobrze, \u017ce mo\u017cna go wyhodowa\u0107 w domu!<\/p>\n<p>Zdob\u0105d\u017a 100 nasion tej magicznej ro\u015bliny i zobacz, co si\u0119 stanie, gdy spr\u00f3bujesz swoich si\u0142 w uprawie kaktus\u00f3w meskalinowych. To niesamowite stworzenie by\u0142o u\u017cywane przez wieki przez ludzi z obu kraj\u00f3w ze wzgl\u0119du na wszystkie alkaloidy w \u015brodku - takie jak meskalina, kt\u00f3ra chemicznie przypomina LSD i wywo\u0142uje efekty podobne do magicznych grzyb\u00f3w, LSD, a nawet samej kr\u00f3lowej Ayahuasca.<\/p>","protected":false},"excerpt":{"rendered":"<p>San Pedro to kaktus, kt\u00f3ry od wiek\u00f3w by\u0142 wykorzystywany w rytua\u0142ach i ceremoniach ze wzgl\u0119du na r\u00f3\u017cnorodno\u015b\u0107 zawartych w nim alkaloid\u00f3w. Najpopularniejszym z nich jest meskalina, kt\u00f3ra zyska\u0142a popularno\u015b\u0107 dzi\u0119ki wykorzystaniu przez szaman\u00f3w, kt\u00f3rzy pij\u0105 napary sporz\u0105dzone z innych ro\u015blin psychoaktywnych lub leczniczych, aby wywo\u0142a\u0107 wizje podczas pracy duchowej.<\/p>","protected":false},"featured_media":38153,"template":"","meta":[],"product_brand":[],"product_cat":[394,297,384],"product_tag":[],"class_list":{"0":"post-35976","1":"product","2":"type-product","3":"status-publish","4":"has-post-thumbnail","6":"product_cat-mescaline-cacti","7":"product_cat-all-products","8":"product_cat-smartshop","9":"product_shipping_class-group-7","11":"first","12":"instock","13":"taxable","14":"shipping-taxable","15":"purchasable","16":"product-type-variable","17":"has-default-attributes"},"_links":{"self":[{"href":"https:\/\/www.headshop.nl\/pl\/wp-json\/wp\/v2\/product\/35976","targetHints":{"allow":["GET"]}}],"collection":[{"href":"https:\/\/www.headshop.nl\/pl\/wp-json\/wp\/v2\/product"}],"about":[{"href":"https:\/\/www.headshop.nl\/pl\/wp-json\/wp\/v2\/types\/product"}],"wp:featuredmedia":[{"embeddable":true,"href":"https:\/\/www.headshop.nl\/pl\/wp-json\/wp\/v2\/media\/38153"}],"wp:attachment":[{"href":"https:\/\/www.headshop.nl\/pl\/wp-json\/wp\/v2\/media?parent=35976"}],"wp:term":[{"taxonomy":"product_brand","embeddable":true,"href":"https:\/\/www.headshop.nl\/pl\/wp-json\/wp\/v2\/product_brand?post=35976"},{"taxonomy":"product_cat","embeddable":true,"href":"https:\/\/www.headshop.nl\/pl\/wp-json\/wp\/v2\/product_cat?post=35976"},{"taxonomy":"product_tag","embeddable":true,"href":"https:\/\/www.headshop.nl\/pl\/wp-json\/wp\/v2\/product_tag?post=35976"}],"curies":[{"name":"wp","href":"https:\/\/api.w.org\/{rel}","templated":true}]}}