{"id":35940,"date":"2021-08-19T10:05:59","date_gmt":"2021-08-19T10:05:59","guid":{"rendered":"https:\/\/www.headshop.nl\/?post_type=product&#038;p=35940"},"modified":"2025-10-16T07:05:25","modified_gmt":"2025-10-16T07:05:25","slug":"peyote-cactus-seeds","status":"publish","type":"product","link":"https:\/\/www.headshop.nl\/pl\/peyote-cactus-seeds\/","title":{"rendered":"Peyote Nasiona kaktusa"},"content":{"rendered":"<h2>10 Peyote Nasiona kaktusa do uprawy<\/h2>\n<p>Meskalina jest najcz\u0119\u015bciej znana ze swojej podobnej struktury chemicznej do LSD, a jednocze\u015bnie wywo\u0142uje efekty bardzo podobne do magicznych grzyb\u00f3w lub lek\u00f3w psychodelicznych, takich jak sam LSD. Niekt\u00f3rzy twierdz\u0105, \u017ce ich do\u015bwiadczenia z t\u0105 ro\u015blin\u0105 s\u0105 bardziej ugruntowane i \u0142atwiejsze do kontrolowania ni\u017c inne psychodeliki dost\u0119pne obecnie na rynku tylko z powodu tych cech.<\/p>\n<p>Ten magiczny kaktus jest uwa\u017cany za boga przez niekt\u00f3rych szaman\u00f3w... A teraz mo\u017cesz go wyhodowa\u0107 w domu! Zdob\u0105d\u017a 10 nasion kaktusa Peyote i wyhoduj w\u0142asn\u0105 ro\u015blin\u0119 produkuj\u0105c\u0105 meskalin\u0119 w zaciszu w\u0142asnego ogrodu.<\/p>\n<p>Ten fantastyczny okaz by\u0142 u\u017cywany przez wieki w r\u00f3\u017cnych rytua\u0142ach rdzennych Amerykan\u00f3w - wszystko ze wzgl\u0119du na r\u00f3\u017cnorodno\u015b\u0107 alkaloid\u00f3w. Najpopularniejsze z nich to: Meskalina, kt\u00f3ra ma podobie\u0144stwa chemiczne z LSD, a jednocze\u015bnie ma niemal identyczne efekty, jakie znamy z magicznych grzyb\u00f3w, a nawet samej kr\u00f3lowej Ayahuasca.<\/p>\n<p>Niekt\u00f3rzy twierdz\u0105, \u017ce ta podr\u00f3\u017c mo\u017ce by\u0107 bardziej uziemiona ni\u017c inne po spo\u017cyciu tych ro\u015blin ze wzgl\u0119du na ich wysoki poziom psychodelii.<\/p>","protected":false},"excerpt":{"rendered":"<p>Przez tysi\u0105clecia kaktus Peyote by\u0142 uwa\u017cany za boga w niekt\u00f3rych szamanistycznych rytua\u0142ach rdzennych Amerykan\u00f3w. Teraz mo\u017cesz uprawia\u0107 go tak\u017ce w domu! Zdob\u0105d\u017a 10 nasion i zacznij uprawia\u0107 w\u0142asne kaktusy produkuj\u0105ce meskalin\u0119 ju\u017c dzi\u015b!<\/p>","protected":false},"featured_media":38187,"template":"","meta":[],"product_brand":[],"product_cat":[394,297,384],"product_tag":[],"class_list":{"0":"post-35940","1":"product","2":"type-product","3":"status-publish","4":"has-post-thumbnail","6":"product_cat-mescaline-cacti","7":"product_cat-all-products","8":"product_cat-smartshop","9":"product_shipping_class-group-7","11":"first","12":"instock","13":"taxable","14":"shipping-taxable","15":"purchasable","16":"product-type-variable","17":"has-default-attributes"},"_links":{"self":[{"href":"https:\/\/www.headshop.nl\/pl\/wp-json\/wp\/v2\/product\/35940","targetHints":{"allow":["GET"]}}],"collection":[{"href":"https:\/\/www.headshop.nl\/pl\/wp-json\/wp\/v2\/product"}],"about":[{"href":"https:\/\/www.headshop.nl\/pl\/wp-json\/wp\/v2\/types\/product"}],"wp:featuredmedia":[{"embeddable":true,"href":"https:\/\/www.headshop.nl\/pl\/wp-json\/wp\/v2\/media\/38187"}],"wp:attachment":[{"href":"https:\/\/www.headshop.nl\/pl\/wp-json\/wp\/v2\/media?parent=35940"}],"wp:term":[{"taxonomy":"product_brand","embeddable":true,"href":"https:\/\/www.headshop.nl\/pl\/wp-json\/wp\/v2\/product_brand?post=35940"},{"taxonomy":"product_cat","embeddable":true,"href":"https:\/\/www.headshop.nl\/pl\/wp-json\/wp\/v2\/product_cat?post=35940"},{"taxonomy":"product_tag","embeddable":true,"href":"https:\/\/www.headshop.nl\/pl\/wp-json\/wp\/v2\/product_tag?post=35940"}],"curies":[{"name":"wp","href":"https:\/\/api.w.org\/{rel}","templated":true}]}}