{"id":35938,"date":"2021-08-19T09:44:39","date_gmt":"2021-08-19T09:44:39","guid":{"rendered":"https:\/\/www.headshop.nl\/?post_type=product&#038;p=35938"},"modified":"2025-02-04T14:50:20","modified_gmt":"2025-02-04T14:50:20","slug":"speedx-partypills","status":"publish","type":"product","link":"https:\/\/www.headshop.nl\/pl\/speedx-partypills\/","title":{"rendered":"SpeedX Partypills"},"content":{"rendered":"<h2>Co to jest SpeedX?<\/h2>\n<p>SpeedX to wysokoenergetyczny suplement imprezowy opracowany w celu zapewnienia intensywnego i trwa\u0142ego zastrzyku energii. Niezale\u017cnie od tego, czy szalejesz przez ca\u0142\u0105 noc, ci\u0119\u017cko pracujesz, czy po prostu szukasz dodatkowego impulsu, SpeedX pomaga ci przetrwa\u0107 z niezachwian\u0105 wytrzyma\u0142o\u015bci\u0105. Dzi\u0119ki silnemu po\u0142\u0105czeniu naturalnych stymulant\u00f3w, SpeedX zwi\u0119ksza czujno\u015b\u0107, koncentracj\u0119 i wytrzyma\u0142o\u015b\u0107, zapewniaj\u0105c, \u017ce zm\u0119czenie nie b\u0119dzie Ci\u0119 spowalnia\u0107.<\/p>\n<p>Ta imprezowa czapka zosta\u0142a zaprojektowana dla tych, kt\u00f3rzy \u017cyj\u0105 zgodnie z mottem \"pracuj ci\u0119\u017cko, baw si\u0119 jeszcze ci\u0119\u017cej\". Je\u015bli odpoczynek nie jest w twoim stylu, SpeedX jest idealnym towarzyszem, kt\u00f3ry zapewni ci pe\u0142n\u0105 intensywno\u015b\u0107. W przeciwie\u0144stwie do syntetycznych stymulant\u00f3w, SpeedX wykorzystuje naturalne sk\u0142adniki, aby zoptymalizowa\u0107 poziom energii, jednocze\u015bnie wspieraj\u0105c funkcje poznawcze i wydajno\u015b\u0107 fizyczn\u0105. Rezultat? Czujesz si\u0119 rozbudzony, pe\u0142en energii i gotowy do podj\u0119cia ka\u017cdego wyzwania, jakie postawi przed Tob\u0105 noc - lub dzie\u0144. Niezale\u017cnie od tego, czy jeste\u015b na festiwalu, w klubie, czy na treningu o wysokiej intensywno\u015bci, SpeedX zapewnia, \u017ce pozostaniesz w ruchu bez utraty rytmu.<\/p>\n<h2>Historia SpeedX<\/h2>\n<p>Po\u017c\u0105danie suplement\u00f3w zwi\u0119kszaj\u0105cych energi\u0119 si\u0119ga wiek\u00f3w wstecz, a wiele kultur wykorzystywa\u0142o naturalne stymulanty w celu zwi\u0119kszenia wydajno\u015bci i wytrzyma\u0142o\u015bci. Staro\u017cytne cywilizacje polega\u0142y na lekach zio\u0142owych i ekstraktach ro\u015blinnych, aby utrzyma\u0107 wytrzyma\u0142o\u015b\u0107 podczas bitew, rytua\u0142\u00f3w i uroczysto\u015bci. Sk\u0142adniki takie jak aurantium cytrusowe i kofeina od dawna s\u0105 cenione za swoje w\u0142a\u015bciwo\u015bci stymuluj\u0105ce, zapewniaj\u0105c zar\u00f3wno psychiczne, jak i fizyczne pobudzenie, gdy jest to najbardziej potrzebne.<\/p>\n<p>Z biegiem czasu post\u0119p naukowy udoskonali\u0142 te naturalne wzmacniacze energii, prowadz\u0105c do stworzenia bardziej ukierunkowanych formu\u0142. SpeedX jest wynikiem tej ewolucji - po\u0142\u0105czenia tradycyjnej wiedzy z nowoczesn\u0105 nauk\u0105 w celu dostarczenia silnego, ale naturalnego suplementu na imprez\u0119. W przeciwie\u0144stwie do chemicznych stymulant\u00f3w, SpeedX koncentruje si\u0119 na zr\u00f3wnowa\u017conym i trwa\u0142ym uwalnianiu energii, zapobiegaj\u0105c nag\u0142ym za\u0142amaniom lub niepo\u017c\u0105danym skutkom ubocznym. Dzi\u0119ki starannemu doborowi i po\u0142\u0105czeniu kluczowych sk\u0142adnik\u00f3w, SpeedX zapewnia czysty, skuteczny przyp\u0142yw energii, kt\u00f3ry utrzymuje ci\u0119 silniejszym przez d\u0142u\u017cszy czas.<\/p>\n<p>Zapotrzebowanie na bezpieczne i naturalne wzmacniacze energii tylko wzros\u0142o, a SpeedX spe\u0142nia to zapotrzebowanie dzi\u0119ki formule zaprojektowanej w celu maksymalizacji zar\u00f3wno wydajno\u015bci, jak i przyjemno\u015bci. Niezale\u017cnie od tego, czy jest stosowany podczas wydarze\u0144 o wysokiej energii, czy te\u017c w celu przetrwania d\u0142ugiego dnia, SpeedX oferuje zoptymalizowane rozwi\u0105zanie dla tych, kt\u00f3rzy nie chc\u0105 zwalnia\u0107 tempa.<\/p>\n<h2>Jak korzysta\u0107 z SpeedX<\/h2>\n<p>Aby do\u015bwiadczy\u0107 pe\u0142nego dzia\u0142ania SpeedX, nale\u017cy przyj\u0105\u0107 1 do 2 kapsu\u0142ek na oko\u0142o 30 minut przed po\u017c\u0105danym efektem. W razie potrzeby zwi\u0119kszy\u0107 dawk\u0119 do 3 lub 4 kapsu\u0142ek, ale nie przekracza\u0107 maksymalnej dziennej dawki 4 kapsu\u0142ek na 24 godziny. Czas przyjmowania ma kluczowe znaczenie dla zapewnienia, \u017ce zastrzyk energii zadzia\u0142a dok\u0142adnie wtedy, gdy jest najbardziej potrzebny.<\/p>\n<p>Aby uzyska\u0107 najlepsze wyniki, nale\u017cy przyjmowa\u0107 SpeedX ze szklank\u0105 wody lub soku owocowego. Formu\u0142a zosta\u0142a zaprojektowana tak, aby stopniowo zwi\u0119ksza\u0107 poziom energii, umo\u017cliwiaj\u0105c p\u0142ynny i trwa\u0142y wzrost wytrzyma\u0142o\u015bci i czujno\u015bci. Efekty utrzymuj\u0105 si\u0119 zazwyczaj przez kilka godzin, w zale\u017cno\u015bci od indywidualnej tolerancji i poziomu aktywno\u015bci. Je\u015bli stosujesz SpeedX podczas zawod\u00f3w lub treningu, pami\u0119taj o nawodnieniu i utrzymaniu zbilansowanej diety, aby wspiera\u0107 wydajno\u015b\u0107 organizmu.<\/p>\n<p>SpeedX jest idealny do aktywno\u015bci o wysokiej energii, takich jak clubbing, raving, sport i d\u0142ugie zmiany w pracy. Niezale\u017cnie od tego, czy chcesz przeta\u0144czy\u0107 ca\u0142\u0105 noc, przej\u015b\u0107 przez intensywny trening, czy zachowa\u0107 ostro\u015b\u0107 podczas wymagaj\u0105cego zadania, SpeedX zapewnia niezb\u0119dny zastrzyk energii, aby\u015b m\u00f3g\u0142 dzia\u0142a\u0107 jak najlepiej. Nale\u017cy jednak przestrzega\u0107 zalece\u0144 dotycz\u0105cych dawkowania, aby unikn\u0105\u0107 nadmiernej stymulacji.<\/p>\n<h2>Sk\u0142adniki SpeedX<\/h2>\n<p>SpeedX zawiera unikaln\u0105 mieszank\u0119 naturalnych stymulant\u00f3w starannie dobranych ze wzgl\u0119du na ich dzia\u0142anie zwi\u0119kszaj\u0105ce energi\u0119 i wydajno\u015b\u0107. Ka\u017cdy sk\u0142adnik odgrywa istotn\u0105 rol\u0119 w zapewnianiu trwa\u0142ej energii, skupienia i wytrzyma\u0142o\u015bci.<\/p>\n<ul>\n<li><strong>DL-fenyloalanina (DLPA):<\/strong> Aminokwas ten znany jest ze swojej zdolno\u015bci do poprawy nastroju i \u0142agodzenia zm\u0119czenia. Wp\u0142ywa na neuroprzeka\u017aniki, takie jak dopamina i endorfiny, kt\u00f3re pomagaj\u0105 zwi\u0119kszy\u0107 czujno\u015b\u0107 i jasno\u015b\u0107 umys\u0142u. DLPA zwi\u0119ksza r\u00f3wnie\u017c wytrzyma\u0142o\u015b\u0107 fizyczn\u0105, dzi\u0119ki czemu jest niezb\u0119dnym sk\u0142adnikiem SpeedX.<\/li>\n<li><strong>Kofeina:<\/strong> Kofeina, dobrze znany \u015brodek pobudzaj\u0105cy, zwi\u0119ksza energi\u0119 i czujno\u015b\u0107, jednocze\u015bnie zmniejszaj\u0105c zm\u0119czenie. Wyst\u0119puj\u0105ca naturalnie w r\u00f3\u017cnych ro\u015blinach, kofeina wzmacnia dzia\u0142anie innych sk\u0142adnik\u00f3w, zapewniaj\u0105c silniejszy i d\u0142ugotrwa\u0142y zastrzyk energii.<\/li>\n<li><strong>Citrus Aurantium:<\/strong> Znany r\u00f3wnie\u017c jako gorzka pomara\u0144cza, ekstrakt ten zawiera synefryn\u0119, zwi\u0105zek, kt\u00f3ry zwi\u0119ksza poziom energii i koncentracj\u0119 umys\u0142ow\u0105. Pomaga zwi\u0119kszy\u0107 wytrzyma\u0142o\u015b\u0107 i promuje dobre samopoczucie, dzi\u0119ki czemu jest kluczowym sk\u0142adnikiem SpeedX.<\/li>\n<li><strong>Higenamina:<\/strong> Higenamina, naturalny alkaloid wyst\u0119puj\u0105cy w ro\u015blinach lotosu i tojadu, dzia\u0142a jako stymulant przedtreningowy. Zwi\u0119ksza poziom adrenaliny, wspomaga prac\u0119 uk\u0142adu sercowo-naczyniowego i poprawia wydolno\u015b\u0107 oddechow\u0105, dzi\u0119ki czemu jest korzystna dla aktywno\u015bci o wysokiej energii.<\/li>\n<li><strong>Oktopamina:<\/strong> Ten naturalny zwi\u0105zek odgrywa rol\u0119 w metabolizmie t\u0142uszcz\u00f3w i produkcji energii. Wspomaga jasno\u015b\u0107 umys\u0142u, czujno\u015b\u0107 i og\u00f3ln\u0105 wytrzyma\u0142o\u015b\u0107, pomagaj\u0105c u\u017cytkownikom zachowa\u0107 koncentracj\u0119 i energi\u0119 przez d\u0142u\u017cszy czas.<\/li>\n<\/ul>\n<p>Razem sk\u0142adniki te tworz\u0105 dobrze zbilansowan\u0105 formu\u0142\u0119 zaprojektowan\u0105 w celu maksymalizacji energii i wydajno\u015bci przy jednoczesnym zachowaniu jasno\u015bci umys\u0142u i wytrzyma\u0142o\u015bci.<\/p>\n<p><strong>Ostrze\u017cenie:<\/strong><\/p>\n<p>Suplement diety nie mo\u017ce by\u0107 stosowany jako substytut zr\u00f3\u017cnicowanej diety. Przechowywa\u0107 w miejscu niedost\u0119pnym dla dzieci. Stosowa\u0107 wy\u0142\u0105cznie u os\u00f3b powy\u017cej 18 roku \u017cycia. Nie stosowa\u0107 w po\u0142\u0105czeniu z lekami lub innymi stymulantami, zw\u0142aszcza w przypadku wysokiego lub niskiego ci\u015bnienia krwi, chor\u00f3b serca, zaburze\u0144 tarczycy, chor\u00f3b nerek, depresji, nerwowo\u015bci lub problem\u00f3w ze zdrowiem psychicznym\/fizycznym. Podczas stosowania tego produktu nale\u017cy unika\u0107 nadmiernego spo\u017cywania alkoholu. W razie w\u0105tpliwo\u015bci nale\u017cy skonsultowa\u0107 si\u0119 z lekarzem.<\/p>","protected":false},"excerpt":{"rendered":"<p>SpeedX to najwy\u017cszej jako\u015bci energetyzuj\u0105ca czapka imprezowa dla tych, kt\u00f3rzy uwielbiaj\u0105 i\u015b\u0107 na ca\u0142o\u015b\u0107. Zaprojektowana z my\u015bl\u0105 o osobach o wysokiej energii, ta naturalna i silna formu\u0142a zwi\u0119ksza wytrzyma\u0142o\u015b\u0107, koncentracj\u0119 i czujno\u015b\u0107, pomagaj\u0105c ta\u0144czy\u0107, szale\u0107 i porusza\u0107 si\u0119 na pe\u0142nych obrotach przez wiele godzin. Dzi\u0119ki unikalnej mieszance stymuluj\u0105cych sk\u0142adnik\u00f3w, SpeedX zapewnia energi\u0119 i gotowo\u015b\u0107 do kontynuowania imprezy. Nie ma czasu do stracenia - wzmocnij si\u0119 dzi\u0119ki SpeedX i do\u015bwiadcz niepowstrzymanej energii.<\/p>","protected":false},"featured_media":35924,"template":"","meta":[],"product_brand":[],"product_cat":[386,297,707,408,411,397,384],"product_tag":[],"class_list":{"0":"post-35938","1":"product","2":"type-product","3":"status-publish","4":"has-post-thumbnail","6":"product_cat-party-pills","7":"product_cat-all-products","8":"product_cat-buy-xtc","9":"product_cat-dnx","10":"product_cat-energy-pills","11":"product_cat-party","12":"product_cat-smartshop","14":"first","15":"instock","16":"taxable","17":"shipping-taxable","18":"purchasable","19":"product-type-variable","20":"has-default-attributes"},"_links":{"self":[{"href":"https:\/\/www.headshop.nl\/pl\/wp-json\/wp\/v2\/product\/35938","targetHints":{"allow":["GET"]}}],"collection":[{"href":"https:\/\/www.headshop.nl\/pl\/wp-json\/wp\/v2\/product"}],"about":[{"href":"https:\/\/www.headshop.nl\/pl\/wp-json\/wp\/v2\/types\/product"}],"wp:featuredmedia":[{"embeddable":true,"href":"https:\/\/www.headshop.nl\/pl\/wp-json\/wp\/v2\/media\/35924"}],"wp:attachment":[{"href":"https:\/\/www.headshop.nl\/pl\/wp-json\/wp\/v2\/media?parent=35938"}],"wp:term":[{"taxonomy":"product_brand","embeddable":true,"href":"https:\/\/www.headshop.nl\/pl\/wp-json\/wp\/v2\/product_brand?post=35938"},{"taxonomy":"product_cat","embeddable":true,"href":"https:\/\/www.headshop.nl\/pl\/wp-json\/wp\/v2\/product_cat?post=35938"},{"taxonomy":"product_tag","embeddable":true,"href":"https:\/\/www.headshop.nl\/pl\/wp-json\/wp\/v2\/product_tag?post=35938"}],"curies":[{"name":"wp","href":"https:\/\/api.w.org\/{rel}","templated":true}]}}