{"id":35904,"date":"2021-08-19T09:18:08","date_gmt":"2021-08-19T09:18:08","guid":{"rendered":"https:\/\/www.headshop.nl\/?post_type=product&#038;p=35904"},"modified":"2025-02-04T14:52:58","modified_gmt":"2025-02-04T14:52:58","slug":"zenx-partypills","status":"publish","type":"product","link":"https:\/\/www.headshop.nl\/pl\/zenx-partypills\/","title":{"rendered":"ZenX Partypills"},"content":{"rendered":"<h2 data-pm-slice=\"1 1 []\">Czym jest Zen X?<\/h2>\n<p>Zen X to zio\u0142owy suplement opracowany w celu wspomagania relaksu i dobrego samopoczucia. Wykonany z naturalnych ekstrakt\u00f3w ro\u015blinnych i niezb\u0119dnych sk\u0142adnik\u00f3w od\u017cywczych, pomaga cia\u0142u i umys\u0142owi wej\u015b\u0107 w spokojny stan. Redukuj\u0105c stres i napi\u0119cie, Zen X zwi\u0119ksza zdolno\u015b\u0107 do odpr\u0119\u017cenia i cieszenia si\u0119 chwil\u0105 spokoju.<\/p>\n<p>Formu\u0142a dzia\u0142a poprzez uspokojenie uk\u0142adu nerwowego, z\u0142agodzenie niepokoju i promowanie poczucia wewn\u0119trznego spokoju. Wielu u\u017cytkownik\u00f3w opisuje jej dzia\u0142anie jako koj\u0105ce i r\u00f3wnowa\u017c\u0105ce, dzi\u0119ki czemu Zen X jest doskona\u0142ym dodatkiem do \u015bwiadomego i zrelaksowanego stylu \u017cycia.<\/p>\n<h2>Historia Zen X<\/h2>\n<p>Zen X zosta\u0142 opracowany jako nowoczesne rozwi\u0105zanie \u0142agodz\u0105ce stres, czerpi\u0105ce inspiracj\u0119 z tradycyjnych zio\u0142owych \u015brodk\u00f3w leczniczych stosowanych od wiek\u00f3w. Herbs, takie jak korze\u0144 waleriany i passiflora, s\u0105 od dawna znane ze swoich w\u0142a\u015bciwo\u015bci uspokajaj\u0105cych.<\/p>\n<p>Z biegiem czasu post\u0119p naukowy pozwoli\u0142 na idealne po\u0142\u0105czenie tych sk\u0142adnik\u00f3w w celu stworzenia silnego, ale \u0142agodnego suplementu. Dzi\u015b Zen X nadal wspiera osoby poszukuj\u0105ce naturalnego sposobu na relaks, \u0142\u0105cz\u0105c historyczn\u0105 m\u0105dro\u015b\u0107 z nowoczesnymi badaniami.<\/p>\n<h2>Jak korzysta\u0107 z Zen X<\/h2>\n<p>Aby do\u015bwiadczy\u0107 pe\u0142nych korzy\u015bci Zen X, nale\u017cy przyj\u0105\u0107 jedn\u0105 kapsu\u0142k\u0119 z wod\u0105 lub sokiem oko\u0142o 30 do 45 minut przed po\u017c\u0105danym efektem. Zalecana dzienna dawka to dwie kapsu\u0142ki i wa\u017cne jest, aby nie przekracza\u0107 maksymalnej dawki w ci\u0105gu 24 godzin.<\/p>\n<p>Aby uzyska\u0107 najlepsze rezultaty, u\u017cywaj Zen X w spokojnym otoczeniu, w kt\u00f3rym mo\u017cesz si\u0119 w pe\u0142ni zrelaksowa\u0107. Niezale\u017cnie od tego, czy medytujesz, \u0107wiczysz uwa\u017cno\u015b\u0107, czy po prostu robisz sobie przerw\u0119 od stresuj\u0105cego dnia, Zen X zwi\u0119ksza twoj\u0105 zdolno\u015b\u0107 do oderwania si\u0119 od zmartwie\u0144 i cieszenia si\u0119 chwil\u0105 obecn\u0105.<\/p>\n<h2>Sk\u0142adniki Zen X<\/h2>\n<p>Zen X to mieszanka naturalnych sk\u0142adnik\u00f3w znanych ze swojego uspokajaj\u0105cego dzia\u0142ania:<\/p>\n<ul data-spread=\"false\">\n<li><strong>Damiana (200 mg)<\/strong> - Tradycyjnie stosowany do relaksacji i poprawy nastroju.<\/li>\n<li><strong>DL-fenyloalanina (75 mg)<\/strong> - Aminokwas wspieraj\u0105cy dobre samopoczucie psychiczne.<\/li>\n<li><strong>GABA (200 mg)<\/strong> - Neuroprzeka\u017anik, kt\u00f3ry promuje spok\u00f3j i relaks.<\/li>\n<li><strong>Melisa lekarska (50 mg)<\/strong> - Znany ze swoich w\u0142a\u015bciwo\u015bci koj\u0105cych i \u0142agodz\u0105cych stres.<\/li>\n<li><strong>Passionflower (100 mg)<\/strong> - Pomaga z\u0142agodzi\u0107 niepok\u00f3j i napi\u0119cie.<\/li>\n<li><strong>Valerian Root (100 mg)<\/strong> - Dobrze znane zio\u0142o promuj\u0105ce g\u0142\u0119boki relaks.<\/li>\n<li><strong>Witamina B6 (1 mg, 66% ADH)<\/strong> - Wspomaga funkcjonowanie uk\u0142adu nerwowego i og\u00f3lne samopoczucie.<\/li>\n<\/ul>\n<p>Ka\u017cdy sk\u0142adnik odgrywa rol\u0119 w pomaganiu cia\u0142u i umys\u0142owi w osi\u0105gni\u0119ciu zr\u00f3wnowa\u017conego, wolnego od stresu stanu, dzi\u0119ki czemu Zen X jest niezawodnym wyborem do naturalnego relaksu.<\/p>\n<p><strong>Ostrze\u017cenie:<\/strong><\/p>\n<p>Zen X jest suplementem diety i nie powinien by\u0107 stosowany jako substytut zbilansowanej diety. Przechowywa\u0107 w miejscu niedost\u0119pnym dla dzieci. Ten produkt jest przeznaczony dla os\u00f3b w wieku 18 lat i starszych. Nie stosowa\u0107 w po\u0142\u0105czeniu z lekami, stymulantami lub w przypadku wysokiego\/niskiego ci\u015bnienia krwi, chor\u00f3b serca, zaburze\u0144 tarczycy, chor\u00f3b nerek, depresji, l\u0119ku lub jakichkolwiek fizycznych lub psychicznych problem\u00f3w zdrowotnych. Unika\u0107 stosowania w przypadku przyjmowania inhibitor\u00f3w MAO. Zachowa\u0107 ostro\u017cno\u015b\u0107 w przypadku spo\u017cywania alkoholu. W razie w\u0105tpliwo\u015bci przed u\u017cyciem nale\u017cy skonsultowa\u0107 si\u0119 z lekarzem.<\/p>","protected":false},"excerpt":{"rendered":"<p data-pm-slice=\"1 1 []\">Zen X to unikalna formu\u0142a zio\u0142owa zaprojektowana, aby pom\u00f3c Ci osi\u0105gn\u0105\u0107 g\u0142\u0119boki stan relaksu. Dzi\u0119ki mieszance starannie wyselekcjonowanych naturalnych sk\u0142adnik\u00f3w promuje zar\u00f3wno fizyczne, jak i psychiczne wyciszenie, dzi\u0119ki czemu idealnie nadaje si\u0119 do odpr\u0119\u017cenia po d\u0142ugim dniu. Niezale\u017cnie od tego, czy medytujesz, rozmy\u015blasz, czy po prostu chcesz uwolni\u0107 si\u0119 od codziennego stresu, Zen X zapewnia spok\u00f3j, kt\u00f3rego potrzebujesz.<\/p>","protected":false},"featured_media":35932,"template":"","meta":[],"product_brand":[],"product_cat":[413,297,707,408,386,396,384],"product_tag":[],"class_list":{"0":"post-35904","1":"product","2":"type-product","3":"status-publish","4":"has-post-thumbnail","6":"product_cat-relax-pills","7":"product_cat-all-products","8":"product_cat-buy-xtc","9":"product_cat-dnx","10":"product_cat-party-pills","11":"product_cat-relax","12":"product_cat-smartshop","14":"first","15":"instock","16":"taxable","17":"shipping-taxable","18":"purchasable","19":"product-type-variable","20":"has-default-attributes"},"_links":{"self":[{"href":"https:\/\/www.headshop.nl\/pl\/wp-json\/wp\/v2\/product\/35904","targetHints":{"allow":["GET"]}}],"collection":[{"href":"https:\/\/www.headshop.nl\/pl\/wp-json\/wp\/v2\/product"}],"about":[{"href":"https:\/\/www.headshop.nl\/pl\/wp-json\/wp\/v2\/types\/product"}],"wp:featuredmedia":[{"embeddable":true,"href":"https:\/\/www.headshop.nl\/pl\/wp-json\/wp\/v2\/media\/35932"}],"wp:attachment":[{"href":"https:\/\/www.headshop.nl\/pl\/wp-json\/wp\/v2\/media?parent=35904"}],"wp:term":[{"taxonomy":"product_brand","embeddable":true,"href":"https:\/\/www.headshop.nl\/pl\/wp-json\/wp\/v2\/product_brand?post=35904"},{"taxonomy":"product_cat","embeddable":true,"href":"https:\/\/www.headshop.nl\/pl\/wp-json\/wp\/v2\/product_cat?post=35904"},{"taxonomy":"product_tag","embeddable":true,"href":"https:\/\/www.headshop.nl\/pl\/wp-json\/wp\/v2\/product_tag?post=35904"}],"curies":[{"name":"wp","href":"https:\/\/api.w.org\/{rel}","templated":true}]}}