{"id":35898,"date":"2021-08-19T09:17:59","date_gmt":"2021-08-19T09:17:59","guid":{"rendered":"https:\/\/www.headshop.nl\/?post_type=product&#038;p=35898"},"modified":"2025-12-17T13:26:17","modified_gmt":"2025-12-17T13:26:17","slug":"lemonx-partypills","status":"publish","type":"product","link":"https:\/\/www.headshop.nl\/pl\/lemonx-partypills\/","title":{"rendered":"LemonX Partypills"},"content":{"rendered":"<h2 data-pm-slice=\"1 1 []\">Co to jest LemonX?<\/h2>\n<p>LemonX to naturalny suplement energetyczny zaprojektowany w celu zwi\u0119kszenia wytrzyma\u0142o\u015bci spo\u0142ecznej i fizycznej podczas imprez i wydarze\u0144. Je\u015bli uwa\u017casz, \u017ce sytuacje towarzyskie s\u0105 wyczerpuj\u0105ce lub masz trudno\u015bci z utrzymaniem wysokiego poziomu energii przez ca\u0142\u0105 noc, LemonX zapewnia dodatkowy impuls, kt\u00f3rego potrzebujesz. Dzia\u0142a poprzez stymulacj\u0119 produkcji adrenaliny, utrzymuj\u0105c energi\u0119 i zaanga\u017cowanie przez wiele godzin. Dzi\u0119ki unikalnej mieszance naturalnych sk\u0142adnik\u00f3w, suplement ten pomaga cieszy\u0107 si\u0119 ka\u017cd\u0105 chwil\u0105 bez uczucia zm\u0119czenia. Niezale\u017cnie od tego, czy jeste\u015b na imprezie, czy na spotkaniu towarzyskim, LemonX zapewnia, \u017ce pozostaniesz \u017cywy, czujny i w pe\u0142ni zanurzony w do\u015bwiadczeniu. Jego dzia\u0142anie jest cz\u0119sto opisywane jako bezwysi\u0142kowy, przyjemny zastrzyk energii, kt\u00f3ry poprawia zar\u00f3wno nastr\u00f3j, jak i wytrzyma\u0142o\u015b\u0107.<\/p>\n<h2>Historia LemonX<\/h2>\n<p>LemonX zosta\u0142 opracowany w odpowiedzi na rosn\u0105ce zapotrzebowanie na naturalny, ale skuteczny spos\u00f3b na utrzymanie poziomu energii podczas d\u0142ugich imprez towarzyskich. Inspiracj\u0105 do stworzenia tego suplementu byli imprezowicze, kt\u00f3rzy chcieli dobrze si\u0119 bawi\u0107 bez do\u015bwiadczania spadk\u00f3w energii lub uzale\u017cnienia od sztucznych stymulant\u00f3w. Przez lata naukowcy dopracowywali formu\u0142\u0119, zapewniaj\u0105c idealn\u0105 r\u00f3wnowag\u0119 naturalnych ekstrakt\u00f3w i niezb\u0119dnych witamin. Zastosowanie dobrze znanych, popartych naukowo sk\u0142adnik\u00f3w, takich jak kofeina i niacyna, zapewnia skuteczno\u015b\u0107 bez uszczerbku dla bezpiecze\u0144stwa. LemonX szybko zyska\u0142 popularno\u015b\u0107 w\u015br\u00f3d bywalc\u00f3w festiwali, entuzjast\u00f3w klub\u00f3w i ka\u017cdego, kto szuka niezawodnego sposobu na utrzymanie aktywno\u015bci i zaanga\u017cowania. Dzi\u015b pozostaje suplementem dla tych, kt\u00f3rzy chc\u0105 zwi\u0119kszy\u0107 swoj\u0105 energi\u0119 i do\u015bwiadczenie spo\u0142eczne bez szkodliwych skutk\u00f3w ubocznych.<\/p>\n<h2>Jak korzysta\u0107 z LemonX<\/h2>\n<p>Aby osi\u0105gn\u0105\u0107 najlepsze rezultaty, nale\u017cy za\u017cy\u0107 od 1 do 2 kapsu\u0142ek LemonX na oko\u0142o 30 minut przed zwi\u0119kszeniem zapotrzebowania na energi\u0119. W razie potrzeby mo\u017cna przyj\u0105\u0107 do 3 lub 4 kapsu\u0142ek, ale nie nale\u017cy przekracza\u0107 maksymalnej dawki 4 kapsu\u0142ek na 24 godziny. Taki harmonogram zapewnia, \u017ce sk\u0142adniki aktywne s\u0105 w pe\u0142ni wch\u0142aniane i gotowe do zwi\u0119kszenia poziomu energii, gdy s\u0105 najbardziej potrzebne. Unikaj przyjmowania LemonX zbyt blisko pory snu, poniewa\u017c jego stymuluj\u0105ce dzia\u0142anie mo\u017ce zak\u0142\u00f3ca\u0107 sen. Podczas stosowania LemonX nale\u017cy pozosta\u0107 nawodnionym, poniewa\u017c odpowiednie nawodnienie wspomaga metabolizm energetyczny i og\u00f3lne samopoczucie. Aby uzyska\u0107 najlepsze rezultaty, po\u0142\u0105cz LemonX ze zr\u00f3wnowa\u017con\u0105 diet\u0105 i zdrowym stylem \u017cycia, aby zmaksymalizowa\u0107 jego korzy\u015bci.<\/p>\n<h2>Sk\u0142adniki LemonX<\/h2>\n<p>LemonX zawiera starannie dobran\u0105 mieszank\u0119 naturalnych sk\u0142adnik\u00f3w, z kt\u00f3rych ka\u017cdy przyczynia si\u0119 do jego silnego dzia\u0142ania zwi\u0119kszaj\u0105cego energi\u0119:<\/p>\n<ul data-spread=\"false\">\n<li><strong>Kofeina:<\/strong> Naturalnie wyst\u0119puj\u0105ca w kawie i herbacie kofeina zwi\u0119ksza czujno\u015b\u0107 i zmniejsza zm\u0119czenie, pomagaj\u0105c zachowa\u0107 energi\u0119 przez d\u0142u\u017cszy czas.<\/li>\n<li><strong>GABA:<\/strong> Pomaga si\u0119 zrelaksowa\u0107 i zmniejsza stres, r\u00f3wnowa\u017c\u0105c stymuluj\u0105ce dzia\u0142anie kofeiny i zapobiegaj\u0105c dr\u017ceniu.<\/li>\n<li><strong>Citrus Aurantium:<\/strong> Sk\u0142adnik ten, znany r\u00f3wnie\u017c jako gorzka pomara\u0144cza, zwi\u0119ksza poziom energii i poprawia koncentracj\u0119 umys\u0142ow\u0105.<\/li>\n<li><strong>L-Cytrulina:<\/strong> Poprawia kr\u0105\u017cenie krwi, zapewniaj\u0105c mi\u0119\u015bniom wi\u0119cej tlenu i sk\u0142adnik\u00f3w od\u017cywczych, co zwi\u0119ksza wytrzyma\u0142o\u015b\u0107 i zmniejsza zm\u0119czenie.<\/li>\n<li><strong>Niacyna (witamina B3):<\/strong> Wspomaga metabolizm i produkcj\u0119 energii, jednocze\u015bnie promuj\u0105c jasno\u015b\u0107 umys\u0142u i og\u00f3lne samopoczucie.<\/li>\n<li><strong>Chlorek chromu:<\/strong> Pomaga regulowa\u0107 poziom cukru we krwi, zapobiegaj\u0105c spadkom energii i promuj\u0105c stabilny poziom energii.<\/li>\n<li><strong>DL-fenyloalanina:<\/strong> Wspomaga produkcj\u0119 neuroprzeka\u017anik\u00f3w, takich jak dopamina, poprawiaj\u0105c nastr\u00f3j i koncentracj\u0119.<\/li>\n<li><strong>Fenyloetyloamina (PEA):<\/strong> Zwi\u0105zek ten, naturalnie wyst\u0119puj\u0105cy w czekoladzie, poprawia nastr\u00f3j i czujno\u015b\u0107 umys\u0142ow\u0105, przyczyniaj\u0105c si\u0119 do og\u00f3lnego dobrego samopoczucia.<\/li>\n<\/ul>\n<p><strong>Ostrze\u017cenie:<\/strong><\/p>\n<p>Nie nale\u017cy stosowa\u0107 LemonX jako substytutu zbilansowanej diety. Przechowywa\u0107 w miejscu niedost\u0119pnym dla dzieci. Przeznaczony do stosowania wy\u0142\u0105cznie przez osoby powy\u017cej 18 roku \u017cycia. Nie stosowa\u0107 w przypadku wysokiego lub niskiego ci\u015bnienia krwi, chor\u00f3b serca, zaburze\u0144 tarczycy, chor\u00f3b nerek, depresji, stan\u00f3w l\u0119kowych lub przyjmowania inhibitor\u00f3w MAO. Unikaj nadmiernego spo\u017cywania alkoholu podczas korzystania z tego produktu. W razie w\u0105tpliwo\u015bci przed u\u017cyciem nale\u017cy skonsultowa\u0107 si\u0119 z lekarzem.<\/p>","protected":false},"excerpt":{"rendered":"<p>Szukasz zastrzyku energii, aby w pe\u0142ni cieszy\u0107 si\u0119 nocnym wyj\u015bciem? LemonX pomo\u017ce Ci sta\u0107 si\u0119 towarzyskim motylem, kt\u00f3rym naprawd\u0119 jeste\u015b. Te naturalne kapsu\u0142ki zwi\u0119kszaj\u0105 produkcj\u0119 adrenaliny, zapewniaj\u0105c energi\u0119, czujno\u015b\u0107 i gotowo\u015b\u0107 do przeta\u0144czenia ca\u0142ej nocy.<\/p>","protected":false},"featured_media":35916,"template":"","meta":[],"product_brand":[],"product_cat":[386,297,707,408,411,397,384],"product_tag":[],"class_list":{"0":"post-35898","1":"product","2":"type-product","3":"status-publish","4":"has-post-thumbnail","6":"product_cat-party-pills","7":"product_cat-all-products","8":"product_cat-buy-xtc","9":"product_cat-dnx","10":"product_cat-energy-pills","11":"product_cat-party","12":"product_cat-smartshop","14":"first","15":"instock","16":"taxable","17":"shipping-taxable","18":"purchasable","19":"product-type-variable","20":"has-default-attributes"},"_links":{"self":[{"href":"https:\/\/www.headshop.nl\/pl\/wp-json\/wp\/v2\/product\/35898","targetHints":{"allow":["GET"]}}],"collection":[{"href":"https:\/\/www.headshop.nl\/pl\/wp-json\/wp\/v2\/product"}],"about":[{"href":"https:\/\/www.headshop.nl\/pl\/wp-json\/wp\/v2\/types\/product"}],"wp:featuredmedia":[{"embeddable":true,"href":"https:\/\/www.headshop.nl\/pl\/wp-json\/wp\/v2\/media\/35916"}],"wp:attachment":[{"href":"https:\/\/www.headshop.nl\/pl\/wp-json\/wp\/v2\/media?parent=35898"}],"wp:term":[{"taxonomy":"product_brand","embeddable":true,"href":"https:\/\/www.headshop.nl\/pl\/wp-json\/wp\/v2\/product_brand?post=35898"},{"taxonomy":"product_cat","embeddable":true,"href":"https:\/\/www.headshop.nl\/pl\/wp-json\/wp\/v2\/product_cat?post=35898"},{"taxonomy":"product_tag","embeddable":true,"href":"https:\/\/www.headshop.nl\/pl\/wp-json\/wp\/v2\/product_tag?post=35898"}],"curies":[{"name":"wp","href":"https:\/\/api.w.org\/{rel}","templated":true}]}}