{"id":35879,"date":"2021-08-19T08:40:16","date_gmt":"2021-08-19T08:40:16","guid":{"rendered":"https:\/\/www.headshop.nl\/?post_type=product&#038;p=35879"},"modified":"2025-02-11T07:37:23","modified_gmt":"2025-02-11T07:37:23","slug":"mdnx-partypills","status":"publish","type":"product","link":"https:\/\/www.headshop.nl\/pl\/mdnx-partypills\/","title":{"rendered":"MDNX Partypills"},"content":{"rendered":"<h2 data-pm-slice=\"1 1 []\">Co to jest MDNX?<\/h2>\n<p>MDNX to naturalny suplement stworzony z my\u015bl\u0105 o mi\u0142o\u015bnikach imprez, kt\u00f3rzy chc\u0105 wzmocni\u0107 swoje doznania. Zapewnia przyp\u0142yw energii, zwi\u0119ksza poczucie szcz\u0119\u015bcia i poprawia interakcje spo\u0142eczne. W przeciwie\u0144stwie do sztucznych stymulant\u00f3w, MDNX zawiera naturalne sk\u0142adniki, kt\u00f3re harmonijnie wsp\u00f3\u0142graj\u0105 z organizmem. Niezale\u017cnie od tego, czy ta\u0144czysz na festiwalu, czy cieszysz si\u0119 kameralnym spotkaniem, MDNX zapewnia energi\u0119 i zaanga\u017cowanie.<\/p>\n<p>Efekty dzia\u0142ania MDNX s\u0105 cz\u0119sto opisywane jako intensywny zastrzyk energii, zwi\u0119kszona \u0142\u0105czno\u015b\u0107 emocjonalna i og\u00f3lny stan euforii. Unikalna mieszanka ekstrakt\u00f3w zio\u0142owych i aminokwas\u00f3w wspiera zar\u00f3wno wytrzyma\u0142o\u015b\u0107 psychiczn\u0105, jak i fizyczn\u0105, pomagaj\u0105c pozosta\u0107 w chwili bez p\u00f3\u017aniejszego za\u0142amania. Dzi\u0119ki MDNX Twoje noce stan\u0105 si\u0119 niezapomnianymi prze\u017cyciami pe\u0142nymi rado\u015bci i witalno\u015bci.<\/p>\n<h2>Historia MDNX<\/h2>\n<p>Koncepcja MDNX wywodzi si\u0119 z poszukiwania naturalnych alternatyw dla syntetycznych stymulant\u00f3w. Przez lata wielu imprezowicz\u00f3w szuka\u0142o sposob\u00f3w na zwi\u0119kszenie swoich dozna\u0144 bez negatywnych skutk\u00f3w ubocznych sztucznych substancji.<\/p>\n<p>MDNX zosta\u0142 opracowany poprzez po\u0142\u0105czenie staro\u017cytnych zio\u0142owych \u015brodk\u00f3w leczniczych z nowoczesnymi badaniami naukowymi. Sk\u0142adniki takie jak maca, kanna i imbir s\u0105 od wiek\u00f3w stosowane w tradycyjnej medycynie ze wzgl\u0119du na ich w\u0142a\u015bciwo\u015bci zwi\u0119kszaj\u0105ce energi\u0119 i poprawiaj\u0105ce nastr\u00f3j. Formu\u0142a MDNX \u0142\u0105czy te pot\u0119\u017cne sk\u0142adniki w spos\u00f3b, kt\u00f3ry wspiera zar\u00f3wno umys\u0142, jak i cia\u0142o, pozwalaj\u0105c u\u017cytkownikom cieszy\u0107 si\u0119 noc\u0105 bez obaw o za\u0142amanie nast\u0119pnego dnia.<\/p>\n<h2>Jak korzysta\u0107 z MDNX<\/h2>\n<p>Aby osi\u0105gn\u0105\u0107 najlepsze wyniki, nale\u017cy przyjmowa\u0107 od 1 do 2 kapsu\u0142ek na oko\u0142o 30 minut przed po\u017c\u0105danym efektem. W razie potrzeby mo\u017cna zwi\u0119kszy\u0107 dawk\u0119 do maksymalnie 4 kapsu\u0142ek w ci\u0105gu 24 godzin. Nie nale\u017cy przekracza\u0107 zalecanej dawki.<\/p>\n<p>MDNX jest przeznaczony do odpowiedzialnego u\u017cytkowania. Dzia\u0142a najlepiej w po\u0142\u0105czeniu z nawodnieniem i zbilansowan\u0105 diet\u0105. Niezale\u017cnie od tego, czy uderzasz na parkiet, cieszysz si\u0119 festiwalem muzycznym, czy spotykasz si\u0119 z przyjaci\u00f3\u0142mi, MDNX utrzymuje Ci\u0119 w najlepszej formie. Zawsze s\u0142uchaj swojego cia\u0142a i u\u017cywaj MDNX z umiarem, aby uzyska\u0107 najlepsze wra\u017cenia z imprezy.<\/p>\n<h2>Sk\u0142adniki MDNX<\/h2>\n<p>MDNX zawiera starannie dobran\u0105 mieszank\u0119 naturalnych sk\u0142adnik\u00f3w, kt\u00f3re wsp\u00f3\u0142pracuj\u0105 ze sob\u0105 w celu zwi\u0119kszenia energii i nastroju:<\/p>\n<ul data-spread=\"true\">\n<li><strong>Maca:<\/strong> Peruwia\u0144ski korze\u0144 znany ze swoich w\u0142a\u015bciwo\u015bci adaptogennych, maca zwi\u0119ksza wytrzyma\u0142o\u015b\u0107, poprawia nastr\u00f3j i poprawia og\u00f3lne samopoczucie. Pomaga r\u00f3wnie\u017c zr\u00f3wnowa\u017cy\u0107 hormony, co mo\u017ce prowadzi\u0107 do bardziej stabilnych i przyjemnych dozna\u0144.<\/li>\n<li><strong>Imbir:<\/strong> Ten pot\u0119\u017cny korze\u0144 wspomaga trawienie, zmniejsza nudno\u015bci i ma w\u0142a\u015bciwo\u015bci przeciwzapalne. Pomaga r\u00f3wnie\u017c utrzyma\u0107 poziom energii i czujno\u015b\u0107 przez ca\u0142\u0105 noc.<\/li>\n<li><strong>DL-fenyloalanina (DLPA):<\/strong> Aminokwas, kt\u00f3ry odgrywa kluczow\u0105 rol\u0119 w regulacji nastroju poprzez wp\u0142yw na neuroprzeka\u017aniki, takie jak dopamina i endorfiny. DLPA pomaga poprawi\u0107 koncentracj\u0119, zwi\u0119kszy\u0107 czujno\u015b\u0107 i zwi\u0119kszy\u0107 og\u00f3lne poczucie szcz\u0119\u015bcia.<\/li>\n<li><strong>Kofeina:<\/strong> Kofeina, b\u0119d\u0105ca naturalnym stymulantem, kt\u00f3ry zwi\u0119ksza energi\u0119 i czujno\u015b\u0107, wyd\u0142u\u017ca wytrzyma\u0142o\u015b\u0107 i wzmacnia dzia\u0142anie innych sk\u0142adnik\u00f3w. Pomaga zapobiega\u0107 zm\u0119czeniu, utrzymuj\u0105c aktywno\u015b\u0107 przez d\u0142u\u017cszy czas.<\/li>\n<li><strong>Kanna:<\/strong> Po\u0142udniowoafryka\u0144ska ro\u015blina znana ze swoich w\u0142a\u015bciwo\u015bci poprawiaj\u0105cych nastr\u00f3j. Kanna zwi\u0119ksza poziom serotoniny, zmniejsza niepok\u00f3j i promuje \u0142\u0105czno\u015b\u0107 spo\u0142eczn\u0105, dzi\u0119ki czemu interakcje s\u0105 przyjemniejsze i \u0142atwiejsze.<\/li>\n<\/ul>\n<p><strong>Ostrze\u017cenie:<\/strong> MDNX jest suplementem diety i nie powinien by\u0107 stosowany jako substytut zr\u00f3\u017cnicowanej diety. Przechowywa\u0107 w miejscu niedost\u0119pnym dla dzieci. Tylko dla os\u00f3b powy\u017cej 18 roku \u017cycia. Nie stosowa\u0107 w po\u0142\u0105czeniu z lekami, innymi stymulantami lub w przypadku chor\u00f3b serca, wysokiego\/niskiego ci\u015bnienia krwi, zaburze\u0144 tarczycy, chor\u00f3b nerek, depresji, stan\u00f3w l\u0119kowych lub innych problem\u00f3w ze zdrowiem fizycznym lub psychicznym. Nale\u017cy unika\u0107 nadmiernego spo\u017cycia alkoholu. W razie w\u0105tpliwo\u015bci przed u\u017cyciem nale\u017cy skonsultowa\u0107 si\u0119 z lekarzem.<\/p>","protected":false},"excerpt":{"rendered":"<p data-pm-slice=\"1 1 []\">Szukasz dodatkowego zastrzyku energii, kt\u00f3ry uatrakcyjni nocn\u0105 imprez\u0119? MDNX to naturalna pigu\u0142ka imprezowa zaprojektowana w celu podniesienia poziomu energii, poprawy nastroju i utrzymania dobrego samopoczucia przez ca\u0142\u0105 noc. Dzi\u0119ki starannie dobranym naturalnym sk\u0142adnikom, MDNX pomaga do\u015bwiadczy\u0107 euforycznych dozna\u0144 przy zachowaniu kontroli. \u017badnego kaca, tylko czysta przyjemno\u015b\u0107.<\/p>","protected":false},"featured_media":35920,"template":"","meta":[],"product_brand":[],"product_cat":[386,297,707,408,411,397,384],"product_tag":[],"class_list":{"0":"post-35879","1":"product","2":"type-product","3":"status-publish","4":"has-post-thumbnail","6":"product_cat-party-pills","7":"product_cat-all-products","8":"product_cat-buy-xtc","9":"product_cat-dnx","10":"product_cat-energy-pills","11":"product_cat-party","12":"product_cat-smartshop","14":"first","15":"instock","16":"taxable","17":"shipping-taxable","18":"purchasable","19":"product-type-variable","20":"has-default-attributes"},"_links":{"self":[{"href":"https:\/\/www.headshop.nl\/pl\/wp-json\/wp\/v2\/product\/35879","targetHints":{"allow":["GET"]}}],"collection":[{"href":"https:\/\/www.headshop.nl\/pl\/wp-json\/wp\/v2\/product"}],"about":[{"href":"https:\/\/www.headshop.nl\/pl\/wp-json\/wp\/v2\/types\/product"}],"wp:featuredmedia":[{"embeddable":true,"href":"https:\/\/www.headshop.nl\/pl\/wp-json\/wp\/v2\/media\/35920"}],"wp:attachment":[{"href":"https:\/\/www.headshop.nl\/pl\/wp-json\/wp\/v2\/media?parent=35879"}],"wp:term":[{"taxonomy":"product_brand","embeddable":true,"href":"https:\/\/www.headshop.nl\/pl\/wp-json\/wp\/v2\/product_brand?post=35879"},{"taxonomy":"product_cat","embeddable":true,"href":"https:\/\/www.headshop.nl\/pl\/wp-json\/wp\/v2\/product_cat?post=35879"},{"taxonomy":"product_tag","embeddable":true,"href":"https:\/\/www.headshop.nl\/pl\/wp-json\/wp\/v2\/product_tag?post=35879"}],"curies":[{"name":"wp","href":"https:\/\/api.w.org\/{rel}","templated":true}]}}