{"id":35836,"date":"2021-08-17T12:20:54","date_gmt":"2021-08-17T12:20:54","guid":{"rendered":"https:\/\/www.headshop.nl\/?post_type=product&#038;p=35836"},"modified":"2025-06-06T06:33:49","modified_gmt":"2025-06-06T06:33:49","slug":"mcsx-partypills","status":"publish","type":"product","link":"https:\/\/www.headshop.nl\/pl\/mcsx-partypills\/","title":{"rendered":"MCSX Partypills"},"content":{"rendered":"<h2>6 MCSX Partypills od HPA<\/h2>\n<p>Czy mo\u017cesz wykorzysta\u0107 sypialni\u0119 na swoj\u0105 korzy\u015b\u0107? Wypr\u00f3buj naturalne zio\u0142owe tabletki na seks MCSX dla kobiet, m\u0119\u017cczyzn i wszystkich pomi\u0119dzy. Produkty te zosta\u0142y zaprojektowane specjalnie z my\u015bl\u0105 o zwi\u0119kszeniu libido i wytrzyma\u0142o\u015bci, dzi\u0119ki czemu kiedy nadejdzie czas, aby kocha\u0107 si\u0119 przez ca\u0142\u0105 noc - nikt nie b\u0119dzie mia\u0142 wym\u00f3wek, \u017ce nie jest w stanie da\u0107 z siebie wszystkiego!<\/p>\n<p>Nie tylko pomagaj\u0105 one zwi\u0119kszy\u0107 energi\u0119 seksualn\u0105, ale tak\u017ce nie martwi\u0105 si\u0119 o to, \u017ce narz\u0119dzia zn\u00f3w zawiod\u0105. Przygotuj si\u0119 na ekscytuj\u0105cy wiecz\u00f3r!<\/p>\n<p>&nbsp;<\/p>","protected":false},"excerpt":{"rendered":"<p>MCSX to zio\u0142owy stymulator seksualny i libido. Zwi\u0119ksza przep\u0142yw krwi do potrzebnych mi\u0119\u015bni. Opr\u00f3cz zwi\u0119kszenia libido, daje mn\u00f3stwo energii, aby cieszy\u0107 si\u0119 d\u0142u\u017csz\u0105 noc\u0105 nami\u0119tno\u015bci. Zawiera 6 kapsu\u0142ek.<\/p>","protected":false},"featured_media":35812,"template":"","meta":[],"product_brand":[],"product_cat":[395,297,707,411,494,386,705,384],"product_tag":[],"class_list":{"0":"post-35836","1":"product","2":"type-product","3":"status-publish","4":"has-post-thumbnail","6":"product_cat-aphrodisiacs","7":"product_cat-all-products","8":"product_cat-buy-xtc","9":"product_cat-energy-pills","10":"product_cat-hpa","11":"product_cat-party-pills","12":"product_cat-sex-shop","13":"product_cat-smartshop","14":"product_shipping_class-not-allowed-group-1","16":"first","17":"instock","18":"taxable","19":"shipping-taxable","20":"purchasable","21":"product-type-variable","22":"has-default-attributes"},"_links":{"self":[{"href":"https:\/\/www.headshop.nl\/pl\/wp-json\/wp\/v2\/product\/35836","targetHints":{"allow":["GET"]}}],"collection":[{"href":"https:\/\/www.headshop.nl\/pl\/wp-json\/wp\/v2\/product"}],"about":[{"href":"https:\/\/www.headshop.nl\/pl\/wp-json\/wp\/v2\/types\/product"}],"wp:featuredmedia":[{"embeddable":true,"href":"https:\/\/www.headshop.nl\/pl\/wp-json\/wp\/v2\/media\/35812"}],"wp:attachment":[{"href":"https:\/\/www.headshop.nl\/pl\/wp-json\/wp\/v2\/media?parent=35836"}],"wp:term":[{"taxonomy":"product_brand","embeddable":true,"href":"https:\/\/www.headshop.nl\/pl\/wp-json\/wp\/v2\/product_brand?post=35836"},{"taxonomy":"product_cat","embeddable":true,"href":"https:\/\/www.headshop.nl\/pl\/wp-json\/wp\/v2\/product_cat?post=35836"},{"taxonomy":"product_tag","embeddable":true,"href":"https:\/\/www.headshop.nl\/pl\/wp-json\/wp\/v2\/product_tag?post=35836"}],"curies":[{"name":"wp","href":"https:\/\/api.w.org\/{rel}","templated":true}]}}