{"id":35834,"date":"2021-08-17T12:20:50","date_gmt":"2021-08-17T12:20:50","guid":{"rendered":"https:\/\/www.headshop.nl\/?post_type=product&#038;p=35834"},"modified":"2025-10-10T01:26:26","modified_gmt":"2025-10-10T01:26:26","slug":"mdaa-partypills","status":"publish","type":"product","link":"https:\/\/www.headshop.nl\/pl\/mdaa-partypills\/","title":{"rendered":"MDAA Partypills"},"content":{"rendered":"<h2>6 MDAA Partypills od HPA<\/h2>\n<p>Jaki jest idealny spos\u00f3b na imprez\u0119? HPA MDAA! Ten zio\u0142owy suplement przeniesie Twoje doznania na zupe\u0142nie nowy poziom, bez niczego, co mog\u0142oby Ci zaszkodzi\u0107. Dzi\u0119ki naturalnym sk\u0142adnikom i ekstraktom zio\u0142owym - ta pigu\u0142ka sprawi, \u017ce b\u0119dziesz bardziej energiczny ni\u017c kiedykolwiek wcze\u015bniej, ciesz\u0105c si\u0119 cudownymi chwilami \u017cycia przy \u015bcie\u017ckach d\u017awi\u0119kowych o nieziemskiej jako\u015bci.<\/p>\n<p>HPA MDAA to zio\u0142owa alternatywa dla ulicznych pigu\u0142ek imprezowych! Zwi\u0119ksza witalno\u015b\u0107 i pomaga cieszy\u0107 si\u0119 wspania\u0142ym \u015bwiatem d\u017awi\u0119ku. Wype\u0142niona naturalnymi sk\u0142adnikami pigu\u0142ka pozwoli ci sp\u0119dzi\u0107 noc pe\u0142n\u0105 cud\u00f3w bez \u017cadnych skutk\u00f3w ubocznych nast\u0119pnego dnia. Jest to produkt dla ka\u017cdego, kto chce si\u0119 dobrze bawi\u0107 na imprezie, ale nie chce niczego z\u0142ego w zamian po spo\u017cyciu alkoholu lub narkotyk\u00f3w.<\/p>","protected":false},"excerpt":{"rendered":"<p>HPA MDAA to zio\u0142owa pigu\u0142ka na imprez\u0119, kt\u00f3ra zapewni Ci upojn\u0105 noc bez \u017cadnych skutk\u00f3w ubocznych. Ten naturalny produkt zawiera sk\u0142adniki, kt\u00f3re zwi\u0119kszaj\u0105 witalno\u015b\u0107 i u\u0142atwiaj\u0105 korzystanie z przyjemno\u015bci \u017cycia, takich jak muzyka! B\u0105d\u017a gotowy na imprez\u0119 przez ca\u0142\u0105 noc!<\/p>","protected":false},"featured_media":35816,"template":"","meta":[],"product_brand":[],"product_cat":[386,297,707,411,494,397,384],"product_tag":[],"class_list":{"0":"post-35834","1":"product","2":"type-product","3":"status-publish","4":"has-post-thumbnail","6":"product_cat-party-pills","7":"product_cat-all-products","8":"product_cat-buy-xtc","9":"product_cat-energy-pills","10":"product_cat-hpa","11":"product_cat-party","12":"product_cat-smartshop","13":"product_shipping_class-not-allowed-group-1","15":"first","16":"instock","17":"taxable","18":"shipping-taxable","19":"purchasable","20":"product-type-variable","21":"has-default-attributes"},"_links":{"self":[{"href":"https:\/\/www.headshop.nl\/pl\/wp-json\/wp\/v2\/product\/35834","targetHints":{"allow":["GET"]}}],"collection":[{"href":"https:\/\/www.headshop.nl\/pl\/wp-json\/wp\/v2\/product"}],"about":[{"href":"https:\/\/www.headshop.nl\/pl\/wp-json\/wp\/v2\/types\/product"}],"wp:featuredmedia":[{"embeddable":true,"href":"https:\/\/www.headshop.nl\/pl\/wp-json\/wp\/v2\/media\/35816"}],"wp:attachment":[{"href":"https:\/\/www.headshop.nl\/pl\/wp-json\/wp\/v2\/media?parent=35834"}],"wp:term":[{"taxonomy":"product_brand","embeddable":true,"href":"https:\/\/www.headshop.nl\/pl\/wp-json\/wp\/v2\/product_brand?post=35834"},{"taxonomy":"product_cat","embeddable":true,"href":"https:\/\/www.headshop.nl\/pl\/wp-json\/wp\/v2\/product_cat?post=35834"},{"taxonomy":"product_tag","embeddable":true,"href":"https:\/\/www.headshop.nl\/pl\/wp-json\/wp\/v2\/product_tag?post=35834"}],"curies":[{"name":"wp","href":"https:\/\/api.w.org\/{rel}","templated":true}]}}