{"id":35832,"date":"2021-08-17T12:20:42","date_gmt":"2021-08-17T12:20:42","guid":{"rendered":"https:\/\/www.headshop.nl\/?post_type=product&#038;p=35832"},"modified":"2025-06-06T06:31:12","modified_gmt":"2025-06-06T06:31:12","slug":"xtcy-partypills","status":"publish","type":"product","link":"https:\/\/www.headshop.nl\/pl\/xtcy-partypills\/","title":{"rendered":"XTCY Partypills"},"content":{"rendered":"<h2>6 XTCY Partypills od HPA<\/h2>\n<p>Je\u015bli chcesz przeta\u0144czy\u0107 ca\u0142\u0105 noc beztrosko, nie szukaj dalej! Zestaw pigu\u0142ek HPA XTCY Party zawiera wszystko, czego potrzebuje Tw\u00f3j organizm do niesamowitej zabawy z przyjaci\u00f3\u0142mi. Je\u015bli imprezowanie to za du\u017co jak na jeden dzie\u0144 i chcesz to powt\u00f3rzy\u0107 jutro, ten zestaw tabletek r\u00f3wnie\u017c to zapewni.<\/p>\n<p>Pomys\u0142owi imprezowicze, kt\u00f3rzy potrzebuj\u0105 kopa energii, powinni rozwa\u017cy\u0107 XTCY Energizers. Formu\u0142a \u0142\u0105czy w sobie naturalne sk\u0142adniki, zapewniaj\u0105c energetyzuj\u0105cy przyp\u0142yw energii, kt\u00f3ry jest idealny na imprezy i pomaga przetrwa\u0107 noc. Niekt\u00f3rzy u\u017cytkownicy uwa\u017caj\u0105, \u017ce jest on bardzo podobny do prawdziwego ecstasy, ale bez \u017cadnych skutk\u00f3w ubocznych!<\/p>\n<p>&nbsp;<\/p>","protected":false},"excerpt":{"rendered":"<p>Chcesz imprezowa\u0107 z przyjaci\u00f3\u0142mi przez ca\u0142\u0105 noc? Zestaw tabletek HPA XTCY Party zapewni ci naturalny zastrzyk energii, dzi\u0119ki czemu intensywniejsze ruchy taneczne nie b\u0119d\u0105 ci\u0119 m\u0119czy\u0107. Tabletki te s\u0105 r\u00f3wnie\u017c zdrow\u0105 alternatyw\u0105 dla toksycznych narkotyk\u00f3w ulicznych i s\u0105 wykonane z ca\u0142kowicie legalnych naturalnych sk\u0142adnik\u00f3w!<\/p>","protected":false},"featured_media":35824,"template":"","meta":[],"product_brand":[],"product_cat":[386,297,707,411,494,397,384],"product_tag":[],"class_list":{"0":"post-35832","1":"product","2":"type-product","3":"status-publish","4":"has-post-thumbnail","6":"product_cat-party-pills","7":"product_cat-all-products","8":"product_cat-buy-xtc","9":"product_cat-energy-pills","10":"product_cat-hpa","11":"product_cat-party","12":"product_cat-smartshop","13":"product_shipping_class-not-allowed-group-1","15":"first","16":"instock","17":"taxable","18":"shipping-taxable","19":"purchasable","20":"product-type-variable","21":"has-default-attributes"},"_links":{"self":[{"href":"https:\/\/www.headshop.nl\/pl\/wp-json\/wp\/v2\/product\/35832","targetHints":{"allow":["GET"]}}],"collection":[{"href":"https:\/\/www.headshop.nl\/pl\/wp-json\/wp\/v2\/product"}],"about":[{"href":"https:\/\/www.headshop.nl\/pl\/wp-json\/wp\/v2\/types\/product"}],"wp:featuredmedia":[{"embeddable":true,"href":"https:\/\/www.headshop.nl\/pl\/wp-json\/wp\/v2\/media\/35824"}],"wp:attachment":[{"href":"https:\/\/www.headshop.nl\/pl\/wp-json\/wp\/v2\/media?parent=35832"}],"wp:term":[{"taxonomy":"product_brand","embeddable":true,"href":"https:\/\/www.headshop.nl\/pl\/wp-json\/wp\/v2\/product_brand?post=35832"},{"taxonomy":"product_cat","embeddable":true,"href":"https:\/\/www.headshop.nl\/pl\/wp-json\/wp\/v2\/product_cat?post=35832"},{"taxonomy":"product_tag","embeddable":true,"href":"https:\/\/www.headshop.nl\/pl\/wp-json\/wp\/v2\/product_tag?post=35832"}],"curies":[{"name":"wp","href":"https:\/\/api.w.org\/{rel}","templated":true}]}}