{"id":35830,"date":"2021-08-17T12:20:41","date_gmt":"2021-08-17T12:20:41","guid":{"rendered":"https:\/\/www.headshop.nl\/?post_type=product&#038;p=35830"},"modified":"2025-06-06T06:34:03","modified_gmt":"2025-06-06T06:34:03","slug":"triple-xxx-partypills","status":"publish","type":"product","link":"https:\/\/www.headshop.nl\/pl\/triple-xxx-partypills\/","title":{"rendered":"Triple XXX Partypills"},"content":{"rendered":"<h2>6 Triple XXX Partypills od HPA<\/h2>\n<p>Tabletki imprezowe Triple XXX to najlepszy wyb\u00f3r dla tych, kt\u00f3rzy chc\u0105 mie\u0107 naprawd\u0119 niezapomnian\u0105 noc. Triple XXX jest wype\u0142niony naturalnymi sk\u0142adnikami, kt\u00f3re zapewniaj\u0105 podnosz\u0105ce na duchu i euforyczne doznania, a tak\u017ce troch\u0119 psychicznego hartu ducha, gdy jest to najbardziej potrzebne!<\/p>\n<p>Je\u015bli chcesz imprezowa\u0107 jak Holender w Amsterdamie, to Triple XXX jest pigu\u0142k\u0105 dla Ciebie. Tabletki te s\u0105 wykonane z naturalnych sk\u0142adnik\u00f3w, kt\u00f3re zapewniaj\u0105 zdrowe dawki energii i dobrych wibracji bez \u017cadnych sztucznych substancji lub niebezpiecznych skutk\u00f3w ubocznych.<\/p>\n<p>Triple XXX ma wszystkie zalety klasycznych narkotyk\u00f3w imprezowych, ale \u017cadnej z ich wad: nie uzale\u017cnia i nie powoduje halucynacji po przedawkowaniu! Nie martw si\u0119 zbytnio o swoj\u0105 w\u0105trob\u0119, poniewa\u017c tabletki te zawieraj\u0105 tylko dwa rodzaje stymulant\u00f3w (kofein\u0119 i guaran\u0119), kt\u00f3re zosta\u0142y udowodnione jako bezpieczne w r\u00f3\u017cnych badaniach medycznych.<\/p>\n<p>Tabletki imprezowe Triple XXX wype\u0142ni\u0105 Twoj\u0105 noc energi\u0105 i dobrymi wibracjami. To \u015bwietny wyb\u00f3r, je\u015bli nie tylko szukasz euforycznej pigu\u0142ki imprezowej, ale tak\u017ce chcesz doda\u0107 odrobin\u0119 mocy psychicznej!<\/p>","protected":false},"excerpt":{"rendered":"<p>Tabletki imprezowe Triple X zosta\u0142y zaprojektowane tak, aby Twoja noc w Amsterdamie by\u0142a jeszcze bardziej niesamowita. Te naturalne suplementy s\u0105 idealnym wyborem, je\u015bli chcesz euforycznego, energetycznego wieczoru wype\u0142nionego dobrymi wibracjami i si\u0142\u0105 psychiczn\u0105!<\/p>","protected":false},"featured_media":35820,"template":"","meta":[],"product_brand":[],"product_cat":[386,297,707,411,494,397,384],"product_tag":[],"class_list":{"0":"post-35830","1":"product","2":"type-product","3":"status-publish","4":"has-post-thumbnail","6":"product_cat-party-pills","7":"product_cat-all-products","8":"product_cat-buy-xtc","9":"product_cat-energy-pills","10":"product_cat-hpa","11":"product_cat-party","12":"product_cat-smartshop","13":"product_shipping_class-not-allowed-group-1","15":"first","16":"instock","17":"taxable","18":"shipping-taxable","19":"purchasable","20":"product-type-variable","21":"has-default-attributes"},"_links":{"self":[{"href":"https:\/\/www.headshop.nl\/pl\/wp-json\/wp\/v2\/product\/35830","targetHints":{"allow":["GET"]}}],"collection":[{"href":"https:\/\/www.headshop.nl\/pl\/wp-json\/wp\/v2\/product"}],"about":[{"href":"https:\/\/www.headshop.nl\/pl\/wp-json\/wp\/v2\/types\/product"}],"wp:featuredmedia":[{"embeddable":true,"href":"https:\/\/www.headshop.nl\/pl\/wp-json\/wp\/v2\/media\/35820"}],"wp:attachment":[{"href":"https:\/\/www.headshop.nl\/pl\/wp-json\/wp\/v2\/media?parent=35830"}],"wp:term":[{"taxonomy":"product_brand","embeddable":true,"href":"https:\/\/www.headshop.nl\/pl\/wp-json\/wp\/v2\/product_brand?post=35830"},{"taxonomy":"product_cat","embeddable":true,"href":"https:\/\/www.headshop.nl\/pl\/wp-json\/wp\/v2\/product_cat?post=35830"},{"taxonomy":"product_tag","embeddable":true,"href":"https:\/\/www.headshop.nl\/pl\/wp-json\/wp\/v2\/product_tag?post=35830"}],"curies":[{"name":"wp","href":"https:\/\/api.w.org\/{rel}","templated":true}]}}