{"id":35751,"date":"2021-08-17T08:58:20","date_gmt":"2021-08-17T08:58:20","guid":{"rendered":"https:\/\/www.headshop.nl\/?post_type=product&#038;p=35751"},"modified":"2022-09-19T14:03:24","modified_gmt":"2022-09-19T14:03:24","slug":"space-e-happycaps","status":"publish","type":"product","link":"https:\/\/www.headshop.nl\/pl\/space-e-happycaps\/","title":{"rendered":"Space E Happy Caps"},"content":{"rendered":"<h2>4 Partypills z Space E od HappyCaps<\/h2>\n<p>Idealne rozwi\u0105zanie na ka\u017cdy festiwal lub rave, Space E to psychodeliczna pigu\u0142ka zio\u0142owa, kt\u00f3ra zapewni ci mn\u00f3stwo energii i nowe psychodeliczne spojrzenie na \u017cycie.<\/p>\n<p>Space E to idealne zio\u0142owe rozwi\u0105zanie dla imprezowicz\u00f3w, kt\u00f3rzy chc\u0105 si\u0119 dobrze bawi\u0107. Mo\u017ce poprawi\u0107 nastr\u00f3j, zapewni\u0107 mn\u00f3stwo energii, zapewniaj\u0105c jednocze\u015bnie wyj\u0105tkowe psychodeliczne doznania. Idealny, je\u015bli wychodzisz z domu i chcesz uzyska\u0107 dodatkowy szum! Psy it up!<\/p>\n<p>Space-e od Happy Caps to imprezowa pigu\u0142ka, kt\u00f3ra zosta\u0142a zaprojektowana tak, aby\u015b czu\u0142 si\u0119 zar\u00f3wno zrelaksowany, jak i na haju. Jest idealna, gdy masz ochot\u0119 na intensywn\u0105 noc imprezowania lub po prostu relaks w domu z przyjaci\u00f3\u0142mi. Spodziewaj si\u0119 kosmicznego i nieco tripowego, ale energetycznego do\u015bwiadczenia!<\/p>","protected":false},"excerpt":{"rendered":"<p>Space E to idealna pigu\u0142ka na imprez\u0119, aby oderwa\u0107 si\u0119 od rzeczywisto\u015bci. Dzi\u0119ki temu doskonale nadaje si\u0119 na imprezy trance, poniewa\u017c twoja energia wzro\u015bnie i b\u0119dziesz mia\u0142 euforyczne do\u015bwiadczenie, kt\u00f3re jest r\u00f3wnie\u017c lekko psychodeliczne! Wszystko to bez \u017cadnych szalonych skutk\u00f3w ubocznych innych lek\u00f3w - tylko naturalne sk\u0142adniki Happy Caps.<\/p>","protected":false},"featured_media":47996,"template":"","meta":[],"product_brand":[],"product_cat":[412,297,707,409,397,386,384],"product_tag":[],"class_list":{"0":"post-35751","1":"product","2":"type-product","3":"status-publish","4":"has-post-thumbnail","6":"product_cat-trippy-pills","7":"product_cat-all-products","8":"product_cat-buy-xtc","9":"product_cat-happy-caps","10":"product_cat-party","11":"product_cat-party-pills","12":"product_cat-smartshop","14":"first","15":"instock","16":"taxable","17":"shipping-taxable","18":"purchasable","19":"product-type-variable","20":"has-default-attributes"},"_links":{"self":[{"href":"https:\/\/www.headshop.nl\/pl\/wp-json\/wp\/v2\/product\/35751","targetHints":{"allow":["GET"]}}],"collection":[{"href":"https:\/\/www.headshop.nl\/pl\/wp-json\/wp\/v2\/product"}],"about":[{"href":"https:\/\/www.headshop.nl\/pl\/wp-json\/wp\/v2\/types\/product"}],"wp:featuredmedia":[{"embeddable":true,"href":"https:\/\/www.headshop.nl\/pl\/wp-json\/wp\/v2\/media\/47996"}],"wp:attachment":[{"href":"https:\/\/www.headshop.nl\/pl\/wp-json\/wp\/v2\/media?parent=35751"}],"wp:term":[{"taxonomy":"product_brand","embeddable":true,"href":"https:\/\/www.headshop.nl\/pl\/wp-json\/wp\/v2\/product_brand?post=35751"},{"taxonomy":"product_cat","embeddable":true,"href":"https:\/\/www.headshop.nl\/pl\/wp-json\/wp\/v2\/product_cat?post=35751"},{"taxonomy":"product_tag","embeddable":true,"href":"https:\/\/www.headshop.nl\/pl\/wp-json\/wp\/v2\/product_tag?post=35751"}],"curies":[{"name":"wp","href":"https:\/\/api.w.org\/{rel}","templated":true}]}}