{"id":35749,"date":"2021-08-17T08:03:43","date_gmt":"2021-08-17T08:03:43","guid":{"rendered":"https:\/\/www.headshop.nl\/?post_type=product&#038;p=35749"},"modified":"2026-02-21T01:26:16","modified_gmt":"2026-02-21T01:26:16","slug":"sex-e-happycaps","status":"publish","type":"product","link":"https:\/\/www.headshop.nl\/pl\/sex-e-happycaps\/","title":{"rendered":"Sex E Happy Caps"},"content":{"rendered":"<h2>4 Partypills z Sex E od HappyCaps<\/h2>\n<p>Sex E Happy Caps b\u0119dzie idealnym dodatkiem do ka\u017cdego romantycznego wieczoru. Ta naturalna zio\u0142owa formu\u0142a dzia\u0142a jak afrodyzjak i mo\u017ce zwi\u0119kszy\u0107 libido, poprawi\u0107 wydajno\u015b\u0107 w \u0142\u00f3\u017cku i wiele wi\u0119cej!<\/p>\n<p>Dla tych, kt\u00f3rzy szukaj\u0105 pobudzaj\u0105cego libido, zmys\u0142owego wzmocnienia - jest to idealny afrodyzjak, kt\u00f3ry mo\u017ce by\u0107 stosowany przez oboje partner\u00f3w! Je\u015bli planujesz romantyczn\u0105 noc ze swoim partnerem i chcesz nape\u0142ni\u0107 powietrze energi\u0105 po\u017c\u0105dania, wyci\u0105gnij te pot\u0119\u017cne sk\u0142adniki.<\/p>\n<p>Pomog\u0105 ka\u017cdej osobie, kt\u00f3ra chce, aby jej \u017cycie seksualne eksplodowa\u0142o w co\u015b bardziej nami\u0119tnego ni\u017c kiedykolwiek wcze\u015bniej - ta formu\u0142a dzia\u0142a nawet na osoby bez do\u015bwiadczenia z innymi stymulantami lub narkotykami - po prostu otw\u00f3rz j\u0105 i ciesz si\u0119 doznaniami tak szybko, jak to mo\u017cliwe!<\/p>\n<p>Dla tych, kt\u00f3rzy planuj\u0105 stosowa\u0107 afrodyzjak, ten suplement jest idealny do zmys\u0142owego wzmocnienia. Stymulator libido b\u0119dzie p\u0142yn\u0105\u0142 z mi\u0142o\u015bci\u0105 i podnieceniem podczas romantycznych chwil intymno\u015bci. Ci, kt\u00f3rzy nie maj\u0105 do\u015bwiadczenia w innych stymulacjach, mog\u0105 po prostu si\u0119gn\u0105\u0107 po ten suplement, gdy chc\u0105 uzyska\u0107 dodatkowy zastrzyk energii!<\/p>","protected":false},"excerpt":{"rendered":"<p>Kiedy Ty i Tw\u00f3j partner macie ochot\u0119 na odrobin\u0119 szale\u0144stwa, si\u0119gnijcie po Sex E Happy Caps! Ta naturalna zio\u0142owa formu\u0142a dzia\u0142a jak afrodyzjak. Oznacza to, \u017ce mo\u017ce mi\u0119dzy innymi zwi\u0119kszy\u0107 libido i poprawi\u0107 wydajno\u015b\u0107 w \u0142\u00f3\u017cku. Je\u015bli to nie zmieni si\u0119 w romans w mgnieniu oka, nie wiemy, co zadzia\u0142a!<\/p>","protected":false},"featured_media":47994,"template":"","meta":[],"product_brand":[],"product_cat":[395,297,707,411,409,386,705,384],"product_tag":[],"class_list":{"0":"post-35749","1":"product","2":"type-product","3":"status-publish","4":"has-post-thumbnail","6":"product_cat-aphrodisiacs","7":"product_cat-all-products","8":"product_cat-buy-xtc","9":"product_cat-energy-pills","10":"product_cat-happy-caps","11":"product_cat-party-pills","12":"product_cat-sex-shop","13":"product_cat-smartshop","15":"first","16":"instock","17":"taxable","18":"shipping-taxable","19":"purchasable","20":"product-type-variable","21":"has-default-attributes"},"_links":{"self":[{"href":"https:\/\/www.headshop.nl\/pl\/wp-json\/wp\/v2\/product\/35749","targetHints":{"allow":["GET"]}}],"collection":[{"href":"https:\/\/www.headshop.nl\/pl\/wp-json\/wp\/v2\/product"}],"about":[{"href":"https:\/\/www.headshop.nl\/pl\/wp-json\/wp\/v2\/types\/product"}],"wp:featuredmedia":[{"embeddable":true,"href":"https:\/\/www.headshop.nl\/pl\/wp-json\/wp\/v2\/media\/47994"}],"wp:attachment":[{"href":"https:\/\/www.headshop.nl\/pl\/wp-json\/wp\/v2\/media?parent=35749"}],"wp:term":[{"taxonomy":"product_brand","embeddable":true,"href":"https:\/\/www.headshop.nl\/pl\/wp-json\/wp\/v2\/product_brand?post=35749"},{"taxonomy":"product_cat","embeddable":true,"href":"https:\/\/www.headshop.nl\/pl\/wp-json\/wp\/v2\/product_cat?post=35749"},{"taxonomy":"product_tag","embeddable":true,"href":"https:\/\/www.headshop.nl\/pl\/wp-json\/wp\/v2\/product_tag?post=35749"}],"curies":[{"name":"wp","href":"https:\/\/api.w.org\/{rel}","templated":true}]}}