{"id":35745,"date":"2021-08-17T07:34:08","date_gmt":"2021-08-17T07:34:08","guid":{"rendered":"https:\/\/www.headshop.nl\/?post_type=product&#038;p=35745"},"modified":"2025-12-31T01:26:25","modified_gmt":"2025-12-31T01:26:25","slug":"heavenly-e-happycaps","status":"publish","type":"product","link":"https:\/\/www.headshop.nl\/pl\/heavenly-e-happycaps\/","title":{"rendered":"Heavenly E Happy Caps"},"content":{"rendered":"<h2>4 Partypills z Heavenly E od HappyCaps<\/h2>\n<p>Relaxing jest \u0142atwy, gdy wiesz, co robi\u0107. Kapsu\u0142ki Heavenly E od Happy Caps to co\u015b w sam raz na wiecz\u00f3r pe\u0142en dobrego samopoczucia! Te silne naturalne pigu\u0142ki sprawi\u0105, \u017ce poczujesz si\u0119 zrelaksowany, z\u0142agodzisz stres i pozytywne uczucia przep\u0142yn\u0105 przez ka\u017cd\u0105 cz\u0119\u015b\u0107 twojego cia\u0142a - a tak\u017ce og\u00f3lnie poprawisz nastr\u00f3j dzi\u0119ki zdrowej dawce koj\u0105cych uczu\u0107.<\/p>\n<p>Zapomnij o wszelkich problemach, kt\u00f3re mog\u0105 by\u0107 na twoim talerzu: ciesz si\u0119 t\u0105 woln\u0105 noc\u0105, nie martwi\u0105c si\u0119 ju\u017c nigdy wi\u0119cej, poniewa\u017c ta kapsu\u0142ka mo\u017ce pozby\u0107 si\u0119 wszystkiego, co negatywne lub stresuj\u0105ce, rzucane na nich jak prawdziwy szef!<\/p>\n<p>Ten \u015brodek uspokajaj\u0105cy jest wspania\u0142\u0105 alternatyw\u0105 dla tych, kt\u00f3rzy chc\u0105 si\u0119 zrelaksowa\u0107 pod koniec dnia. Nie sprawi, \u017ce b\u0119dziesz ospa\u0142y, ale wprowadzi tw\u00f3j umys\u0142 w spokojne miejsce, w kt\u00f3rym wszystkie zmartwienia wydaj\u0105 si\u0119 niczym.<\/p>\n<p>Ta pigu\u0142ka zapewnia ulg\u0119 w stresie, a nawet troch\u0119 energii! Najlepsze praktyki obejmuj\u0105 przytulne wieczory samemu lub z przyjaci\u00f3\u0142mi \/ rodzin\u0105; ten zio\u0142owy suplement mo\u017ce by\u0107 w\u0142a\u015bnie tym, czego potrzebujesz po d\u0142ugim ci\u0119\u017ckim dniu, kiedy wszystko wydaje si\u0119 zbyt wiele - pu\u015b\u0107 ten ci\u0119\u017car na ramionach.<\/p>","protected":false},"excerpt":{"rendered":"<p>Kapsu\u0142ki Heavenly E od Happy Caps z pewno\u015bci\u0105 sprawi\u0105, \u017ce poczujesz si\u0119, jakby wszystkie zmartwienia znikn\u0119\u0142y. Formu\u0142a wykonana jest z naturalnych sk\u0142adnik\u00f3w i zapewnia, \u017ce stres nie we\u017amie na siebie tego, co najlepsze, jednocze\u015bnie poprawiaj\u0105c nastr\u00f3j i podnosz\u0105c na duchu!<\/p>","protected":false},"featured_media":47986,"template":"","meta":[],"product_brand":[],"product_cat":[386,297,707,409,396,413,384],"product_tag":[],"class_list":{"0":"post-35745","1":"product","2":"type-product","3":"status-publish","4":"has-post-thumbnail","6":"product_cat-party-pills","7":"product_cat-all-products","8":"product_cat-buy-xtc","9":"product_cat-happy-caps","10":"product_cat-relax","11":"product_cat-relax-pills","12":"product_cat-smartshop","14":"first","15":"instock","16":"taxable","17":"shipping-taxable","18":"purchasable","19":"product-type-variable","20":"has-default-attributes"},"_links":{"self":[{"href":"https:\/\/www.headshop.nl\/pl\/wp-json\/wp\/v2\/product\/35745","targetHints":{"allow":["GET"]}}],"collection":[{"href":"https:\/\/www.headshop.nl\/pl\/wp-json\/wp\/v2\/product"}],"about":[{"href":"https:\/\/www.headshop.nl\/pl\/wp-json\/wp\/v2\/types\/product"}],"wp:featuredmedia":[{"embeddable":true,"href":"https:\/\/www.headshop.nl\/pl\/wp-json\/wp\/v2\/media\/47986"}],"wp:attachment":[{"href":"https:\/\/www.headshop.nl\/pl\/wp-json\/wp\/v2\/media?parent=35745"}],"wp:term":[{"taxonomy":"product_brand","embeddable":true,"href":"https:\/\/www.headshop.nl\/pl\/wp-json\/wp\/v2\/product_brand?post=35745"},{"taxonomy":"product_cat","embeddable":true,"href":"https:\/\/www.headshop.nl\/pl\/wp-json\/wp\/v2\/product_cat?post=35745"},{"taxonomy":"product_tag","embeddable":true,"href":"https:\/\/www.headshop.nl\/pl\/wp-json\/wp\/v2\/product_tag?post=35745"}],"curies":[{"name":"wp","href":"https:\/\/api.w.org\/{rel}","templated":true}]}}