{"id":35741,"date":"2021-08-17T07:33:56","date_gmt":"2021-08-17T07:33:56","guid":{"rendered":"https:\/\/www.headshop.nl\/?post_type=product&#038;p=35741"},"modified":"2025-06-06T06:34:21","modified_gmt":"2025-06-06T06:34:21","slug":"atomic-partypills","status":"publish","type":"product","link":"https:\/\/www.headshop.nl\/pl\/atomic-partypills\/","title":{"rendered":"Atomic Partypills"},"content":{"rendered":"<h2>6 Atomic Partypills od HPA<\/h2>\n<p>Czy kiedykolwiek by\u0142e\u015b tak napompowany energi\u0105, \u017ce ludzie wok\u00f3\u0142 ciebie czuli twoj\u0105 wibracj\u0119? C\u00f3\u017c, te tabletki zapewni\u0105 ci godziny nieprzerwanej, wysokoenergetycznej zabawy! Zapewni\u0105 zastrzyk energii dla umys\u0142u i cia\u0142a na ka\u017cd\u0105 okazj\u0119. Niezale\u017cnie od tego, czy to dlatego, \u017ce praca wyczerpa\u0142a ca\u0142\u0105 twoj\u0105 wytrzyma\u0142o\u015b\u0107, czy po prostu chcesz ostro poimprezowa\u0107 z przyjaci\u00f3\u0142mi - ta pigu\u0142ka jest idealna w dowolnym momencie jednej nocy!<\/p>\n<p>Jak sama nazwa wskazuje, je\u015bli szukasz bomby energetycznej, nie szukaj dalej ni\u017c tabletki Atomic Party. Ten niesamowity suplement zawiera naturalnie wyst\u0119puj\u0105ce sk\u0142adniki, kt\u00f3re mog\u0105 pom\u00f3c poprawi\u0107 zdolno\u015bci poznawcze, takie jak koncentracja, jednocze\u015bnie daj\u0105c u\u017cytkownikom d\u0142ugotrwa\u0142e przyp\u0142ywy energii przez ca\u0142y dzie\u0144, bez konieczno\u015bci p\u00f3\u017aniejszego za\u0142amania si\u0119 jej efektami.<\/p>\n<p>Te imprezowe pigu\u0142ki mog\u0105 by\u0107 prawdziw\u0105 bomb\u0105 energetyczn\u0105 i s\u0105 na\u0142adowane naturalnymi sk\u0142adnikami, kt\u00f3re mog\u0105 zwi\u0119kszy\u0107 twoje zdolno\u015bci poznawcze. Je\u015bli masz ochot\u0119 na powa\u017cn\u0105 imprez\u0119, te tabletki z pewno\u015bci\u0105 si\u0119 sprawdz\u0105!<\/p>","protected":false},"excerpt":{"rendered":"<p>Je\u015bli szukasz szybkiego i \u0142atwego sposobu na uzyskanie energii bomby atomowej, to tabletki imprezowe Atomic s\u0105 tym, czego potrzebujesz! Tabletki te nie tylko zwi\u0119ksz\u0105 twoje zdolno\u015bci poznawcze, ale tak\u017ce zawieraj\u0105 naturalne sk\u0142adniki, kt\u00f3re pomog\u0105 powstrzyma\u0107 kaca. Je\u015bli chodzi o ostre imprezowanie lub spanie do p\u00f3\u017ana podczas nauki do egzamin\u00f3w, te nocne kapsu\u0142ki s\u0105 tak samo przydatne w kampusie, jak przy ka\u017cdej innej okazji - wi\u0119c wypr\u00f3buj je ju\u017c dzi\u015b!<\/p>","protected":false},"featured_media":35828,"template":"","meta":[],"product_brand":[],"product_cat":[386,297,707,411,494,397,384],"product_tag":[],"class_list":{"0":"post-35741","1":"product","2":"type-product","3":"status-publish","4":"has-post-thumbnail","6":"product_cat-party-pills","7":"product_cat-all-products","8":"product_cat-buy-xtc","9":"product_cat-energy-pills","10":"product_cat-hpa","11":"product_cat-party","12":"product_cat-smartshop","13":"product_shipping_class-not-allowed-group-1","15":"first","16":"instock","17":"taxable","18":"shipping-taxable","19":"purchasable","20":"product-type-variable","21":"has-default-attributes"},"_links":{"self":[{"href":"https:\/\/www.headshop.nl\/pl\/wp-json\/wp\/v2\/product\/35741","targetHints":{"allow":["GET"]}}],"collection":[{"href":"https:\/\/www.headshop.nl\/pl\/wp-json\/wp\/v2\/product"}],"about":[{"href":"https:\/\/www.headshop.nl\/pl\/wp-json\/wp\/v2\/types\/product"}],"wp:featuredmedia":[{"embeddable":true,"href":"https:\/\/www.headshop.nl\/pl\/wp-json\/wp\/v2\/media\/35828"}],"wp:attachment":[{"href":"https:\/\/www.headshop.nl\/pl\/wp-json\/wp\/v2\/media?parent=35741"}],"wp:term":[{"taxonomy":"product_brand","embeddable":true,"href":"https:\/\/www.headshop.nl\/pl\/wp-json\/wp\/v2\/product_brand?post=35741"},{"taxonomy":"product_cat","embeddable":true,"href":"https:\/\/www.headshop.nl\/pl\/wp-json\/wp\/v2\/product_cat?post=35741"},{"taxonomy":"product_tag","embeddable":true,"href":"https:\/\/www.headshop.nl\/pl\/wp-json\/wp\/v2\/product_tag?post=35741"}],"curies":[{"name":"wp","href":"https:\/\/api.w.org\/{rel}","templated":true}]}}