{"id":35737,"date":"2021-08-17T07:33:52","date_gmt":"2021-08-17T07:33:52","guid":{"rendered":"https:\/\/www.headshop.nl\/?post_type=product&#038;p=35737"},"modified":"2025-12-31T01:26:25","modified_gmt":"2025-12-31T01:26:25","slug":"party-e-happycaps","status":"publish","type":"product","link":"https:\/\/www.headshop.nl\/pl\/party-e-happycaps\/","title":{"rendered":"Party E Happy Caps"},"content":{"rendered":"<h2>4 Partypills z Party E od HappyCaps<\/h2>\n<p>Kapsu\u0142ki Party E od Happy Caps zosta\u0142y specjalnie opracowane, aby\u015b m\u00f3g\u0142 prze\u017cy\u0107 wspania\u0142y wiecz\u00f3r. Dzi\u0119ki tabletkom Party E zapewniasz wi\u0119cej energii i nastroju na imprez\u0119! I tak, s\u0105 one r\u00f3wnie\u017c legalne - wi\u0119c nie musisz si\u0119 martwi\u0107, \u017ce wpadniesz w k\u0142opoty z tym niezno\u015bnym str\u00f3\u017cem prawa w twoim domu.<\/p>\n<p>By\u0107 mo\u017ce nadszed\u0142 czas, aby urozmaici\u0107 swoje \u017cycie towarzyskie, a je\u015bli szukasz zio\u0142owego sposobu, kt\u00f3ry zapewni Ci mn\u00f3stwo energii na czas imprezy - nie szukaj dalej! Najbardziej anga\u017cuj\u0105cy spo\u0142ecznie \u015brodek poprawiaj\u0105cy nastr\u00f3j jest r\u00f3wnie\u017c \u015bwietn\u0105 alternatyw\u0105, poniewa\u017c dostosowuje si\u0119 do tego, ile imprezujesz. Ta pigu\u0142ka zach\u0119ca do euforii podczas ka\u017cdej uroczysto\u015bci, wzmacniaj\u0105c si\u0119 mn\u00f3stwem r\u00f3\u017cnych zi\u00f3\u0142, takich jak li\u015b\u0107 Damiana i Passion Flower Extract.<\/p>\n<p>Je\u015bli chcesz imprezowa\u0107, jakby jutra mia\u0142o nie by\u0107, nie szukaj dalej ni\u017c ten wzmacniacz nastroju! Ta zio\u0142owa alternatywa zapewni ci przyp\u0142yw energii i mn\u00f3stwo euforii.<\/p>","protected":false},"excerpt":{"rendered":"<p>Czas na Party! Kapsu\u0142ki Party E od Happy Caps zapewni\u0105 Ci wspania\u0142y wiecz\u00f3r. Dzi\u0119ki tabletkom zapewnisz sobie wi\u0119cej energii i og\u00f3lnie poczujesz si\u0119 lepiej, a tak\u017ce b\u0119dziesz mie\u0107 niesamowit\u0105 imprez\u0119 ze wszystkimi znajomymi. Ponadto s\u0105 one oparte na naturalnych sk\u0142adnikach, wi\u0119c to jeszcze lepsza wiadomo\u015b\u0107, opr\u00f3cz tego, \u017ce s\u0105 r\u00f3wnie\u017c legalne!<\/p>","protected":false},"featured_media":47988,"template":"","meta":[],"product_brand":[],"product_cat":[386,297,707,411,409,397,384],"product_tag":[],"class_list":{"0":"post-35737","1":"product","2":"type-product","3":"status-publish","4":"has-post-thumbnail","6":"product_cat-party-pills","7":"product_cat-all-products","8":"product_cat-buy-xtc","9":"product_cat-energy-pills","10":"product_cat-happy-caps","11":"product_cat-party","12":"product_cat-smartshop","14":"first","15":"instock","16":"taxable","17":"shipping-taxable","18":"purchasable","19":"product-type-variable","20":"has-default-attributes"},"_links":{"self":[{"href":"https:\/\/www.headshop.nl\/pl\/wp-json\/wp\/v2\/product\/35737","targetHints":{"allow":["GET"]}}],"collection":[{"href":"https:\/\/www.headshop.nl\/pl\/wp-json\/wp\/v2\/product"}],"about":[{"href":"https:\/\/www.headshop.nl\/pl\/wp-json\/wp\/v2\/types\/product"}],"wp:featuredmedia":[{"embeddable":true,"href":"https:\/\/www.headshop.nl\/pl\/wp-json\/wp\/v2\/media\/47988"}],"wp:attachment":[{"href":"https:\/\/www.headshop.nl\/pl\/wp-json\/wp\/v2\/media?parent=35737"}],"wp:term":[{"taxonomy":"product_brand","embeddable":true,"href":"https:\/\/www.headshop.nl\/pl\/wp-json\/wp\/v2\/product_brand?post=35737"},{"taxonomy":"product_cat","embeddable":true,"href":"https:\/\/www.headshop.nl\/pl\/wp-json\/wp\/v2\/product_cat?post=35737"},{"taxonomy":"product_tag","embeddable":true,"href":"https:\/\/www.headshop.nl\/pl\/wp-json\/wp\/v2\/product_tag?post=35737"}],"curies":[{"name":"wp","href":"https:\/\/api.w.org\/{rel}","templated":true}]}}