{"id":35735,"date":"2021-08-17T07:33:50","date_gmt":"2021-08-17T07:33:50","guid":{"rendered":"https:\/\/www.headshop.nl\/?post_type=product&#038;p=35735"},"modified":"2025-12-31T01:26:25","modified_gmt":"2025-12-31T01:26:25","slug":"euphory-e-happycaps","status":"publish","type":"product","link":"https:\/\/www.headshop.nl\/pl\/euphory-e-happycaps\/","title":{"rendered":"Euphory E Happy Caps"},"content":{"rendered":"<h2>4 Partypills z Euphory E od HappyCaps<\/h2>\n<p>Euphory E nie jest typow\u0105 pigu\u0142k\u0105 imprezow\u0105. Ten zio\u0142owy suplement daje uczucie euforii, co mo\u017ce by\u0107 tym, czego niekt\u00f3rzy ludzie potrzebuj\u0105, aby ich noc by\u0142a jeszcze bardziej wyj\u0105tkowa!<\/p>\n<p>Imprezowe tabletki Euphory E od Happy Caps sprawi\u0105, \u017ce kolejny wiecz\u00f3r b\u0119dzie niezapomniany. Naturalna zio\u0142owa formu\u0142a zapewnia przyjemne i energetyczne uczucie, kt\u00f3remu towarzyszy ogromna satysfakcja, wi\u0119c mo\u017cesz u\u017cy\u0107 tych czapek na imprezie, aby atmosfera by\u0142a jeszcze pi\u0119kniejsza ni\u017c jest.<\/p>\n<p>Euphory E to imprezowa pigu\u0142ka, kt\u00f3ra sprawi, \u017ce Twoja noc zmieni si\u0119 z dobrej w \u015bwietn\u0105! Zawiera substancje poprawiaj\u0105ce nastr\u00f3j dla tych, kt\u00f3rzy potrzebuj\u0105 dodatkowego impulsu i pomaga poczu\u0107 si\u0119 pewniej podczas uroczysto\u015bci. Je\u015bli w\u0142a\u015bnie tego szukasz na t\u0119 wyj\u0105tkow\u0105 okazj\u0119, Euphory E jest najlepszym wyborem.<\/p>","protected":false},"excerpt":{"rendered":"<p>Tabletki imprezowe Euphory E to doskona\u0142y spos\u00f3b na udan\u0105 zabaw\u0119 na ka\u017cdej imprezie. Naturalna zio\u0142owa formu\u0142a zapewnia przyjemne i energiczne uczucie, kt\u00f3remu towarzyszy ogromna satysfakcja, dzi\u0119ki czemu mo\u017cesz poczu\u0107 si\u0119 niesamowicie podczas nast\u0119pnego spotkania towarzyskiego bez obawy o uzale\u017cnienie lub inne skutki uboczne.<\/p>","protected":false},"featured_media":47982,"template":"","meta":[],"product_brand":[],"product_cat":[386,297,707,411,409,384],"product_tag":[],"class_list":{"0":"post-35735","1":"product","2":"type-product","3":"status-publish","4":"has-post-thumbnail","6":"product_cat-party-pills","7":"product_cat-all-products","8":"product_cat-buy-xtc","9":"product_cat-energy-pills","10":"product_cat-happy-caps","11":"product_cat-smartshop","12":"product_shipping_class-not-allowed-group-1","14":"first","15":"instock","16":"taxable","17":"shipping-taxable","18":"purchasable","19":"product-type-variable","20":"has-default-attributes"},"_links":{"self":[{"href":"https:\/\/www.headshop.nl\/pl\/wp-json\/wp\/v2\/product\/35735","targetHints":{"allow":["GET"]}}],"collection":[{"href":"https:\/\/www.headshop.nl\/pl\/wp-json\/wp\/v2\/product"}],"about":[{"href":"https:\/\/www.headshop.nl\/pl\/wp-json\/wp\/v2\/types\/product"}],"wp:featuredmedia":[{"embeddable":true,"href":"https:\/\/www.headshop.nl\/pl\/wp-json\/wp\/v2\/media\/47982"}],"wp:attachment":[{"href":"https:\/\/www.headshop.nl\/pl\/wp-json\/wp\/v2\/media?parent=35735"}],"wp:term":[{"taxonomy":"product_brand","embeddable":true,"href":"https:\/\/www.headshop.nl\/pl\/wp-json\/wp\/v2\/product_brand?post=35735"},{"taxonomy":"product_cat","embeddable":true,"href":"https:\/\/www.headshop.nl\/pl\/wp-json\/wp\/v2\/product_cat?post=35735"},{"taxonomy":"product_tag","embeddable":true,"href":"https:\/\/www.headshop.nl\/pl\/wp-json\/wp\/v2\/product_tag?post=35735"}],"curies":[{"name":"wp","href":"https:\/\/api.w.org\/{rel}","templated":true}]}}